{"id":6894,"date":"2022-04-27T10:15:48","date_gmt":"2022-04-27T10:15:48","guid":{"rendered":"https:\/\/www.geatech.it\/attrezzatura-ferroviaria\/cle-dynamometrique\/"},"modified":"2022-04-27T10:15:48","modified_gmt":"2022-04-27T10:15:48","slug":"cle-dynamometrique","status":"publish","type":"product","link":"https:\/\/www.geatech.it\/fr\/attrezzatura-ferroviaria\/cle-dynamometrique\/","title":{"rendered":"CL\u00c9 DYNAMOM\u00c9TRIQUE"},"content":{"rendered":"<p>Cod.UC0045<br \/>\nChamp d&rsquo;utilisation: 200-2700Nm<br \/>\nPoids: max13.5kg<\/p>\n","protected":false},"excerpt":{"rendered":"<p>Cl\u00e9 dynamom\u00e9trique pour la v\u00e9rification de la bonne couple de sarrage pour les attaches type \u00ab\u00a0K\u00a0\u00bb et Vossloh. \u00c9quip\u00e9 d&rsquo;attache 1&Prime;.<\/p>\n","protected":false},"featured_media":6889,"template":"","meta":{"_et_pb_use_builder":"","_et_pb_old_content":"","_et_gb_content_width":""},"product_cat":[267],"product_tag":[],"yoast_head":"<!-- This site is optimized with the Yoast SEO plugin v22.9 - https:\/\/yoast.com\/wordpress\/plugins\/seo\/ -->\n<title>CL\u00c9 DYNAMOM\u00c9TRIQUE | Attrezzatura ferroviaria Geatech<\/title>\n<meta name=\"robots\" content=\"index, follow, max-snippet:-1, max-image-preview:large, max-video-preview:-1\" \/>\n<link rel=\"canonical\" href=\"https:\/\/www.geatech.it\/fr\/attrezzatura-ferroviaria\/cle-dynamometrique\/\" \/>\n<meta property=\"og:locale\" content=\"fr_FR\" \/>\n<meta property=\"og:type\" content=\"article\" \/>\n<meta property=\"og:title\" content=\"CL\u00c9 DYNAMOM\u00c9TRIQUE | Attrezzatura ferroviaria Geatech\" \/>\n<meta property=\"og:description\" content=\"Cl\u00e9 dynamom\u00e9trique pour la v\u00e9rification de la bonne couple de sarrage pour les attaches type &quot;K&quot; et Vossloh. \u00c9quip\u00e9 d&#039;attache 1&quot;.\" \/>\n<meta property=\"og:url\" content=\"https:\/\/www.geatech.it\/fr\/attrezzatura-ferroviaria\/cle-dynamometrique\/\" \/>\n<meta property=\"og:site_name\" content=\"Attrezzatura ferroviaria Geatech\" \/>\n<meta property=\"og:image\" content=\"https:\/\/www.geatech.it\/wp-content\/uploads\/2022\/04\/chiave-dinamometrica.jpg\" \/>\n\t<meta property=\"og:image:width\" content=\"450\" \/>\n\t<meta property=\"og:image:height\" content=\"490\" \/>\n\t<meta property=\"og:image:type\" content=\"image\/jpeg\" \/>\n<meta name=\"twitter:card\" content=\"summary_large_image\" \/>\n<script type=\"application\/ld+json\" class=\"yoast-schema-graph\">{\"@context\":\"https:\/\/schema.org\",\"@graph\":[{\"@type\":\"WebPage\",\"@id\":\"https:\/\/www.geatech.it\/fr\/attrezzatura-ferroviaria\/cle-dynamometrique\/\",\"url\":\"https:\/\/www.geatech.it\/fr\/attrezzatura-ferroviaria\/cle-dynamometrique\/\",\"name\":\"CL\u00c9 DYNAMOM\u00c9TRIQUE | Attrezzatura ferroviaria Geatech\",\"isPartOf\":{\"@id\":\"https:\/\/www.geatech.it\/#website\"},\"primaryImageOfPage\":{\"@id\":\"https:\/\/www.geatech.it\/fr\/attrezzatura-ferroviaria\/cle-dynamometrique\/#primaryimage\"},\"image\":{\"@id\":\"https:\/\/www.geatech.it\/fr\/attrezzatura-ferroviaria\/cle-dynamometrique\/#primaryimage\"},\"thumbnailUrl\":\"https:\/\/www.geatech.it\/wp-content\/uploads\/2022\/04\/chiave-dinamometrica.jpg\",\"datePublished\":\"2022-04-27T10:15:48+00:00\",\"dateModified\":\"2022-04-27T10:15:48+00:00\",\"breadcrumb\":{\"@id\":\"https:\/\/www.geatech.it\/fr\/attrezzatura-ferroviaria\/cle-dynamometrique\/#breadcrumb\"},\"inLanguage\":\"fr-FR\",\"potentialAction\":[{\"@type\":\"ReadAction\",\"target\":[\"https:\/\/www.geatech.it\/fr\/attrezzatura-ferroviaria\/cle-dynamometrique\/\"]}]},{\"@type\":\"ImageObject\",\"inLanguage\":\"fr-FR\",\"@id\":\"https:\/\/www.geatech.it\/fr\/attrezzatura-ferroviaria\/cle-dynamometrique\/#primaryimage\",\"url\":\"https:\/\/www.geatech.it\/wp-content\/uploads\/2022\/04\/chiave-dinamometrica.jpg\",\"contentUrl\":\"https:\/\/www.geatech.it\/wp-content\/uploads\/2022\/04\/chiave-dinamometrica.jpg\",\"width\":450,\"height\":490},{\"@type\":\"BreadcrumbList\",\"@id\":\"https:\/\/www.geatech.it\/fr\/attrezzatura-ferroviaria\/cle-dynamometrique\/#breadcrumb\",\"itemListElement\":[{\"@type\":\"ListItem\",\"position\":1,\"name\":\"Produits Geatech Group\",\"item\":\"https:\/\/www.geatech.it\/prodotti\/\"},{\"@type\":\"ListItem\",\"position\":2,\"name\":\"CL\u00c9 DYNAMOM\u00c9TRIQUE\"}]},{\"@type\":\"WebSite\",\"@id\":\"https:\/\/www.geatech.it\/#website\",\"url\":\"https:\/\/www.geatech.it\/\",\"name\":\"Attrezzatura ferroviaria Geatech\",\"description\":\"Geatech Group\",\"publisher\":{\"@id\":\"https:\/\/www.geatech.it\/#organization\"},\"potentialAction\":[{\"@type\":\"SearchAction\",\"target\":{\"@type\":\"EntryPoint\",\"urlTemplate\":\"https:\/\/www.geatech.it\/?s={search_term_string}\"},\"query-input\":\"required name=search_term_string\"}],\"inLanguage\":\"fr-FR\"},{\"@type\":\"Organization\",\"@id\":\"https:\/\/www.geatech.it\/#organization\",\"name\":\"Geatech Srl\",\"url\":\"https:\/\/www.geatech.it\/\",\"logo\":{\"@type\":\"ImageObject\",\"inLanguage\":\"fr-FR\",\"@id\":\"https:\/\/www.geatech.it\/#\/schema\/logo\/image\/\",\"url\":\"https:\/\/www.geatech.it\/wp-content\/uploads\/2020\/11\/Logo-varianti-giallo-grande.001.png\",\"contentUrl\":\"https:\/\/www.geatech.it\/wp-content\/uploads\/2020\/11\/Logo-varianti-giallo-grande.001.png\",\"width\":500,\"height\":200,\"caption\":\"Geatech Srl\"},\"image\":{\"@id\":\"https:\/\/www.geatech.it\/#\/schema\/logo\/image\/\"}}]}<\/script>\n<!-- \/ Yoast SEO plugin. -->","yoast_head_json":{"title":"CL\u00c9 DYNAMOM\u00c9TRIQUE | Attrezzatura ferroviaria Geatech","robots":{"index":"index","follow":"follow","max-snippet":"max-snippet:-1","max-image-preview":"max-image-preview:large","max-video-preview":"max-video-preview:-1"},"canonical":"https:\/\/www.geatech.it\/fr\/attrezzatura-ferroviaria\/cle-dynamometrique\/","og_locale":"fr_FR","og_type":"article","og_title":"CL\u00c9 DYNAMOM\u00c9TRIQUE | Attrezzatura ferroviaria Geatech","og_description":"Cl\u00e9 dynamom\u00e9trique pour la v\u00e9rification de la bonne couple de sarrage pour les attaches type \"K\" et Vossloh. \u00c9quip\u00e9 d'attache 1\".","og_url":"https:\/\/www.geatech.it\/fr\/attrezzatura-ferroviaria\/cle-dynamometrique\/","og_site_name":"Attrezzatura ferroviaria Geatech","og_image":[{"width":450,"height":490,"url":"https:\/\/www.geatech.it\/wp-content\/uploads\/2022\/04\/chiave-dinamometrica.jpg","type":"image\/jpeg"}],"twitter_card":"summary_large_image","schema":{"@context":"https:\/\/schema.org","@graph":[{"@type":"WebPage","@id":"https:\/\/www.geatech.it\/fr\/attrezzatura-ferroviaria\/cle-dynamometrique\/","url":"https:\/\/www.geatech.it\/fr\/attrezzatura-ferroviaria\/cle-dynamometrique\/","name":"CL\u00c9 DYNAMOM\u00c9TRIQUE | Attrezzatura ferroviaria Geatech","isPartOf":{"@id":"https:\/\/www.geatech.it\/#website"},"primaryImageOfPage":{"@id":"https:\/\/www.geatech.it\/fr\/attrezzatura-ferroviaria\/cle-dynamometrique\/#primaryimage"},"image":{"@id":"https:\/\/www.geatech.it\/fr\/attrezzatura-ferroviaria\/cle-dynamometrique\/#primaryimage"},"thumbnailUrl":"https:\/\/www.geatech.it\/wp-content\/uploads\/2022\/04\/chiave-dinamometrica.jpg","datePublished":"2022-04-27T10:15:48+00:00","dateModified":"2022-04-27T10:15:48+00:00","breadcrumb":{"@id":"https:\/\/www.geatech.it\/fr\/attrezzatura-ferroviaria\/cle-dynamometrique\/#breadcrumb"},"inLanguage":"fr-FR","potentialAction":[{"@type":"ReadAction","target":["https:\/\/www.geatech.it\/fr\/attrezzatura-ferroviaria\/cle-dynamometrique\/"]}]},{"@type":"ImageObject","inLanguage":"fr-FR","@id":"https:\/\/www.geatech.it\/fr\/attrezzatura-ferroviaria\/cle-dynamometrique\/#primaryimage","url":"https:\/\/www.geatech.it\/wp-content\/uploads\/2022\/04\/chiave-dinamometrica.jpg","contentUrl":"https:\/\/www.geatech.it\/wp-content\/uploads\/2022\/04\/chiave-dinamometrica.jpg","width":450,"height":490},{"@type":"BreadcrumbList","@id":"https:\/\/www.geatech.it\/fr\/attrezzatura-ferroviaria\/cle-dynamometrique\/#breadcrumb","itemListElement":[{"@type":"ListItem","position":1,"name":"Produits Geatech Group","item":"https:\/\/www.geatech.it\/prodotti\/"},{"@type":"ListItem","position":2,"name":"CL\u00c9 DYNAMOM\u00c9TRIQUE"}]},{"@type":"WebSite","@id":"https:\/\/www.geatech.it\/#website","url":"https:\/\/www.geatech.it\/","name":"Attrezzatura ferroviaria Geatech","description":"Geatech Group","publisher":{"@id":"https:\/\/www.geatech.it\/#organization"},"potentialAction":[{"@type":"SearchAction","target":{"@type":"EntryPoint","urlTemplate":"https:\/\/www.geatech.it\/?s={search_term_string}"},"query-input":"required name=search_term_string"}],"inLanguage":"fr-FR"},{"@type":"Organization","@id":"https:\/\/www.geatech.it\/#organization","name":"Geatech Srl","url":"https:\/\/www.geatech.it\/","logo":{"@type":"ImageObject","inLanguage":"fr-FR","@id":"https:\/\/www.geatech.it\/#\/schema\/logo\/image\/","url":"https:\/\/www.geatech.it\/wp-content\/uploads\/2020\/11\/Logo-varianti-giallo-grande.001.png","contentUrl":"https:\/\/www.geatech.it\/wp-content\/uploads\/2020\/11\/Logo-varianti-giallo-grande.001.png","width":500,"height":200,"caption":"Geatech Srl"},"image":{"@id":"https:\/\/www.geatech.it\/#\/schema\/logo\/image\/"}}]}},"_links":{"self":[{"href":"https:\/\/www.geatech.it\/fr\/wp-json\/wp\/v2\/product\/6894"}],"collection":[{"href":"https:\/\/www.geatech.it\/fr\/wp-json\/wp\/v2\/product"}],"about":[{"href":"https:\/\/www.geatech.it\/fr\/wp-json\/wp\/v2\/types\/product"}],"wp:featuredmedia":[{"embeddable":true,"href":"https:\/\/www.geatech.it\/fr\/wp-json\/wp\/v2\/media\/6889"}],"wp:attachment":[{"href":"https:\/\/www.geatech.it\/fr\/wp-json\/wp\/v2\/media?parent=6894"}],"wp:term":[{"taxonomy":"product_cat","embeddable":true,"href":"https:\/\/www.geatech.it\/fr\/wp-json\/wp\/v2\/product_cat?post=6894"},{"taxonomy":"product_tag","embeddable":true,"href":"https:\/\/www.geatech.it\/fr\/wp-json\/wp\/v2\/product_tag?post=6894"}],"curies":[{"name":"wp","href":"https:\/\/api.w.org\/{rel}","templated":true}]}}