{"id":6594,"date":"2022-04-27T10:14:34","date_gmt":"2022-04-27T10:14:34","guid":{"rendered":"https:\/\/www.geatech.it\/attrezzatura-ferroviaria\/chaine-pour-matisa-c330-4\/"},"modified":"2022-04-27T10:14:34","modified_gmt":"2022-04-27T10:14:34","slug":"chaine-pour-matisa-c330-4","status":"publish","type":"product","link":"https:\/\/www.geatech.it\/fr\/attrezzatura-ferroviaria\/chaine-pour-matisa-c330-4\/","title":{"rendered":"CHA\u00ceNE POUR MATISA C330"},"content":{"rendered":"","protected":false},"excerpt":{"rendered":"<p>Cha\u00eene compl\u00e8te en alliage de mangan\u00e8se pour degarnisseuse Matisa mod\u00e8le C330. Voies r\u00e9duits et 1 dents mobiles, hauter maulle 205mm.<\/p>\n","protected":false},"featured_media":6589,"template":"","meta":{"_et_pb_use_builder":"","_et_pb_old_content":"","_et_gb_content_width":""},"product_cat":[262],"product_tag":[],"yoast_head":"<!-- This site is optimized with the Yoast SEO plugin v22.9 - https:\/\/yoast.com\/wordpress\/plugins\/seo\/ -->\n<title>CHA\u00ceNE POUR MATISA C330 | Attrezzatura ferroviaria Geatech<\/title>\n<meta name=\"robots\" content=\"index, follow, max-snippet:-1, max-image-preview:large, max-video-preview:-1\" \/>\n<link rel=\"canonical\" href=\"https:\/\/www.geatech.it\/fr\/attrezzatura-ferroviaria\/chaine-pour-matisa-c330-4\/\" \/>\n<meta property=\"og:locale\" content=\"fr_FR\" \/>\n<meta property=\"og:type\" content=\"article\" \/>\n<meta property=\"og:title\" content=\"CHA\u00ceNE POUR MATISA C330 | Attrezzatura ferroviaria Geatech\" \/>\n<meta property=\"og:description\" content=\"Cha\u00eene compl\u00e8te en alliage de mangan\u00e8se pour degarnisseuse Matisa mod\u00e8le C330. Voies r\u00e9duits et 1 dents mobiles, hauter maulle 205mm.\" \/>\n<meta property=\"og:url\" content=\"https:\/\/www.geatech.it\/fr\/attrezzatura-ferroviaria\/chaine-pour-matisa-c330-4\/\" \/>\n<meta property=\"og:site_name\" content=\"Attrezzatura ferroviaria Geatech\" \/>\n<meta property=\"og:image\" content=\"https:\/\/www.geatech.it\/wp-content\/uploads\/2022\/04\/catena-completa-per-risanatrice-matisa-c330-3.jpg\" \/>\n\t<meta property=\"og:image:width\" content=\"450\" \/>\n\t<meta property=\"og:image:height\" content=\"490\" \/>\n\t<meta property=\"og:image:type\" content=\"image\/jpeg\" \/>\n<meta name=\"twitter:card\" content=\"summary_large_image\" \/>\n<script type=\"application\/ld+json\" class=\"yoast-schema-graph\">{\"@context\":\"https:\/\/schema.org\",\"@graph\":[{\"@type\":\"WebPage\",\"@id\":\"https:\/\/www.geatech.it\/fr\/attrezzatura-ferroviaria\/chaine-pour-matisa-c330-4\/\",\"url\":\"https:\/\/www.geatech.it\/fr\/attrezzatura-ferroviaria\/chaine-pour-matisa-c330-4\/\",\"name\":\"CHA\u00ceNE POUR MATISA C330 | Attrezzatura ferroviaria Geatech\",\"isPartOf\":{\"@id\":\"https:\/\/www.geatech.it\/#website\"},\"primaryImageOfPage\":{\"@id\":\"https:\/\/www.geatech.it\/fr\/attrezzatura-ferroviaria\/chaine-pour-matisa-c330-4\/#primaryimage\"},\"image\":{\"@id\":\"https:\/\/www.geatech.it\/fr\/attrezzatura-ferroviaria\/chaine-pour-matisa-c330-4\/#primaryimage\"},\"thumbnailUrl\":\"https:\/\/www.geatech.it\/wp-content\/uploads\/2022\/04\/catena-completa-per-risanatrice-matisa-c330-3.jpg\",\"datePublished\":\"2022-04-27T10:14:34+00:00\",\"dateModified\":\"2022-04-27T10:14:34+00:00\",\"breadcrumb\":{\"@id\":\"https:\/\/www.geatech.it\/fr\/attrezzatura-ferroviaria\/chaine-pour-matisa-c330-4\/#breadcrumb\"},\"inLanguage\":\"fr-FR\",\"potentialAction\":[{\"@type\":\"ReadAction\",\"target\":[\"https:\/\/www.geatech.it\/fr\/attrezzatura-ferroviaria\/chaine-pour-matisa-c330-4\/\"]}]},{\"@type\":\"ImageObject\",\"inLanguage\":\"fr-FR\",\"@id\":\"https:\/\/www.geatech.it\/fr\/attrezzatura-ferroviaria\/chaine-pour-matisa-c330-4\/#primaryimage\",\"url\":\"https:\/\/www.geatech.it\/wp-content\/uploads\/2022\/04\/catena-completa-per-risanatrice-matisa-c330-3.jpg\",\"contentUrl\":\"https:\/\/www.geatech.it\/wp-content\/uploads\/2022\/04\/catena-completa-per-risanatrice-matisa-c330-3.jpg\",\"width\":450,\"height\":490},{\"@type\":\"BreadcrumbList\",\"@id\":\"https:\/\/www.geatech.it\/fr\/attrezzatura-ferroviaria\/chaine-pour-matisa-c330-4\/#breadcrumb\",\"itemListElement\":[{\"@type\":\"ListItem\",\"position\":1,\"name\":\"Produits Geatech Group\",\"item\":\"https:\/\/www.geatech.it\/prodotti\/\"},{\"@type\":\"ListItem\",\"position\":2,\"name\":\"CHA\u00ceNE POUR MATISA C330\"}]},{\"@type\":\"WebSite\",\"@id\":\"https:\/\/www.geatech.it\/#website\",\"url\":\"https:\/\/www.geatech.it\/\",\"name\":\"Attrezzatura ferroviaria Geatech\",\"description\":\"Geatech Group\",\"publisher\":{\"@id\":\"https:\/\/www.geatech.it\/#organization\"},\"potentialAction\":[{\"@type\":\"SearchAction\",\"target\":{\"@type\":\"EntryPoint\",\"urlTemplate\":\"https:\/\/www.geatech.it\/?s={search_term_string}\"},\"query-input\":\"required name=search_term_string\"}],\"inLanguage\":\"fr-FR\"},{\"@type\":\"Organization\",\"@id\":\"https:\/\/www.geatech.it\/#organization\",\"name\":\"Geatech Srl\",\"url\":\"https:\/\/www.geatech.it\/\",\"logo\":{\"@type\":\"ImageObject\",\"inLanguage\":\"fr-FR\",\"@id\":\"https:\/\/www.geatech.it\/#\/schema\/logo\/image\/\",\"url\":\"https:\/\/www.geatech.it\/wp-content\/uploads\/2020\/11\/Logo-varianti-giallo-grande.001.png\",\"contentUrl\":\"https:\/\/www.geatech.it\/wp-content\/uploads\/2020\/11\/Logo-varianti-giallo-grande.001.png\",\"width\":500,\"height\":200,\"caption\":\"Geatech Srl\"},\"image\":{\"@id\":\"https:\/\/www.geatech.it\/#\/schema\/logo\/image\/\"}}]}<\/script>\n<!-- \/ Yoast SEO plugin. -->","yoast_head_json":{"title":"CHA\u00ceNE POUR MATISA C330 | Attrezzatura ferroviaria Geatech","robots":{"index":"index","follow":"follow","max-snippet":"max-snippet:-1","max-image-preview":"max-image-preview:large","max-video-preview":"max-video-preview:-1"},"canonical":"https:\/\/www.geatech.it\/fr\/attrezzatura-ferroviaria\/chaine-pour-matisa-c330-4\/","og_locale":"fr_FR","og_type":"article","og_title":"CHA\u00ceNE POUR MATISA C330 | Attrezzatura ferroviaria Geatech","og_description":"Cha\u00eene compl\u00e8te en alliage de mangan\u00e8se pour degarnisseuse Matisa mod\u00e8le C330. Voies r\u00e9duits et 1 dents mobiles, hauter maulle 205mm.","og_url":"https:\/\/www.geatech.it\/fr\/attrezzatura-ferroviaria\/chaine-pour-matisa-c330-4\/","og_site_name":"Attrezzatura ferroviaria Geatech","og_image":[{"width":450,"height":490,"url":"https:\/\/www.geatech.it\/wp-content\/uploads\/2022\/04\/catena-completa-per-risanatrice-matisa-c330-3.jpg","type":"image\/jpeg"}],"twitter_card":"summary_large_image","schema":{"@context":"https:\/\/schema.org","@graph":[{"@type":"WebPage","@id":"https:\/\/www.geatech.it\/fr\/attrezzatura-ferroviaria\/chaine-pour-matisa-c330-4\/","url":"https:\/\/www.geatech.it\/fr\/attrezzatura-ferroviaria\/chaine-pour-matisa-c330-4\/","name":"CHA\u00ceNE POUR MATISA C330 | Attrezzatura ferroviaria Geatech","isPartOf":{"@id":"https:\/\/www.geatech.it\/#website"},"primaryImageOfPage":{"@id":"https:\/\/www.geatech.it\/fr\/attrezzatura-ferroviaria\/chaine-pour-matisa-c330-4\/#primaryimage"},"image":{"@id":"https:\/\/www.geatech.it\/fr\/attrezzatura-ferroviaria\/chaine-pour-matisa-c330-4\/#primaryimage"},"thumbnailUrl":"https:\/\/www.geatech.it\/wp-content\/uploads\/2022\/04\/catena-completa-per-risanatrice-matisa-c330-3.jpg","datePublished":"2022-04-27T10:14:34+00:00","dateModified":"2022-04-27T10:14:34+00:00","breadcrumb":{"@id":"https:\/\/www.geatech.it\/fr\/attrezzatura-ferroviaria\/chaine-pour-matisa-c330-4\/#breadcrumb"},"inLanguage":"fr-FR","potentialAction":[{"@type":"ReadAction","target":["https:\/\/www.geatech.it\/fr\/attrezzatura-ferroviaria\/chaine-pour-matisa-c330-4\/"]}]},{"@type":"ImageObject","inLanguage":"fr-FR","@id":"https:\/\/www.geatech.it\/fr\/attrezzatura-ferroviaria\/chaine-pour-matisa-c330-4\/#primaryimage","url":"https:\/\/www.geatech.it\/wp-content\/uploads\/2022\/04\/catena-completa-per-risanatrice-matisa-c330-3.jpg","contentUrl":"https:\/\/www.geatech.it\/wp-content\/uploads\/2022\/04\/catena-completa-per-risanatrice-matisa-c330-3.jpg","width":450,"height":490},{"@type":"BreadcrumbList","@id":"https:\/\/www.geatech.it\/fr\/attrezzatura-ferroviaria\/chaine-pour-matisa-c330-4\/#breadcrumb","itemListElement":[{"@type":"ListItem","position":1,"name":"Produits Geatech Group","item":"https:\/\/www.geatech.it\/prodotti\/"},{"@type":"ListItem","position":2,"name":"CHA\u00ceNE POUR MATISA C330"}]},{"@type":"WebSite","@id":"https:\/\/www.geatech.it\/#website","url":"https:\/\/www.geatech.it\/","name":"Attrezzatura ferroviaria Geatech","description":"Geatech Group","publisher":{"@id":"https:\/\/www.geatech.it\/#organization"},"potentialAction":[{"@type":"SearchAction","target":{"@type":"EntryPoint","urlTemplate":"https:\/\/www.geatech.it\/?s={search_term_string}"},"query-input":"required name=search_term_string"}],"inLanguage":"fr-FR"},{"@type":"Organization","@id":"https:\/\/www.geatech.it\/#organization","name":"Geatech Srl","url":"https:\/\/www.geatech.it\/","logo":{"@type":"ImageObject","inLanguage":"fr-FR","@id":"https:\/\/www.geatech.it\/#\/schema\/logo\/image\/","url":"https:\/\/www.geatech.it\/wp-content\/uploads\/2020\/11\/Logo-varianti-giallo-grande.001.png","contentUrl":"https:\/\/www.geatech.it\/wp-content\/uploads\/2020\/11\/Logo-varianti-giallo-grande.001.png","width":500,"height":200,"caption":"Geatech Srl"},"image":{"@id":"https:\/\/www.geatech.it\/#\/schema\/logo\/image\/"}}]}},"_links":{"self":[{"href":"https:\/\/www.geatech.it\/fr\/wp-json\/wp\/v2\/product\/6594"}],"collection":[{"href":"https:\/\/www.geatech.it\/fr\/wp-json\/wp\/v2\/product"}],"about":[{"href":"https:\/\/www.geatech.it\/fr\/wp-json\/wp\/v2\/types\/product"}],"wp:featuredmedia":[{"embeddable":true,"href":"https:\/\/www.geatech.it\/fr\/wp-json\/wp\/v2\/media\/6589"}],"wp:attachment":[{"href":"https:\/\/www.geatech.it\/fr\/wp-json\/wp\/v2\/media?parent=6594"}],"wp:term":[{"taxonomy":"product_cat","embeddable":true,"href":"https:\/\/www.geatech.it\/fr\/wp-json\/wp\/v2\/product_cat?post=6594"},{"taxonomy":"product_tag","embeddable":true,"href":"https:\/\/www.geatech.it\/fr\/wp-json\/wp\/v2\/product_tag?post=6594"}],"curies":[{"name":"wp","href":"https:\/\/api.w.org\/{rel}","templated":true}]}}