{"id":6546,"date":"2022-04-27T10:14:21","date_gmt":"2022-04-27T10:14:21","guid":{"rendered":"https:\/\/www.geatech.it\/attrezzatura-ferroviaria\/barres-anti-usure-avec-plaquettes-en-widia\/"},"modified":"2022-04-27T10:14:21","modified_gmt":"2022-04-27T10:14:21","slug":"barres-anti-usure-avec-plaquettes-en-widia","status":"publish","type":"product","link":"https:\/\/www.geatech.it\/fr\/attrezzatura-ferroviaria\/barres-anti-usure-avec-plaquettes-en-widia\/","title":{"rendered":"BARRES ANTI-USURE AVEC PLAQUETTES EN WIDIA"},"content":{"rendered":"<p>Cod.ZR1080: Barre antiusure de t\u00eate; L = 1m<br \/>\nCod.ZR1081: Barre antiusure central; L = 1m<\/p>\n","protected":false},"excerpt":{"rendered":"<p>Les barres anti-usure ont des plaquettes en carbure de tungst\u00e8ne (WIDIA) et sont soud\u00e9es sous les embouts des profileuses. Ce type de mat\u00e9riau est beaucoup plus r\u00e9sistant et durable que le m\u00e9tal couramment utilis\u00e9 dans les travaux d\u2019entretien de ballast. Deux types de barres sont disponibles : celles de t\u00eate et les barres interm\u00e9diaires. Les barres de t\u00eate ont l\u2019extr\u00e9mit\u00e9 avant biseaut\u00e9e.<\/p>\n","protected":false},"featured_media":6541,"template":"","meta":{"_et_pb_use_builder":"","_et_pb_old_content":"","_et_gb_content_width":""},"product_cat":[261],"product_tag":[],"yoast_head":"<!-- This site is optimized with the Yoast SEO plugin v22.9 - https:\/\/yoast.com\/wordpress\/plugins\/seo\/ -->\n<title>BARRES ANTI-USURE AVEC PLAQUETTES EN WIDIA | Attrezzatura ferroviaria Geatech<\/title>\n<meta name=\"robots\" content=\"index, follow, max-snippet:-1, max-image-preview:large, max-video-preview:-1\" \/>\n<link rel=\"canonical\" href=\"https:\/\/www.geatech.it\/fr\/attrezzatura-ferroviaria\/barres-anti-usure-avec-plaquettes-en-widia\/\" \/>\n<meta property=\"og:locale\" content=\"fr_FR\" \/>\n<meta property=\"og:type\" content=\"article\" \/>\n<meta property=\"og:title\" content=\"BARRES ANTI-USURE AVEC PLAQUETTES EN WIDIA | Attrezzatura ferroviaria Geatech\" \/>\n<meta property=\"og:description\" content=\"Les barres anti-usure ont des plaquettes en carbure de tungst\u00e8ne (WIDIA) et sont soud\u00e9es sous les embouts des profileuses. Ce type de mat\u00e9riau est beaucoup plus r\u00e9sistant et durable que le m\u00e9tal couramment utilis\u00e9 dans les travaux d\u2019entretien de ballast. Deux types de barres sont disponibles : celles de t\u00eate et les barres interm\u00e9diaires. Les barres de t\u00eate ont l\u2019extr\u00e9mit\u00e9 avant biseaut\u00e9e.\" \/>\n<meta property=\"og:url\" content=\"https:\/\/www.geatech.it\/fr\/attrezzatura-ferroviaria\/barres-anti-usure-avec-plaquettes-en-widia\/\" \/>\n<meta property=\"og:site_name\" content=\"Attrezzatura ferroviaria Geatech\" \/>\n<meta property=\"og:image\" content=\"https:\/\/www.geatech.it\/wp-content\/uploads\/2022\/04\/barre-antiusura-con-placchette-in-widia.jpg\" \/>\n\t<meta property=\"og:image:width\" content=\"450\" \/>\n\t<meta property=\"og:image:height\" content=\"490\" \/>\n\t<meta property=\"og:image:type\" content=\"image\/jpeg\" \/>\n<meta name=\"twitter:card\" content=\"summary_large_image\" \/>\n<script type=\"application\/ld+json\" class=\"yoast-schema-graph\">{\"@context\":\"https:\/\/schema.org\",\"@graph\":[{\"@type\":\"WebPage\",\"@id\":\"https:\/\/www.geatech.it\/fr\/attrezzatura-ferroviaria\/barres-anti-usure-avec-plaquettes-en-widia\/\",\"url\":\"https:\/\/www.geatech.it\/fr\/attrezzatura-ferroviaria\/barres-anti-usure-avec-plaquettes-en-widia\/\",\"name\":\"BARRES ANTI-USURE AVEC PLAQUETTES EN WIDIA | Attrezzatura ferroviaria Geatech\",\"isPartOf\":{\"@id\":\"https:\/\/www.geatech.it\/#website\"},\"primaryImageOfPage\":{\"@id\":\"https:\/\/www.geatech.it\/fr\/attrezzatura-ferroviaria\/barres-anti-usure-avec-plaquettes-en-widia\/#primaryimage\"},\"image\":{\"@id\":\"https:\/\/www.geatech.it\/fr\/attrezzatura-ferroviaria\/barres-anti-usure-avec-plaquettes-en-widia\/#primaryimage\"},\"thumbnailUrl\":\"https:\/\/www.geatech.it\/wp-content\/uploads\/2022\/04\/barre-antiusura-con-placchette-in-widia.jpg\",\"datePublished\":\"2022-04-27T10:14:21+00:00\",\"dateModified\":\"2022-04-27T10:14:21+00:00\",\"breadcrumb\":{\"@id\":\"https:\/\/www.geatech.it\/fr\/attrezzatura-ferroviaria\/barres-anti-usure-avec-plaquettes-en-widia\/#breadcrumb\"},\"inLanguage\":\"fr-FR\",\"potentialAction\":[{\"@type\":\"ReadAction\",\"target\":[\"https:\/\/www.geatech.it\/fr\/attrezzatura-ferroviaria\/barres-anti-usure-avec-plaquettes-en-widia\/\"]}]},{\"@type\":\"ImageObject\",\"inLanguage\":\"fr-FR\",\"@id\":\"https:\/\/www.geatech.it\/fr\/attrezzatura-ferroviaria\/barres-anti-usure-avec-plaquettes-en-widia\/#primaryimage\",\"url\":\"https:\/\/www.geatech.it\/wp-content\/uploads\/2022\/04\/barre-antiusura-con-placchette-in-widia.jpg\",\"contentUrl\":\"https:\/\/www.geatech.it\/wp-content\/uploads\/2022\/04\/barre-antiusura-con-placchette-in-widia.jpg\",\"width\":450,\"height\":490},{\"@type\":\"BreadcrumbList\",\"@id\":\"https:\/\/www.geatech.it\/fr\/attrezzatura-ferroviaria\/barres-anti-usure-avec-plaquettes-en-widia\/#breadcrumb\",\"itemListElement\":[{\"@type\":\"ListItem\",\"position\":1,\"name\":\"Produits Geatech Group\",\"item\":\"https:\/\/www.geatech.it\/prodotti\/\"},{\"@type\":\"ListItem\",\"position\":2,\"name\":\"BARRES ANTI-USURE AVEC PLAQUETTES EN WIDIA\"}]},{\"@type\":\"WebSite\",\"@id\":\"https:\/\/www.geatech.it\/#website\",\"url\":\"https:\/\/www.geatech.it\/\",\"name\":\"Attrezzatura ferroviaria Geatech\",\"description\":\"Geatech Group\",\"publisher\":{\"@id\":\"https:\/\/www.geatech.it\/#organization\"},\"potentialAction\":[{\"@type\":\"SearchAction\",\"target\":{\"@type\":\"EntryPoint\",\"urlTemplate\":\"https:\/\/www.geatech.it\/?s={search_term_string}\"},\"query-input\":\"required name=search_term_string\"}],\"inLanguage\":\"fr-FR\"},{\"@type\":\"Organization\",\"@id\":\"https:\/\/www.geatech.it\/#organization\",\"name\":\"Geatech Srl\",\"url\":\"https:\/\/www.geatech.it\/\",\"logo\":{\"@type\":\"ImageObject\",\"inLanguage\":\"fr-FR\",\"@id\":\"https:\/\/www.geatech.it\/#\/schema\/logo\/image\/\",\"url\":\"https:\/\/www.geatech.it\/wp-content\/uploads\/2020\/11\/Logo-varianti-giallo-grande.001.png\",\"contentUrl\":\"https:\/\/www.geatech.it\/wp-content\/uploads\/2020\/11\/Logo-varianti-giallo-grande.001.png\",\"width\":500,\"height\":200,\"caption\":\"Geatech Srl\"},\"image\":{\"@id\":\"https:\/\/www.geatech.it\/#\/schema\/logo\/image\/\"}}]}<\/script>\n<!-- \/ Yoast SEO plugin. -->","yoast_head_json":{"title":"BARRES ANTI-USURE AVEC PLAQUETTES EN WIDIA | Attrezzatura ferroviaria Geatech","robots":{"index":"index","follow":"follow","max-snippet":"max-snippet:-1","max-image-preview":"max-image-preview:large","max-video-preview":"max-video-preview:-1"},"canonical":"https:\/\/www.geatech.it\/fr\/attrezzatura-ferroviaria\/barres-anti-usure-avec-plaquettes-en-widia\/","og_locale":"fr_FR","og_type":"article","og_title":"BARRES ANTI-USURE AVEC PLAQUETTES EN WIDIA | Attrezzatura ferroviaria Geatech","og_description":"Les barres anti-usure ont des plaquettes en carbure de tungst\u00e8ne (WIDIA) et sont soud\u00e9es sous les embouts des profileuses. Ce type de mat\u00e9riau est beaucoup plus r\u00e9sistant et durable que le m\u00e9tal couramment utilis\u00e9 dans les travaux d\u2019entretien de ballast. Deux types de barres sont disponibles : celles de t\u00eate et les barres interm\u00e9diaires. Les barres de t\u00eate ont l\u2019extr\u00e9mit\u00e9 avant biseaut\u00e9e.","og_url":"https:\/\/www.geatech.it\/fr\/attrezzatura-ferroviaria\/barres-anti-usure-avec-plaquettes-en-widia\/","og_site_name":"Attrezzatura ferroviaria Geatech","og_image":[{"width":450,"height":490,"url":"https:\/\/www.geatech.it\/wp-content\/uploads\/2022\/04\/barre-antiusura-con-placchette-in-widia.jpg","type":"image\/jpeg"}],"twitter_card":"summary_large_image","schema":{"@context":"https:\/\/schema.org","@graph":[{"@type":"WebPage","@id":"https:\/\/www.geatech.it\/fr\/attrezzatura-ferroviaria\/barres-anti-usure-avec-plaquettes-en-widia\/","url":"https:\/\/www.geatech.it\/fr\/attrezzatura-ferroviaria\/barres-anti-usure-avec-plaquettes-en-widia\/","name":"BARRES ANTI-USURE AVEC PLAQUETTES EN WIDIA | Attrezzatura ferroviaria Geatech","isPartOf":{"@id":"https:\/\/www.geatech.it\/#website"},"primaryImageOfPage":{"@id":"https:\/\/www.geatech.it\/fr\/attrezzatura-ferroviaria\/barres-anti-usure-avec-plaquettes-en-widia\/#primaryimage"},"image":{"@id":"https:\/\/www.geatech.it\/fr\/attrezzatura-ferroviaria\/barres-anti-usure-avec-plaquettes-en-widia\/#primaryimage"},"thumbnailUrl":"https:\/\/www.geatech.it\/wp-content\/uploads\/2022\/04\/barre-antiusura-con-placchette-in-widia.jpg","datePublished":"2022-04-27T10:14:21+00:00","dateModified":"2022-04-27T10:14:21+00:00","breadcrumb":{"@id":"https:\/\/www.geatech.it\/fr\/attrezzatura-ferroviaria\/barres-anti-usure-avec-plaquettes-en-widia\/#breadcrumb"},"inLanguage":"fr-FR","potentialAction":[{"@type":"ReadAction","target":["https:\/\/www.geatech.it\/fr\/attrezzatura-ferroviaria\/barres-anti-usure-avec-plaquettes-en-widia\/"]}]},{"@type":"ImageObject","inLanguage":"fr-FR","@id":"https:\/\/www.geatech.it\/fr\/attrezzatura-ferroviaria\/barres-anti-usure-avec-plaquettes-en-widia\/#primaryimage","url":"https:\/\/www.geatech.it\/wp-content\/uploads\/2022\/04\/barre-antiusura-con-placchette-in-widia.jpg","contentUrl":"https:\/\/www.geatech.it\/wp-content\/uploads\/2022\/04\/barre-antiusura-con-placchette-in-widia.jpg","width":450,"height":490},{"@type":"BreadcrumbList","@id":"https:\/\/www.geatech.it\/fr\/attrezzatura-ferroviaria\/barres-anti-usure-avec-plaquettes-en-widia\/#breadcrumb","itemListElement":[{"@type":"ListItem","position":1,"name":"Produits Geatech Group","item":"https:\/\/www.geatech.it\/prodotti\/"},{"@type":"ListItem","position":2,"name":"BARRES ANTI-USURE AVEC PLAQUETTES EN WIDIA"}]},{"@type":"WebSite","@id":"https:\/\/www.geatech.it\/#website","url":"https:\/\/www.geatech.it\/","name":"Attrezzatura ferroviaria Geatech","description":"Geatech Group","publisher":{"@id":"https:\/\/www.geatech.it\/#organization"},"potentialAction":[{"@type":"SearchAction","target":{"@type":"EntryPoint","urlTemplate":"https:\/\/www.geatech.it\/?s={search_term_string}"},"query-input":"required name=search_term_string"}],"inLanguage":"fr-FR"},{"@type":"Organization","@id":"https:\/\/www.geatech.it\/#organization","name":"Geatech Srl","url":"https:\/\/www.geatech.it\/","logo":{"@type":"ImageObject","inLanguage":"fr-FR","@id":"https:\/\/www.geatech.it\/#\/schema\/logo\/image\/","url":"https:\/\/www.geatech.it\/wp-content\/uploads\/2020\/11\/Logo-varianti-giallo-grande.001.png","contentUrl":"https:\/\/www.geatech.it\/wp-content\/uploads\/2020\/11\/Logo-varianti-giallo-grande.001.png","width":500,"height":200,"caption":"Geatech Srl"},"image":{"@id":"https:\/\/www.geatech.it\/#\/schema\/logo\/image\/"}}]}},"_links":{"self":[{"href":"https:\/\/www.geatech.it\/fr\/wp-json\/wp\/v2\/product\/6546"}],"collection":[{"href":"https:\/\/www.geatech.it\/fr\/wp-json\/wp\/v2\/product"}],"about":[{"href":"https:\/\/www.geatech.it\/fr\/wp-json\/wp\/v2\/types\/product"}],"wp:featuredmedia":[{"embeddable":true,"href":"https:\/\/www.geatech.it\/fr\/wp-json\/wp\/v2\/media\/6541"}],"wp:attachment":[{"href":"https:\/\/www.geatech.it\/fr\/wp-json\/wp\/v2\/media?parent=6546"}],"wp:term":[{"taxonomy":"product_cat","embeddable":true,"href":"https:\/\/www.geatech.it\/fr\/wp-json\/wp\/v2\/product_cat?post=6546"},{"taxonomy":"product_tag","embeddable":true,"href":"https:\/\/www.geatech.it\/fr\/wp-json\/wp\/v2\/product_tag?post=6546"}],"curies":[{"name":"wp","href":"https:\/\/api.w.org\/{rel}","templated":true}]}}