{"id":6060,"date":"2022-04-27T10:12:30","date_gmt":"2022-04-27T10:12:30","guid":{"rendered":"https:\/\/www.geatech.it\/attrezzatura-ferroviaria\/machine-clipseuse-pour-attches-vossloh-tirefonneuse-mod-vtc-l-ct\/"},"modified":"2022-04-27T10:12:30","modified_gmt":"2022-04-27T10:12:30","slug":"machine-clipseuse-pour-attches-vossloh-tirefonneuse-mod-vtc-l-ct","status":"publish","type":"product","link":"https:\/\/www.geatech.it\/fr\/attrezzatura-ferroviaria\/machine-clipseuse-pour-attches-vossloh-tirefonneuse-mod-vtc-l-ct\/","title":{"rendered":"MACHINE CLIPSEUSE POUR ATTCHES VOSSLOH-TIREFONNEUSE Mod. VTC-L-CT"},"content":{"rendered":"<p>Cod. F1100B04: moteur \u00e0 4 temps (4.1kW\/5.5Hp) Cod.F1100D02: moteur diesel (5.2kW\/7Hp) Poids: 200 kg  Cliquez ici pour plus de d\u00e9tails sur DOUILLES POUR TIREFONNEUSE ET CL\u00c9 \u00c1 CHOC.<\/p>\n","protected":false},"excerpt":{"rendered":"<p>Nuvelle machine \u00e9quip\u00e9e d&rsquo;un chariot de transport \u00e9tudi\u00e9e pour la fixation des rails avec attaches \u00ab\u00a0Vossloh W14\u00a0\u00bb et attaches \u00ab\u00a0K\u00a0\u00bb. Couple de serrage r\u00e9glable de 270Nm. Passage de machine clipseuse pour attaches Vossloh \u00e0 tirefonneuse simple et rapide.<\/p>\n","protected":false},"featured_media":6055,"template":"","meta":{"_et_pb_use_builder":"","_et_pb_old_content":"","_et_gb_content_width":""},"product_cat":[255],"product_tag":[],"yoast_head":"<!-- This site is optimized with the Yoast SEO plugin v22.9 - https:\/\/yoast.com\/wordpress\/plugins\/seo\/ -->\n<title>MACHINE CLIPSEUSE POUR ATTCHES VOSSLOH-TIREFONNEUSE Mod. VTC-L-CT | Attrezzatura ferroviaria Geatech<\/title>\n<meta name=\"robots\" content=\"index, follow, max-snippet:-1, max-image-preview:large, max-video-preview:-1\" \/>\n<link rel=\"canonical\" href=\"https:\/\/www.geatech.it\/fr\/attrezzatura-ferroviaria\/machine-clipseuse-pour-attches-vossloh-tirefonneuse-mod-vtc-l-ct\/\" \/>\n<meta property=\"og:locale\" content=\"fr_FR\" \/>\n<meta property=\"og:type\" content=\"article\" \/>\n<meta property=\"og:title\" content=\"MACHINE CLIPSEUSE POUR ATTCHES VOSSLOH-TIREFONNEUSE Mod. VTC-L-CT | Attrezzatura ferroviaria Geatech\" \/>\n<meta property=\"og:description\" content=\"Nuvelle machine \u00e9quip\u00e9e d&#039;un chariot de transport \u00e9tudi\u00e9e pour la fixation des rails avec attaches &quot;Vossloh W14&quot; et attaches &quot;K&quot;. Couple de serrage r\u00e9glable de 270Nm. Passage de machine clipseuse pour attaches Vossloh \u00e0 tirefonneuse simple et rapide.\" \/>\n<meta property=\"og:url\" content=\"https:\/\/www.geatech.it\/fr\/attrezzatura-ferroviaria\/machine-clipseuse-pour-attches-vossloh-tirefonneuse-mod-vtc-l-ct\/\" \/>\n<meta property=\"og:site_name\" content=\"Attrezzatura ferroviaria Geatech\" \/>\n<meta property=\"og:image\" content=\"https:\/\/www.geatech.it\/wp-content\/uploads\/2022\/04\/vosslo-incavigliatrice-.jpg\" \/>\n\t<meta property=\"og:image:width\" content=\"450\" \/>\n\t<meta property=\"og:image:height\" content=\"490\" \/>\n\t<meta property=\"og:image:type\" content=\"image\/jpeg\" \/>\n<meta name=\"twitter:card\" content=\"summary_large_image\" \/>\n<script type=\"application\/ld+json\" class=\"yoast-schema-graph\">{\"@context\":\"https:\/\/schema.org\",\"@graph\":[{\"@type\":\"WebPage\",\"@id\":\"https:\/\/www.geatech.it\/fr\/attrezzatura-ferroviaria\/machine-clipseuse-pour-attches-vossloh-tirefonneuse-mod-vtc-l-ct\/\",\"url\":\"https:\/\/www.geatech.it\/fr\/attrezzatura-ferroviaria\/machine-clipseuse-pour-attches-vossloh-tirefonneuse-mod-vtc-l-ct\/\",\"name\":\"MACHINE CLIPSEUSE POUR ATTCHES VOSSLOH-TIREFONNEUSE Mod. VTC-L-CT | Attrezzatura ferroviaria Geatech\",\"isPartOf\":{\"@id\":\"https:\/\/www.geatech.it\/#website\"},\"primaryImageOfPage\":{\"@id\":\"https:\/\/www.geatech.it\/fr\/attrezzatura-ferroviaria\/machine-clipseuse-pour-attches-vossloh-tirefonneuse-mod-vtc-l-ct\/#primaryimage\"},\"image\":{\"@id\":\"https:\/\/www.geatech.it\/fr\/attrezzatura-ferroviaria\/machine-clipseuse-pour-attches-vossloh-tirefonneuse-mod-vtc-l-ct\/#primaryimage\"},\"thumbnailUrl\":\"https:\/\/www.geatech.it\/wp-content\/uploads\/2022\/04\/vosslo-incavigliatrice-.jpg\",\"datePublished\":\"2022-04-27T10:12:30+00:00\",\"dateModified\":\"2022-04-27T10:12:30+00:00\",\"breadcrumb\":{\"@id\":\"https:\/\/www.geatech.it\/fr\/attrezzatura-ferroviaria\/machine-clipseuse-pour-attches-vossloh-tirefonneuse-mod-vtc-l-ct\/#breadcrumb\"},\"inLanguage\":\"fr-FR\",\"potentialAction\":[{\"@type\":\"ReadAction\",\"target\":[\"https:\/\/www.geatech.it\/fr\/attrezzatura-ferroviaria\/machine-clipseuse-pour-attches-vossloh-tirefonneuse-mod-vtc-l-ct\/\"]}]},{\"@type\":\"ImageObject\",\"inLanguage\":\"fr-FR\",\"@id\":\"https:\/\/www.geatech.it\/fr\/attrezzatura-ferroviaria\/machine-clipseuse-pour-attches-vossloh-tirefonneuse-mod-vtc-l-ct\/#primaryimage\",\"url\":\"https:\/\/www.geatech.it\/wp-content\/uploads\/2022\/04\/vosslo-incavigliatrice-.jpg\",\"contentUrl\":\"https:\/\/www.geatech.it\/wp-content\/uploads\/2022\/04\/vosslo-incavigliatrice-.jpg\",\"width\":450,\"height\":490},{\"@type\":\"BreadcrumbList\",\"@id\":\"https:\/\/www.geatech.it\/fr\/attrezzatura-ferroviaria\/machine-clipseuse-pour-attches-vossloh-tirefonneuse-mod-vtc-l-ct\/#breadcrumb\",\"itemListElement\":[{\"@type\":\"ListItem\",\"position\":1,\"name\":\"Produits Geatech Group\",\"item\":\"https:\/\/www.geatech.it\/prodotti\/\"},{\"@type\":\"ListItem\",\"position\":2,\"name\":\"MACHINE CLIPSEUSE POUR ATTCHES VOSSLOH-TIREFONNEUSE Mod. VTC-L-CT\"}]},{\"@type\":\"WebSite\",\"@id\":\"https:\/\/www.geatech.it\/#website\",\"url\":\"https:\/\/www.geatech.it\/\",\"name\":\"Attrezzatura ferroviaria Geatech\",\"description\":\"Geatech Group\",\"publisher\":{\"@id\":\"https:\/\/www.geatech.it\/#organization\"},\"potentialAction\":[{\"@type\":\"SearchAction\",\"target\":{\"@type\":\"EntryPoint\",\"urlTemplate\":\"https:\/\/www.geatech.it\/?s={search_term_string}\"},\"query-input\":\"required name=search_term_string\"}],\"inLanguage\":\"fr-FR\"},{\"@type\":\"Organization\",\"@id\":\"https:\/\/www.geatech.it\/#organization\",\"name\":\"Geatech Srl\",\"url\":\"https:\/\/www.geatech.it\/\",\"logo\":{\"@type\":\"ImageObject\",\"inLanguage\":\"fr-FR\",\"@id\":\"https:\/\/www.geatech.it\/#\/schema\/logo\/image\/\",\"url\":\"https:\/\/www.geatech.it\/wp-content\/uploads\/2020\/11\/Logo-varianti-giallo-grande.001.png\",\"contentUrl\":\"https:\/\/www.geatech.it\/wp-content\/uploads\/2020\/11\/Logo-varianti-giallo-grande.001.png\",\"width\":500,\"height\":200,\"caption\":\"Geatech Srl\"},\"image\":{\"@id\":\"https:\/\/www.geatech.it\/#\/schema\/logo\/image\/\"}}]}<\/script>\n<!-- \/ Yoast SEO plugin. -->","yoast_head_json":{"title":"MACHINE CLIPSEUSE POUR ATTCHES VOSSLOH-TIREFONNEUSE Mod. VTC-L-CT | Attrezzatura ferroviaria Geatech","robots":{"index":"index","follow":"follow","max-snippet":"max-snippet:-1","max-image-preview":"max-image-preview:large","max-video-preview":"max-video-preview:-1"},"canonical":"https:\/\/www.geatech.it\/fr\/attrezzatura-ferroviaria\/machine-clipseuse-pour-attches-vossloh-tirefonneuse-mod-vtc-l-ct\/","og_locale":"fr_FR","og_type":"article","og_title":"MACHINE CLIPSEUSE POUR ATTCHES VOSSLOH-TIREFONNEUSE Mod. VTC-L-CT | Attrezzatura ferroviaria Geatech","og_description":"Nuvelle machine \u00e9quip\u00e9e d'un chariot de transport \u00e9tudi\u00e9e pour la fixation des rails avec attaches \"Vossloh W14\" et attaches \"K\". Couple de serrage r\u00e9glable de 270Nm. Passage de machine clipseuse pour attaches Vossloh \u00e0 tirefonneuse simple et rapide.","og_url":"https:\/\/www.geatech.it\/fr\/attrezzatura-ferroviaria\/machine-clipseuse-pour-attches-vossloh-tirefonneuse-mod-vtc-l-ct\/","og_site_name":"Attrezzatura ferroviaria Geatech","og_image":[{"width":450,"height":490,"url":"https:\/\/www.geatech.it\/wp-content\/uploads\/2022\/04\/vosslo-incavigliatrice-.jpg","type":"image\/jpeg"}],"twitter_card":"summary_large_image","schema":{"@context":"https:\/\/schema.org","@graph":[{"@type":"WebPage","@id":"https:\/\/www.geatech.it\/fr\/attrezzatura-ferroviaria\/machine-clipseuse-pour-attches-vossloh-tirefonneuse-mod-vtc-l-ct\/","url":"https:\/\/www.geatech.it\/fr\/attrezzatura-ferroviaria\/machine-clipseuse-pour-attches-vossloh-tirefonneuse-mod-vtc-l-ct\/","name":"MACHINE CLIPSEUSE POUR ATTCHES VOSSLOH-TIREFONNEUSE Mod. VTC-L-CT | Attrezzatura ferroviaria Geatech","isPartOf":{"@id":"https:\/\/www.geatech.it\/#website"},"primaryImageOfPage":{"@id":"https:\/\/www.geatech.it\/fr\/attrezzatura-ferroviaria\/machine-clipseuse-pour-attches-vossloh-tirefonneuse-mod-vtc-l-ct\/#primaryimage"},"image":{"@id":"https:\/\/www.geatech.it\/fr\/attrezzatura-ferroviaria\/machine-clipseuse-pour-attches-vossloh-tirefonneuse-mod-vtc-l-ct\/#primaryimage"},"thumbnailUrl":"https:\/\/www.geatech.it\/wp-content\/uploads\/2022\/04\/vosslo-incavigliatrice-.jpg","datePublished":"2022-04-27T10:12:30+00:00","dateModified":"2022-04-27T10:12:30+00:00","breadcrumb":{"@id":"https:\/\/www.geatech.it\/fr\/attrezzatura-ferroviaria\/machine-clipseuse-pour-attches-vossloh-tirefonneuse-mod-vtc-l-ct\/#breadcrumb"},"inLanguage":"fr-FR","potentialAction":[{"@type":"ReadAction","target":["https:\/\/www.geatech.it\/fr\/attrezzatura-ferroviaria\/machine-clipseuse-pour-attches-vossloh-tirefonneuse-mod-vtc-l-ct\/"]}]},{"@type":"ImageObject","inLanguage":"fr-FR","@id":"https:\/\/www.geatech.it\/fr\/attrezzatura-ferroviaria\/machine-clipseuse-pour-attches-vossloh-tirefonneuse-mod-vtc-l-ct\/#primaryimage","url":"https:\/\/www.geatech.it\/wp-content\/uploads\/2022\/04\/vosslo-incavigliatrice-.jpg","contentUrl":"https:\/\/www.geatech.it\/wp-content\/uploads\/2022\/04\/vosslo-incavigliatrice-.jpg","width":450,"height":490},{"@type":"BreadcrumbList","@id":"https:\/\/www.geatech.it\/fr\/attrezzatura-ferroviaria\/machine-clipseuse-pour-attches-vossloh-tirefonneuse-mod-vtc-l-ct\/#breadcrumb","itemListElement":[{"@type":"ListItem","position":1,"name":"Produits Geatech Group","item":"https:\/\/www.geatech.it\/prodotti\/"},{"@type":"ListItem","position":2,"name":"MACHINE CLIPSEUSE POUR ATTCHES VOSSLOH-TIREFONNEUSE Mod. VTC-L-CT"}]},{"@type":"WebSite","@id":"https:\/\/www.geatech.it\/#website","url":"https:\/\/www.geatech.it\/","name":"Attrezzatura ferroviaria Geatech","description":"Geatech Group","publisher":{"@id":"https:\/\/www.geatech.it\/#organization"},"potentialAction":[{"@type":"SearchAction","target":{"@type":"EntryPoint","urlTemplate":"https:\/\/www.geatech.it\/?s={search_term_string}"},"query-input":"required name=search_term_string"}],"inLanguage":"fr-FR"},{"@type":"Organization","@id":"https:\/\/www.geatech.it\/#organization","name":"Geatech Srl","url":"https:\/\/www.geatech.it\/","logo":{"@type":"ImageObject","inLanguage":"fr-FR","@id":"https:\/\/www.geatech.it\/#\/schema\/logo\/image\/","url":"https:\/\/www.geatech.it\/wp-content\/uploads\/2020\/11\/Logo-varianti-giallo-grande.001.png","contentUrl":"https:\/\/www.geatech.it\/wp-content\/uploads\/2020\/11\/Logo-varianti-giallo-grande.001.png","width":500,"height":200,"caption":"Geatech Srl"},"image":{"@id":"https:\/\/www.geatech.it\/#\/schema\/logo\/image\/"}}]}},"_links":{"self":[{"href":"https:\/\/www.geatech.it\/fr\/wp-json\/wp\/v2\/product\/6060"}],"collection":[{"href":"https:\/\/www.geatech.it\/fr\/wp-json\/wp\/v2\/product"}],"about":[{"href":"https:\/\/www.geatech.it\/fr\/wp-json\/wp\/v2\/types\/product"}],"wp:featuredmedia":[{"embeddable":true,"href":"https:\/\/www.geatech.it\/fr\/wp-json\/wp\/v2\/media\/6055"}],"wp:attachment":[{"href":"https:\/\/www.geatech.it\/fr\/wp-json\/wp\/v2\/media?parent=6060"}],"wp:term":[{"taxonomy":"product_cat","embeddable":true,"href":"https:\/\/www.geatech.it\/fr\/wp-json\/wp\/v2\/product_cat?post=6060"},{"taxonomy":"product_tag","embeddable":true,"href":"https:\/\/www.geatech.it\/fr\/wp-json\/wp\/v2\/product_tag?post=6060"}],"curies":[{"name":"wp","href":"https:\/\/api.w.org\/{rel}","templated":true}]}}