{"id":5988,"date":"2022-04-27T10:12:10","date_gmt":"2022-04-27T10:12:10","guid":{"rendered":"https:\/\/www.geatech.it\/attrezzatura-ferroviaria\/tendeur-hydraulique-pour-soudures-mod-tis\/"},"modified":"2022-04-27T10:12:10","modified_gmt":"2022-04-27T10:12:10","slug":"tendeur-hydraulique-pour-soudures-mod-tis","status":"publish","type":"product","link":"https:\/\/www.geatech.it\/fr\/attrezzatura-ferroviaria\/tendeur-hydraulique-pour-soudures-mod-tis\/","title":{"rendered":"TENDEUR HYDRAULIQUE POUR SOUDURES Mod. TIS"},"content":{"rendered":"<p>Versions: Cod.F1035: Pour reils UIC Cod.F1035A02: Pour reils Ri59 et R13 Poids: 59kg<\/p>\n","protected":false},"excerpt":{"rendered":"<p>Machine projet\u00e9e pour enlever le cordon excessif qui s\u2019est form\u00e9 sur la jonction du rail \u00e0pres de la soudure aluminothermique. Ils sont disponibles diff\u00e9rents types de couteaux pour diff\u00e9rents rails UIC y de type vignole. \u00c9quip\u00e9e d&rsquo;un pompe manuelle.<\/p>\n","protected":false},"featured_media":5983,"template":"","meta":{"_et_pb_use_builder":"","_et_pb_old_content":"","_et_gb_content_width":""},"product_cat":[243],"product_tag":[],"yoast_head":"<!-- This site is optimized with the Yoast SEO plugin v22.9 - https:\/\/yoast.com\/wordpress\/plugins\/seo\/ -->\n<title>TENDEUR HYDRAULIQUE POUR SOUDURES Mod. TIS | Attrezzatura ferroviaria Geatech<\/title>\n<meta name=\"robots\" content=\"index, follow, max-snippet:-1, max-image-preview:large, max-video-preview:-1\" \/>\n<link rel=\"canonical\" href=\"https:\/\/www.geatech.it\/fr\/attrezzatura-ferroviaria\/tendeur-hydraulique-pour-soudures-mod-tis\/\" \/>\n<meta property=\"og:locale\" content=\"fr_FR\" \/>\n<meta property=\"og:type\" content=\"article\" \/>\n<meta property=\"og:title\" content=\"TENDEUR HYDRAULIQUE POUR SOUDURES Mod. TIS | Attrezzatura ferroviaria Geatech\" \/>\n<meta property=\"og:description\" content=\"Machine projet\u00e9e pour enlever le cordon excessif qui s\u2019est form\u00e9 sur la jonction du rail \u00e0pres de la soudure aluminothermique. Ils sont disponibles diff\u00e9rents types de couteaux pour diff\u00e9rents rails UIC y de type vignole. \u00c9quip\u00e9e d&#039;un pompe manuelle.\" \/>\n<meta property=\"og:url\" content=\"https:\/\/www.geatech.it\/fr\/attrezzatura-ferroviaria\/tendeur-hydraulique-pour-soudures-mod-tis\/\" \/>\n<meta property=\"og:site_name\" content=\"Attrezzatura ferroviaria Geatech\" \/>\n<meta property=\"og:image\" content=\"https:\/\/www.geatech.it\/wp-content\/uploads\/2022\/04\/trancia-idraulica-per-saldature-mod-tis.jpg\" \/>\n\t<meta property=\"og:image:width\" content=\"450\" \/>\n\t<meta property=\"og:image:height\" content=\"490\" \/>\n\t<meta property=\"og:image:type\" content=\"image\/jpeg\" \/>\n<meta name=\"twitter:card\" content=\"summary_large_image\" \/>\n<script type=\"application\/ld+json\" class=\"yoast-schema-graph\">{\"@context\":\"https:\/\/schema.org\",\"@graph\":[{\"@type\":\"WebPage\",\"@id\":\"https:\/\/www.geatech.it\/fr\/attrezzatura-ferroviaria\/tendeur-hydraulique-pour-soudures-mod-tis\/\",\"url\":\"https:\/\/www.geatech.it\/fr\/attrezzatura-ferroviaria\/tendeur-hydraulique-pour-soudures-mod-tis\/\",\"name\":\"TENDEUR HYDRAULIQUE POUR SOUDURES Mod. TIS | Attrezzatura ferroviaria Geatech\",\"isPartOf\":{\"@id\":\"https:\/\/www.geatech.it\/#website\"},\"primaryImageOfPage\":{\"@id\":\"https:\/\/www.geatech.it\/fr\/attrezzatura-ferroviaria\/tendeur-hydraulique-pour-soudures-mod-tis\/#primaryimage\"},\"image\":{\"@id\":\"https:\/\/www.geatech.it\/fr\/attrezzatura-ferroviaria\/tendeur-hydraulique-pour-soudures-mod-tis\/#primaryimage\"},\"thumbnailUrl\":\"https:\/\/www.geatech.it\/wp-content\/uploads\/2022\/04\/trancia-idraulica-per-saldature-mod-tis.jpg\",\"datePublished\":\"2022-04-27T10:12:10+00:00\",\"dateModified\":\"2022-04-27T10:12:10+00:00\",\"breadcrumb\":{\"@id\":\"https:\/\/www.geatech.it\/fr\/attrezzatura-ferroviaria\/tendeur-hydraulique-pour-soudures-mod-tis\/#breadcrumb\"},\"inLanguage\":\"fr-FR\",\"potentialAction\":[{\"@type\":\"ReadAction\",\"target\":[\"https:\/\/www.geatech.it\/fr\/attrezzatura-ferroviaria\/tendeur-hydraulique-pour-soudures-mod-tis\/\"]}]},{\"@type\":\"ImageObject\",\"inLanguage\":\"fr-FR\",\"@id\":\"https:\/\/www.geatech.it\/fr\/attrezzatura-ferroviaria\/tendeur-hydraulique-pour-soudures-mod-tis\/#primaryimage\",\"url\":\"https:\/\/www.geatech.it\/wp-content\/uploads\/2022\/04\/trancia-idraulica-per-saldature-mod-tis.jpg\",\"contentUrl\":\"https:\/\/www.geatech.it\/wp-content\/uploads\/2022\/04\/trancia-idraulica-per-saldature-mod-tis.jpg\",\"width\":450,\"height\":490},{\"@type\":\"BreadcrumbList\",\"@id\":\"https:\/\/www.geatech.it\/fr\/attrezzatura-ferroviaria\/tendeur-hydraulique-pour-soudures-mod-tis\/#breadcrumb\",\"itemListElement\":[{\"@type\":\"ListItem\",\"position\":1,\"name\":\"Produits Geatech Group\",\"item\":\"https:\/\/www.geatech.it\/prodotti\/\"},{\"@type\":\"ListItem\",\"position\":2,\"name\":\"TENDEUR HYDRAULIQUE POUR SOUDURES Mod. TIS\"}]},{\"@type\":\"WebSite\",\"@id\":\"https:\/\/www.geatech.it\/#website\",\"url\":\"https:\/\/www.geatech.it\/\",\"name\":\"Attrezzatura ferroviaria Geatech\",\"description\":\"Geatech Group\",\"publisher\":{\"@id\":\"https:\/\/www.geatech.it\/#organization\"},\"potentialAction\":[{\"@type\":\"SearchAction\",\"target\":{\"@type\":\"EntryPoint\",\"urlTemplate\":\"https:\/\/www.geatech.it\/?s={search_term_string}\"},\"query-input\":\"required name=search_term_string\"}],\"inLanguage\":\"fr-FR\"},{\"@type\":\"Organization\",\"@id\":\"https:\/\/www.geatech.it\/#organization\",\"name\":\"Geatech Srl\",\"url\":\"https:\/\/www.geatech.it\/\",\"logo\":{\"@type\":\"ImageObject\",\"inLanguage\":\"fr-FR\",\"@id\":\"https:\/\/www.geatech.it\/#\/schema\/logo\/image\/\",\"url\":\"https:\/\/www.geatech.it\/wp-content\/uploads\/2020\/11\/Logo-varianti-giallo-grande.001.png\",\"contentUrl\":\"https:\/\/www.geatech.it\/wp-content\/uploads\/2020\/11\/Logo-varianti-giallo-grande.001.png\",\"width\":500,\"height\":200,\"caption\":\"Geatech Srl\"},\"image\":{\"@id\":\"https:\/\/www.geatech.it\/#\/schema\/logo\/image\/\"}}]}<\/script>\n<!-- \/ Yoast SEO plugin. -->","yoast_head_json":{"title":"TENDEUR HYDRAULIQUE POUR SOUDURES Mod. TIS | Attrezzatura ferroviaria Geatech","robots":{"index":"index","follow":"follow","max-snippet":"max-snippet:-1","max-image-preview":"max-image-preview:large","max-video-preview":"max-video-preview:-1"},"canonical":"https:\/\/www.geatech.it\/fr\/attrezzatura-ferroviaria\/tendeur-hydraulique-pour-soudures-mod-tis\/","og_locale":"fr_FR","og_type":"article","og_title":"TENDEUR HYDRAULIQUE POUR SOUDURES Mod. TIS | Attrezzatura ferroviaria Geatech","og_description":"Machine projet\u00e9e pour enlever le cordon excessif qui s\u2019est form\u00e9 sur la jonction du rail \u00e0pres de la soudure aluminothermique. Ils sont disponibles diff\u00e9rents types de couteaux pour diff\u00e9rents rails UIC y de type vignole. \u00c9quip\u00e9e d'un pompe manuelle.","og_url":"https:\/\/www.geatech.it\/fr\/attrezzatura-ferroviaria\/tendeur-hydraulique-pour-soudures-mod-tis\/","og_site_name":"Attrezzatura ferroviaria Geatech","og_image":[{"width":450,"height":490,"url":"https:\/\/www.geatech.it\/wp-content\/uploads\/2022\/04\/trancia-idraulica-per-saldature-mod-tis.jpg","type":"image\/jpeg"}],"twitter_card":"summary_large_image","schema":{"@context":"https:\/\/schema.org","@graph":[{"@type":"WebPage","@id":"https:\/\/www.geatech.it\/fr\/attrezzatura-ferroviaria\/tendeur-hydraulique-pour-soudures-mod-tis\/","url":"https:\/\/www.geatech.it\/fr\/attrezzatura-ferroviaria\/tendeur-hydraulique-pour-soudures-mod-tis\/","name":"TENDEUR HYDRAULIQUE POUR SOUDURES Mod. TIS | Attrezzatura ferroviaria Geatech","isPartOf":{"@id":"https:\/\/www.geatech.it\/#website"},"primaryImageOfPage":{"@id":"https:\/\/www.geatech.it\/fr\/attrezzatura-ferroviaria\/tendeur-hydraulique-pour-soudures-mod-tis\/#primaryimage"},"image":{"@id":"https:\/\/www.geatech.it\/fr\/attrezzatura-ferroviaria\/tendeur-hydraulique-pour-soudures-mod-tis\/#primaryimage"},"thumbnailUrl":"https:\/\/www.geatech.it\/wp-content\/uploads\/2022\/04\/trancia-idraulica-per-saldature-mod-tis.jpg","datePublished":"2022-04-27T10:12:10+00:00","dateModified":"2022-04-27T10:12:10+00:00","breadcrumb":{"@id":"https:\/\/www.geatech.it\/fr\/attrezzatura-ferroviaria\/tendeur-hydraulique-pour-soudures-mod-tis\/#breadcrumb"},"inLanguage":"fr-FR","potentialAction":[{"@type":"ReadAction","target":["https:\/\/www.geatech.it\/fr\/attrezzatura-ferroviaria\/tendeur-hydraulique-pour-soudures-mod-tis\/"]}]},{"@type":"ImageObject","inLanguage":"fr-FR","@id":"https:\/\/www.geatech.it\/fr\/attrezzatura-ferroviaria\/tendeur-hydraulique-pour-soudures-mod-tis\/#primaryimage","url":"https:\/\/www.geatech.it\/wp-content\/uploads\/2022\/04\/trancia-idraulica-per-saldature-mod-tis.jpg","contentUrl":"https:\/\/www.geatech.it\/wp-content\/uploads\/2022\/04\/trancia-idraulica-per-saldature-mod-tis.jpg","width":450,"height":490},{"@type":"BreadcrumbList","@id":"https:\/\/www.geatech.it\/fr\/attrezzatura-ferroviaria\/tendeur-hydraulique-pour-soudures-mod-tis\/#breadcrumb","itemListElement":[{"@type":"ListItem","position":1,"name":"Produits Geatech Group","item":"https:\/\/www.geatech.it\/prodotti\/"},{"@type":"ListItem","position":2,"name":"TENDEUR HYDRAULIQUE POUR SOUDURES Mod. TIS"}]},{"@type":"WebSite","@id":"https:\/\/www.geatech.it\/#website","url":"https:\/\/www.geatech.it\/","name":"Attrezzatura ferroviaria Geatech","description":"Geatech Group","publisher":{"@id":"https:\/\/www.geatech.it\/#organization"},"potentialAction":[{"@type":"SearchAction","target":{"@type":"EntryPoint","urlTemplate":"https:\/\/www.geatech.it\/?s={search_term_string}"},"query-input":"required name=search_term_string"}],"inLanguage":"fr-FR"},{"@type":"Organization","@id":"https:\/\/www.geatech.it\/#organization","name":"Geatech Srl","url":"https:\/\/www.geatech.it\/","logo":{"@type":"ImageObject","inLanguage":"fr-FR","@id":"https:\/\/www.geatech.it\/#\/schema\/logo\/image\/","url":"https:\/\/www.geatech.it\/wp-content\/uploads\/2020\/11\/Logo-varianti-giallo-grande.001.png","contentUrl":"https:\/\/www.geatech.it\/wp-content\/uploads\/2020\/11\/Logo-varianti-giallo-grande.001.png","width":500,"height":200,"caption":"Geatech Srl"},"image":{"@id":"https:\/\/www.geatech.it\/#\/schema\/logo\/image\/"}}]}},"_links":{"self":[{"href":"https:\/\/www.geatech.it\/fr\/wp-json\/wp\/v2\/product\/5988"}],"collection":[{"href":"https:\/\/www.geatech.it\/fr\/wp-json\/wp\/v2\/product"}],"about":[{"href":"https:\/\/www.geatech.it\/fr\/wp-json\/wp\/v2\/types\/product"}],"wp:featuredmedia":[{"embeddable":true,"href":"https:\/\/www.geatech.it\/fr\/wp-json\/wp\/v2\/media\/5983"}],"wp:attachment":[{"href":"https:\/\/www.geatech.it\/fr\/wp-json\/wp\/v2\/media?parent=5988"}],"wp:term":[{"taxonomy":"product_cat","embeddable":true,"href":"https:\/\/www.geatech.it\/fr\/wp-json\/wp\/v2\/product_cat?post=5988"},{"taxonomy":"product_tag","embeddable":true,"href":"https:\/\/www.geatech.it\/fr\/wp-json\/wp\/v2\/product_tag?post=5988"}],"curies":[{"name":"wp","href":"https:\/\/api.w.org\/{rel}","templated":true}]}}