{"id":5982,"date":"2022-04-27T10:12:08","date_gmt":"2022-04-27T10:12:08","guid":{"rendered":"https:\/\/www.geatech.it\/attrezzatura-ferroviaria\/tendeur-hydraulique-pour-soudure-mod-tisc\/"},"modified":"2022-04-27T10:12:08","modified_gmt":"2022-04-27T10:12:08","slug":"tendeur-hydraulique-pour-soudure-mod-tisc","status":"publish","type":"product","link":"https:\/\/www.geatech.it\/fr\/attrezzatura-ferroviaria\/tendeur-hydraulique-pour-soudure-mod-tisc\/","title":{"rendered":"TENDEUR HYDRAULIQUE POUR SOUDURE Mod. TISC"},"content":{"rendered":"<p>Cod.F1035A03 Moteur 4T (3.2kW\/4.3Hp) Poids: 50kg (tendeur) + 50kg (centrales)<\/p>\n","protected":false},"excerpt":{"rendered":"<p>Machine projet\u00e9e pour enlever le cordon excessif qui s\u2019est form\u00e9 sur la jonction du rail apr\u00e8s de la soudure aluminothermique. Ils sont disponibles diff\u00e9rents types de couteaux pour diff\u00e9rents rails UIC. Tendeur avec une unit\u00e9 de commande \u00e0 moteur 4T (3.2kw\/4.3hp)<\/p>\n","protected":false},"featured_media":5977,"template":"","meta":{"_et_pb_use_builder":"","_et_pb_old_content":"","_et_gb_content_width":""},"product_cat":[243],"product_tag":[],"yoast_head":"<!-- This site is optimized with the Yoast SEO plugin v22.9 - https:\/\/yoast.com\/wordpress\/plugins\/seo\/ -->\n<title>TENDEUR HYDRAULIQUE POUR SOUDURE Mod. TISC | Attrezzatura ferroviaria Geatech<\/title>\n<meta name=\"robots\" content=\"index, follow, max-snippet:-1, max-image-preview:large, max-video-preview:-1\" \/>\n<link rel=\"canonical\" href=\"https:\/\/www.geatech.it\/fr\/attrezzatura-ferroviaria\/tendeur-hydraulique-pour-soudure-mod-tisc\/\" \/>\n<meta property=\"og:locale\" content=\"fr_FR\" \/>\n<meta property=\"og:type\" content=\"article\" \/>\n<meta property=\"og:title\" content=\"TENDEUR HYDRAULIQUE POUR SOUDURE Mod. TISC | Attrezzatura ferroviaria Geatech\" \/>\n<meta property=\"og:description\" content=\"Machine projet\u00e9e pour enlever le cordon excessif qui s\u2019est form\u00e9 sur la jonction du rail apr\u00e8s de la soudure aluminothermique. Ils sont disponibles diff\u00e9rents types de couteaux pour diff\u00e9rents rails UIC. Tendeur avec une unit\u00e9 de commande \u00e0 moteur 4T (3.2kw\/4.3hp)\" \/>\n<meta property=\"og:url\" content=\"https:\/\/www.geatech.it\/fr\/attrezzatura-ferroviaria\/tendeur-hydraulique-pour-soudure-mod-tisc\/\" \/>\n<meta property=\"og:site_name\" content=\"Attrezzatura ferroviaria Geatech\" \/>\n<meta property=\"og:image\" content=\"https:\/\/www.geatech.it\/wp-content\/uploads\/2022\/04\/trancia-idraulica-per-saldature-mod-tisc.jpg\" \/>\n\t<meta property=\"og:image:width\" content=\"450\" \/>\n\t<meta property=\"og:image:height\" content=\"490\" \/>\n\t<meta property=\"og:image:type\" content=\"image\/jpeg\" \/>\n<meta name=\"twitter:card\" content=\"summary_large_image\" \/>\n<script type=\"application\/ld+json\" class=\"yoast-schema-graph\">{\"@context\":\"https:\/\/schema.org\",\"@graph\":[{\"@type\":\"WebPage\",\"@id\":\"https:\/\/www.geatech.it\/fr\/attrezzatura-ferroviaria\/tendeur-hydraulique-pour-soudure-mod-tisc\/\",\"url\":\"https:\/\/www.geatech.it\/fr\/attrezzatura-ferroviaria\/tendeur-hydraulique-pour-soudure-mod-tisc\/\",\"name\":\"TENDEUR HYDRAULIQUE POUR SOUDURE Mod. TISC | Attrezzatura ferroviaria Geatech\",\"isPartOf\":{\"@id\":\"https:\/\/www.geatech.it\/#website\"},\"primaryImageOfPage\":{\"@id\":\"https:\/\/www.geatech.it\/fr\/attrezzatura-ferroviaria\/tendeur-hydraulique-pour-soudure-mod-tisc\/#primaryimage\"},\"image\":{\"@id\":\"https:\/\/www.geatech.it\/fr\/attrezzatura-ferroviaria\/tendeur-hydraulique-pour-soudure-mod-tisc\/#primaryimage\"},\"thumbnailUrl\":\"https:\/\/www.geatech.it\/wp-content\/uploads\/2022\/04\/trancia-idraulica-per-saldature-mod-tisc.jpg\",\"datePublished\":\"2022-04-27T10:12:08+00:00\",\"dateModified\":\"2022-04-27T10:12:08+00:00\",\"breadcrumb\":{\"@id\":\"https:\/\/www.geatech.it\/fr\/attrezzatura-ferroviaria\/tendeur-hydraulique-pour-soudure-mod-tisc\/#breadcrumb\"},\"inLanguage\":\"fr-FR\",\"potentialAction\":[{\"@type\":\"ReadAction\",\"target\":[\"https:\/\/www.geatech.it\/fr\/attrezzatura-ferroviaria\/tendeur-hydraulique-pour-soudure-mod-tisc\/\"]}]},{\"@type\":\"ImageObject\",\"inLanguage\":\"fr-FR\",\"@id\":\"https:\/\/www.geatech.it\/fr\/attrezzatura-ferroviaria\/tendeur-hydraulique-pour-soudure-mod-tisc\/#primaryimage\",\"url\":\"https:\/\/www.geatech.it\/wp-content\/uploads\/2022\/04\/trancia-idraulica-per-saldature-mod-tisc.jpg\",\"contentUrl\":\"https:\/\/www.geatech.it\/wp-content\/uploads\/2022\/04\/trancia-idraulica-per-saldature-mod-tisc.jpg\",\"width\":450,\"height\":490},{\"@type\":\"BreadcrumbList\",\"@id\":\"https:\/\/www.geatech.it\/fr\/attrezzatura-ferroviaria\/tendeur-hydraulique-pour-soudure-mod-tisc\/#breadcrumb\",\"itemListElement\":[{\"@type\":\"ListItem\",\"position\":1,\"name\":\"Produits Geatech Group\",\"item\":\"https:\/\/www.geatech.it\/prodotti\/\"},{\"@type\":\"ListItem\",\"position\":2,\"name\":\"TENDEUR HYDRAULIQUE POUR SOUDURE Mod. TISC\"}]},{\"@type\":\"WebSite\",\"@id\":\"https:\/\/www.geatech.it\/#website\",\"url\":\"https:\/\/www.geatech.it\/\",\"name\":\"Attrezzatura ferroviaria Geatech\",\"description\":\"Geatech Group\",\"publisher\":{\"@id\":\"https:\/\/www.geatech.it\/#organization\"},\"potentialAction\":[{\"@type\":\"SearchAction\",\"target\":{\"@type\":\"EntryPoint\",\"urlTemplate\":\"https:\/\/www.geatech.it\/?s={search_term_string}\"},\"query-input\":\"required name=search_term_string\"}],\"inLanguage\":\"fr-FR\"},{\"@type\":\"Organization\",\"@id\":\"https:\/\/www.geatech.it\/#organization\",\"name\":\"Geatech Srl\",\"url\":\"https:\/\/www.geatech.it\/\",\"logo\":{\"@type\":\"ImageObject\",\"inLanguage\":\"fr-FR\",\"@id\":\"https:\/\/www.geatech.it\/#\/schema\/logo\/image\/\",\"url\":\"https:\/\/www.geatech.it\/wp-content\/uploads\/2020\/11\/Logo-varianti-giallo-grande.001.png\",\"contentUrl\":\"https:\/\/www.geatech.it\/wp-content\/uploads\/2020\/11\/Logo-varianti-giallo-grande.001.png\",\"width\":500,\"height\":200,\"caption\":\"Geatech Srl\"},\"image\":{\"@id\":\"https:\/\/www.geatech.it\/#\/schema\/logo\/image\/\"}}]}<\/script>\n<!-- \/ Yoast SEO plugin. -->","yoast_head_json":{"title":"TENDEUR HYDRAULIQUE POUR SOUDURE Mod. TISC | Attrezzatura ferroviaria Geatech","robots":{"index":"index","follow":"follow","max-snippet":"max-snippet:-1","max-image-preview":"max-image-preview:large","max-video-preview":"max-video-preview:-1"},"canonical":"https:\/\/www.geatech.it\/fr\/attrezzatura-ferroviaria\/tendeur-hydraulique-pour-soudure-mod-tisc\/","og_locale":"fr_FR","og_type":"article","og_title":"TENDEUR HYDRAULIQUE POUR SOUDURE Mod. TISC | Attrezzatura ferroviaria Geatech","og_description":"Machine projet\u00e9e pour enlever le cordon excessif qui s\u2019est form\u00e9 sur la jonction du rail apr\u00e8s de la soudure aluminothermique. Ils sont disponibles diff\u00e9rents types de couteaux pour diff\u00e9rents rails UIC. Tendeur avec une unit\u00e9 de commande \u00e0 moteur 4T (3.2kw\/4.3hp)","og_url":"https:\/\/www.geatech.it\/fr\/attrezzatura-ferroviaria\/tendeur-hydraulique-pour-soudure-mod-tisc\/","og_site_name":"Attrezzatura ferroviaria Geatech","og_image":[{"width":450,"height":490,"url":"https:\/\/www.geatech.it\/wp-content\/uploads\/2022\/04\/trancia-idraulica-per-saldature-mod-tisc.jpg","type":"image\/jpeg"}],"twitter_card":"summary_large_image","schema":{"@context":"https:\/\/schema.org","@graph":[{"@type":"WebPage","@id":"https:\/\/www.geatech.it\/fr\/attrezzatura-ferroviaria\/tendeur-hydraulique-pour-soudure-mod-tisc\/","url":"https:\/\/www.geatech.it\/fr\/attrezzatura-ferroviaria\/tendeur-hydraulique-pour-soudure-mod-tisc\/","name":"TENDEUR HYDRAULIQUE POUR SOUDURE Mod. TISC | Attrezzatura ferroviaria Geatech","isPartOf":{"@id":"https:\/\/www.geatech.it\/#website"},"primaryImageOfPage":{"@id":"https:\/\/www.geatech.it\/fr\/attrezzatura-ferroviaria\/tendeur-hydraulique-pour-soudure-mod-tisc\/#primaryimage"},"image":{"@id":"https:\/\/www.geatech.it\/fr\/attrezzatura-ferroviaria\/tendeur-hydraulique-pour-soudure-mod-tisc\/#primaryimage"},"thumbnailUrl":"https:\/\/www.geatech.it\/wp-content\/uploads\/2022\/04\/trancia-idraulica-per-saldature-mod-tisc.jpg","datePublished":"2022-04-27T10:12:08+00:00","dateModified":"2022-04-27T10:12:08+00:00","breadcrumb":{"@id":"https:\/\/www.geatech.it\/fr\/attrezzatura-ferroviaria\/tendeur-hydraulique-pour-soudure-mod-tisc\/#breadcrumb"},"inLanguage":"fr-FR","potentialAction":[{"@type":"ReadAction","target":["https:\/\/www.geatech.it\/fr\/attrezzatura-ferroviaria\/tendeur-hydraulique-pour-soudure-mod-tisc\/"]}]},{"@type":"ImageObject","inLanguage":"fr-FR","@id":"https:\/\/www.geatech.it\/fr\/attrezzatura-ferroviaria\/tendeur-hydraulique-pour-soudure-mod-tisc\/#primaryimage","url":"https:\/\/www.geatech.it\/wp-content\/uploads\/2022\/04\/trancia-idraulica-per-saldature-mod-tisc.jpg","contentUrl":"https:\/\/www.geatech.it\/wp-content\/uploads\/2022\/04\/trancia-idraulica-per-saldature-mod-tisc.jpg","width":450,"height":490},{"@type":"BreadcrumbList","@id":"https:\/\/www.geatech.it\/fr\/attrezzatura-ferroviaria\/tendeur-hydraulique-pour-soudure-mod-tisc\/#breadcrumb","itemListElement":[{"@type":"ListItem","position":1,"name":"Produits Geatech Group","item":"https:\/\/www.geatech.it\/prodotti\/"},{"@type":"ListItem","position":2,"name":"TENDEUR HYDRAULIQUE POUR SOUDURE Mod. TISC"}]},{"@type":"WebSite","@id":"https:\/\/www.geatech.it\/#website","url":"https:\/\/www.geatech.it\/","name":"Attrezzatura ferroviaria Geatech","description":"Geatech Group","publisher":{"@id":"https:\/\/www.geatech.it\/#organization"},"potentialAction":[{"@type":"SearchAction","target":{"@type":"EntryPoint","urlTemplate":"https:\/\/www.geatech.it\/?s={search_term_string}"},"query-input":"required name=search_term_string"}],"inLanguage":"fr-FR"},{"@type":"Organization","@id":"https:\/\/www.geatech.it\/#organization","name":"Geatech Srl","url":"https:\/\/www.geatech.it\/","logo":{"@type":"ImageObject","inLanguage":"fr-FR","@id":"https:\/\/www.geatech.it\/#\/schema\/logo\/image\/","url":"https:\/\/www.geatech.it\/wp-content\/uploads\/2020\/11\/Logo-varianti-giallo-grande.001.png","contentUrl":"https:\/\/www.geatech.it\/wp-content\/uploads\/2020\/11\/Logo-varianti-giallo-grande.001.png","width":500,"height":200,"caption":"Geatech Srl"},"image":{"@id":"https:\/\/www.geatech.it\/#\/schema\/logo\/image\/"}}]}},"_links":{"self":[{"href":"https:\/\/www.geatech.it\/fr\/wp-json\/wp\/v2\/product\/5982"}],"collection":[{"href":"https:\/\/www.geatech.it\/fr\/wp-json\/wp\/v2\/product"}],"about":[{"href":"https:\/\/www.geatech.it\/fr\/wp-json\/wp\/v2\/types\/product"}],"wp:featuredmedia":[{"embeddable":true,"href":"https:\/\/www.geatech.it\/fr\/wp-json\/wp\/v2\/media\/5977"}],"wp:attachment":[{"href":"https:\/\/www.geatech.it\/fr\/wp-json\/wp\/v2\/media?parent=5982"}],"wp:term":[{"taxonomy":"product_cat","embeddable":true,"href":"https:\/\/www.geatech.it\/fr\/wp-json\/wp\/v2\/product_cat?post=5982"},{"taxonomy":"product_tag","embeddable":true,"href":"https:\/\/www.geatech.it\/fr\/wp-json\/wp\/v2\/product_tag?post=5982"}],"curies":[{"name":"wp","href":"https:\/\/api.w.org\/{rel}","templated":true}]}}