{"id":5910,"date":"2022-04-27T10:11:53","date_gmt":"2022-04-27T10:11:53","guid":{"rendered":"https:\/\/www.geatech.it\/attrezzatura-ferroviaria\/scie-a-ruban-mod-sgn-licence-geatech\/"},"modified":"2022-04-27T10:11:53","modified_gmt":"2022-04-27T10:11:53","slug":"scie-a-ruban-mod-sgn-licence-geatech","status":"publish","type":"product","link":"https:\/\/www.geatech.it\/fr\/attrezzatura-ferroviaria\/scie-a-ruban-mod-sgn-licence-geatech\/","title":{"rendered":"SCIE \u00c0 RUBAN Mod. SGN (licence Geatech)"},"content":{"rendered":"<p>Versions: Cod.F1059A01: Moteur \u00e0 2 temps (1.4kW\/1.9Hp) Cod.F1059E01: Motore \u00e9lectrique (0,75 kW\/ 1Hp) Cod.07894: Bo\u00eetier m\u00e9tallique GEATECH Le mod\u00e8le SGN diff\u00e8re des mod\u00e8les actualment commercialis\u00e9s pour des solutions pens\u00e8es pour faciliter le travail des op\u00e9rateurs. L\u2019\u00e9tau est \u00e9quip\u00e9 d\u2019un indicateur de coupe pliable pratique, ce qui permet de positionner l\u2019arc dans la position exacte de coupe pr\u00e9c\u00e9demment marqu\u00e9e. En outre l\u2019\u00e9tau est s\u00e9parable de l\u2019arc, ceci facilite consid\u00e9rablement le transport et la fixation sur le rail. Sp\u00e9cifications techniques : Moteur \u00e0 2T de grande puissance Temps de coupe: 1&rsquo;45\u00a0\u00bb Poids total: 45kg<\/p>\n","protected":false},"excerpt":{"rendered":"<p>La scie \u00e0 ruban mod\u00e8le SGN a \u00e9t\u00e9 project\u00e9e pour le coupe de rails sans provoquer des \u00e9tincelles, comme c&rsquo;est le cas de le disque de coupe de rail.<\/p>\n","protected":false},"featured_media":5905,"template":"","meta":{"_et_pb_use_builder":"","_et_pb_old_content":"","_et_gb_content_width":""},"product_cat":[249],"product_tag":[],"yoast_head":"<!-- This site is optimized with the Yoast SEO plugin v22.9 - https:\/\/yoast.com\/wordpress\/plugins\/seo\/ -->\n<title>SCIE \u00c0 RUBAN Mod. SGN (licence Geatech) | Attrezzatura ferroviaria Geatech<\/title>\n<meta name=\"robots\" content=\"index, follow, max-snippet:-1, max-image-preview:large, max-video-preview:-1\" \/>\n<link rel=\"canonical\" href=\"https:\/\/www.geatech.it\/fr\/attrezzatura-ferroviaria\/scie-a-ruban-mod-sgn-licence-geatech\/\" \/>\n<meta property=\"og:locale\" content=\"fr_FR\" \/>\n<meta property=\"og:type\" content=\"article\" \/>\n<meta property=\"og:title\" content=\"SCIE \u00c0 RUBAN Mod. SGN (licence Geatech) | Attrezzatura ferroviaria Geatech\" \/>\n<meta property=\"og:description\" content=\"La scie \u00e0 ruban mod\u00e8le SGN a \u00e9t\u00e9 project\u00e9e pour le coupe de rails sans provoquer des \u00e9tincelles, comme c&#039;est le cas de le disque de coupe de rail.\" \/>\n<meta property=\"og:url\" content=\"https:\/\/www.geatech.it\/fr\/attrezzatura-ferroviaria\/scie-a-ruban-mod-sgn-licence-geatech\/\" \/>\n<meta property=\"og:site_name\" content=\"Attrezzatura ferroviaria Geatech\" \/>\n<meta property=\"og:image\" content=\"https:\/\/www.geatech.it\/wp-content\/uploads\/2022\/04\/sega-a-nastro-mod-sgn-brevetto-geatech.jpg\" \/>\n\t<meta property=\"og:image:width\" content=\"450\" \/>\n\t<meta property=\"og:image:height\" content=\"490\" \/>\n\t<meta property=\"og:image:type\" content=\"image\/jpeg\" \/>\n<meta name=\"twitter:card\" content=\"summary_large_image\" \/>\n<meta name=\"twitter:label1\" content=\"Dur\u00e9e de lecture estim\u00e9e\" \/>\n\t<meta name=\"twitter:data1\" content=\"1 minute\" \/>\n<script type=\"application\/ld+json\" class=\"yoast-schema-graph\">{\"@context\":\"https:\/\/schema.org\",\"@graph\":[{\"@type\":\"WebPage\",\"@id\":\"https:\/\/www.geatech.it\/fr\/attrezzatura-ferroviaria\/scie-a-ruban-mod-sgn-licence-geatech\/\",\"url\":\"https:\/\/www.geatech.it\/fr\/attrezzatura-ferroviaria\/scie-a-ruban-mod-sgn-licence-geatech\/\",\"name\":\"SCIE \u00c0 RUBAN Mod. SGN (licence Geatech) | Attrezzatura ferroviaria Geatech\",\"isPartOf\":{\"@id\":\"https:\/\/www.geatech.it\/#website\"},\"primaryImageOfPage\":{\"@id\":\"https:\/\/www.geatech.it\/fr\/attrezzatura-ferroviaria\/scie-a-ruban-mod-sgn-licence-geatech\/#primaryimage\"},\"image\":{\"@id\":\"https:\/\/www.geatech.it\/fr\/attrezzatura-ferroviaria\/scie-a-ruban-mod-sgn-licence-geatech\/#primaryimage\"},\"thumbnailUrl\":\"https:\/\/www.geatech.it\/wp-content\/uploads\/2022\/04\/sega-a-nastro-mod-sgn-brevetto-geatech.jpg\",\"datePublished\":\"2022-04-27T10:11:53+00:00\",\"dateModified\":\"2022-04-27T10:11:53+00:00\",\"breadcrumb\":{\"@id\":\"https:\/\/www.geatech.it\/fr\/attrezzatura-ferroviaria\/scie-a-ruban-mod-sgn-licence-geatech\/#breadcrumb\"},\"inLanguage\":\"fr-FR\",\"potentialAction\":[{\"@type\":\"ReadAction\",\"target\":[\"https:\/\/www.geatech.it\/fr\/attrezzatura-ferroviaria\/scie-a-ruban-mod-sgn-licence-geatech\/\"]}]},{\"@type\":\"ImageObject\",\"inLanguage\":\"fr-FR\",\"@id\":\"https:\/\/www.geatech.it\/fr\/attrezzatura-ferroviaria\/scie-a-ruban-mod-sgn-licence-geatech\/#primaryimage\",\"url\":\"https:\/\/www.geatech.it\/wp-content\/uploads\/2022\/04\/sega-a-nastro-mod-sgn-brevetto-geatech.jpg\",\"contentUrl\":\"https:\/\/www.geatech.it\/wp-content\/uploads\/2022\/04\/sega-a-nastro-mod-sgn-brevetto-geatech.jpg\",\"width\":450,\"height\":490},{\"@type\":\"BreadcrumbList\",\"@id\":\"https:\/\/www.geatech.it\/fr\/attrezzatura-ferroviaria\/scie-a-ruban-mod-sgn-licence-geatech\/#breadcrumb\",\"itemListElement\":[{\"@type\":\"ListItem\",\"position\":1,\"name\":\"Produits Geatech Group\",\"item\":\"https:\/\/www.geatech.it\/prodotti\/\"},{\"@type\":\"ListItem\",\"position\":2,\"name\":\"SCIE \u00c0 RUBAN Mod. SGN (licence Geatech)\"}]},{\"@type\":\"WebSite\",\"@id\":\"https:\/\/www.geatech.it\/#website\",\"url\":\"https:\/\/www.geatech.it\/\",\"name\":\"Attrezzatura ferroviaria Geatech\",\"description\":\"Geatech Group\",\"publisher\":{\"@id\":\"https:\/\/www.geatech.it\/#organization\"},\"potentialAction\":[{\"@type\":\"SearchAction\",\"target\":{\"@type\":\"EntryPoint\",\"urlTemplate\":\"https:\/\/www.geatech.it\/?s={search_term_string}\"},\"query-input\":\"required name=search_term_string\"}],\"inLanguage\":\"fr-FR\"},{\"@type\":\"Organization\",\"@id\":\"https:\/\/www.geatech.it\/#organization\",\"name\":\"Geatech Srl\",\"url\":\"https:\/\/www.geatech.it\/\",\"logo\":{\"@type\":\"ImageObject\",\"inLanguage\":\"fr-FR\",\"@id\":\"https:\/\/www.geatech.it\/#\/schema\/logo\/image\/\",\"url\":\"https:\/\/www.geatech.it\/wp-content\/uploads\/2020\/11\/Logo-varianti-giallo-grande.001.png\",\"contentUrl\":\"https:\/\/www.geatech.it\/wp-content\/uploads\/2020\/11\/Logo-varianti-giallo-grande.001.png\",\"width\":500,\"height\":200,\"caption\":\"Geatech Srl\"},\"image\":{\"@id\":\"https:\/\/www.geatech.it\/#\/schema\/logo\/image\/\"}}]}<\/script>\n<!-- \/ Yoast SEO plugin. -->","yoast_head_json":{"title":"SCIE \u00c0 RUBAN Mod. SGN (licence Geatech) | Attrezzatura ferroviaria Geatech","robots":{"index":"index","follow":"follow","max-snippet":"max-snippet:-1","max-image-preview":"max-image-preview:large","max-video-preview":"max-video-preview:-1"},"canonical":"https:\/\/www.geatech.it\/fr\/attrezzatura-ferroviaria\/scie-a-ruban-mod-sgn-licence-geatech\/","og_locale":"fr_FR","og_type":"article","og_title":"SCIE \u00c0 RUBAN Mod. SGN (licence Geatech) | Attrezzatura ferroviaria Geatech","og_description":"La scie \u00e0 ruban mod\u00e8le SGN a \u00e9t\u00e9 project\u00e9e pour le coupe de rails sans provoquer des \u00e9tincelles, comme c'est le cas de le disque de coupe de rail.","og_url":"https:\/\/www.geatech.it\/fr\/attrezzatura-ferroviaria\/scie-a-ruban-mod-sgn-licence-geatech\/","og_site_name":"Attrezzatura ferroviaria Geatech","og_image":[{"width":450,"height":490,"url":"https:\/\/www.geatech.it\/wp-content\/uploads\/2022\/04\/sega-a-nastro-mod-sgn-brevetto-geatech.jpg","type":"image\/jpeg"}],"twitter_card":"summary_large_image","twitter_misc":{"Dur\u00e9e de lecture estim\u00e9e":"1 minute"},"schema":{"@context":"https:\/\/schema.org","@graph":[{"@type":"WebPage","@id":"https:\/\/www.geatech.it\/fr\/attrezzatura-ferroviaria\/scie-a-ruban-mod-sgn-licence-geatech\/","url":"https:\/\/www.geatech.it\/fr\/attrezzatura-ferroviaria\/scie-a-ruban-mod-sgn-licence-geatech\/","name":"SCIE \u00c0 RUBAN Mod. SGN (licence Geatech) | Attrezzatura ferroviaria Geatech","isPartOf":{"@id":"https:\/\/www.geatech.it\/#website"},"primaryImageOfPage":{"@id":"https:\/\/www.geatech.it\/fr\/attrezzatura-ferroviaria\/scie-a-ruban-mod-sgn-licence-geatech\/#primaryimage"},"image":{"@id":"https:\/\/www.geatech.it\/fr\/attrezzatura-ferroviaria\/scie-a-ruban-mod-sgn-licence-geatech\/#primaryimage"},"thumbnailUrl":"https:\/\/www.geatech.it\/wp-content\/uploads\/2022\/04\/sega-a-nastro-mod-sgn-brevetto-geatech.jpg","datePublished":"2022-04-27T10:11:53+00:00","dateModified":"2022-04-27T10:11:53+00:00","breadcrumb":{"@id":"https:\/\/www.geatech.it\/fr\/attrezzatura-ferroviaria\/scie-a-ruban-mod-sgn-licence-geatech\/#breadcrumb"},"inLanguage":"fr-FR","potentialAction":[{"@type":"ReadAction","target":["https:\/\/www.geatech.it\/fr\/attrezzatura-ferroviaria\/scie-a-ruban-mod-sgn-licence-geatech\/"]}]},{"@type":"ImageObject","inLanguage":"fr-FR","@id":"https:\/\/www.geatech.it\/fr\/attrezzatura-ferroviaria\/scie-a-ruban-mod-sgn-licence-geatech\/#primaryimage","url":"https:\/\/www.geatech.it\/wp-content\/uploads\/2022\/04\/sega-a-nastro-mod-sgn-brevetto-geatech.jpg","contentUrl":"https:\/\/www.geatech.it\/wp-content\/uploads\/2022\/04\/sega-a-nastro-mod-sgn-brevetto-geatech.jpg","width":450,"height":490},{"@type":"BreadcrumbList","@id":"https:\/\/www.geatech.it\/fr\/attrezzatura-ferroviaria\/scie-a-ruban-mod-sgn-licence-geatech\/#breadcrumb","itemListElement":[{"@type":"ListItem","position":1,"name":"Produits Geatech Group","item":"https:\/\/www.geatech.it\/prodotti\/"},{"@type":"ListItem","position":2,"name":"SCIE \u00c0 RUBAN Mod. SGN (licence Geatech)"}]},{"@type":"WebSite","@id":"https:\/\/www.geatech.it\/#website","url":"https:\/\/www.geatech.it\/","name":"Attrezzatura ferroviaria Geatech","description":"Geatech Group","publisher":{"@id":"https:\/\/www.geatech.it\/#organization"},"potentialAction":[{"@type":"SearchAction","target":{"@type":"EntryPoint","urlTemplate":"https:\/\/www.geatech.it\/?s={search_term_string}"},"query-input":"required name=search_term_string"}],"inLanguage":"fr-FR"},{"@type":"Organization","@id":"https:\/\/www.geatech.it\/#organization","name":"Geatech Srl","url":"https:\/\/www.geatech.it\/","logo":{"@type":"ImageObject","inLanguage":"fr-FR","@id":"https:\/\/www.geatech.it\/#\/schema\/logo\/image\/","url":"https:\/\/www.geatech.it\/wp-content\/uploads\/2020\/11\/Logo-varianti-giallo-grande.001.png","contentUrl":"https:\/\/www.geatech.it\/wp-content\/uploads\/2020\/11\/Logo-varianti-giallo-grande.001.png","width":500,"height":200,"caption":"Geatech Srl"},"image":{"@id":"https:\/\/www.geatech.it\/#\/schema\/logo\/image\/"}}]}},"_links":{"self":[{"href":"https:\/\/www.geatech.it\/fr\/wp-json\/wp\/v2\/product\/5910"}],"collection":[{"href":"https:\/\/www.geatech.it\/fr\/wp-json\/wp\/v2\/product"}],"about":[{"href":"https:\/\/www.geatech.it\/fr\/wp-json\/wp\/v2\/types\/product"}],"wp:featuredmedia":[{"embeddable":true,"href":"https:\/\/www.geatech.it\/fr\/wp-json\/wp\/v2\/media\/5905"}],"wp:attachment":[{"href":"https:\/\/www.geatech.it\/fr\/wp-json\/wp\/v2\/media?parent=5910"}],"wp:term":[{"taxonomy":"product_cat","embeddable":true,"href":"https:\/\/www.geatech.it\/fr\/wp-json\/wp\/v2\/product_cat?post=5910"},{"taxonomy":"product_tag","embeddable":true,"href":"https:\/\/www.geatech.it\/fr\/wp-json\/wp\/v2\/product_tag?post=5910"}],"curies":[{"name":"wp","href":"https:\/\/api.w.org\/{rel}","templated":true}]}}