{"id":5838,"date":"2022-04-27T10:11:36","date_gmt":"2022-04-27T10:11:36","guid":{"rendered":"https:\/\/www.geatech.it\/attrezzatura-ferroviaria\/tirefonneuse-hydraulique-mod-inh\/"},"modified":"2022-04-27T10:11:36","modified_gmt":"2022-04-27T10:11:36","slug":"tirefonneuse-hydraulique-mod-inh","status":"publish","type":"product","link":"https:\/\/www.geatech.it\/fr\/attrezzatura-ferroviaria\/tirefonneuse-hydraulique-mod-inh\/","title":{"rendered":"TIREFONNEUSE HYDRAULIQUE Mod. INH"},"content":{"rendered":"<p>Versions: Cod.F1041B01: moteur \u00e0 4 temps (6.3kW\/8.4Hp) Cod.F1041D01: moteur diesel (5.5kW\/7.5Hp) Poids: 154-163kg Cliquez ici pour plus de d\u00e9tails sur DOUILLES POUR TIREFONNEUSE ET CL\u00c9 \u00c1 CHOC.<\/p>\n","protected":false},"excerpt":{"rendered":"<p>Machine projet\u00e9e pour la maintenence et le montage des rails avec attaches de type \u00ab\u00a0K\u00a0\u00bb. C&rsquo;est \u00e9quip\u00e9e d&rsquo;un r\u00e9glage du couple et ch\u00e2ssis d\u00e9montable.<\/p>\n","protected":false},"featured_media":5833,"template":"","meta":{"_et_pb_use_builder":"","_et_pb_old_content":"","_et_gb_content_width":""},"product_cat":[247],"product_tag":[],"yoast_head":"<!-- This site is optimized with the Yoast SEO plugin v22.9 - https:\/\/yoast.com\/wordpress\/plugins\/seo\/ -->\n<title>TIREFONNEUSE HYDRAULIQUE Mod. INH | Attrezzatura ferroviaria Geatech<\/title>\n<meta name=\"robots\" content=\"index, follow, max-snippet:-1, max-image-preview:large, max-video-preview:-1\" \/>\n<link rel=\"canonical\" href=\"https:\/\/www.geatech.it\/fr\/attrezzatura-ferroviaria\/tirefonneuse-hydraulique-mod-inh\/\" \/>\n<meta property=\"og:locale\" content=\"fr_FR\" \/>\n<meta property=\"og:type\" content=\"article\" \/>\n<meta property=\"og:title\" content=\"TIREFONNEUSE HYDRAULIQUE Mod. INH | Attrezzatura ferroviaria Geatech\" \/>\n<meta property=\"og:description\" content=\"Machine projet\u00e9e pour la maintenence et le montage des rails avec attaches de type &quot;K&quot;. C&#039;est \u00e9quip\u00e9e d&#039;un r\u00e9glage du couple et ch\u00e2ssis d\u00e9montable.\" \/>\n<meta property=\"og:url\" content=\"https:\/\/www.geatech.it\/fr\/attrezzatura-ferroviaria\/tirefonneuse-hydraulique-mod-inh\/\" \/>\n<meta property=\"og:site_name\" content=\"Attrezzatura ferroviaria Geatech\" \/>\n<meta property=\"og:image\" content=\"https:\/\/www.geatech.it\/wp-content\/uploads\/2022\/04\/incavigliatrice-idraulica-mod-inh.jpg\" \/>\n\t<meta property=\"og:image:width\" content=\"450\" \/>\n\t<meta property=\"og:image:height\" content=\"490\" \/>\n\t<meta property=\"og:image:type\" content=\"image\/jpeg\" \/>\n<meta name=\"twitter:card\" content=\"summary_large_image\" \/>\n<script type=\"application\/ld+json\" class=\"yoast-schema-graph\">{\"@context\":\"https:\/\/schema.org\",\"@graph\":[{\"@type\":\"WebPage\",\"@id\":\"https:\/\/www.geatech.it\/fr\/attrezzatura-ferroviaria\/tirefonneuse-hydraulique-mod-inh\/\",\"url\":\"https:\/\/www.geatech.it\/fr\/attrezzatura-ferroviaria\/tirefonneuse-hydraulique-mod-inh\/\",\"name\":\"TIREFONNEUSE HYDRAULIQUE Mod. INH | Attrezzatura ferroviaria Geatech\",\"isPartOf\":{\"@id\":\"https:\/\/www.geatech.it\/#website\"},\"primaryImageOfPage\":{\"@id\":\"https:\/\/www.geatech.it\/fr\/attrezzatura-ferroviaria\/tirefonneuse-hydraulique-mod-inh\/#primaryimage\"},\"image\":{\"@id\":\"https:\/\/www.geatech.it\/fr\/attrezzatura-ferroviaria\/tirefonneuse-hydraulique-mod-inh\/#primaryimage\"},\"thumbnailUrl\":\"https:\/\/www.geatech.it\/wp-content\/uploads\/2022\/04\/incavigliatrice-idraulica-mod-inh.jpg\",\"datePublished\":\"2022-04-27T10:11:36+00:00\",\"dateModified\":\"2022-04-27T10:11:36+00:00\",\"breadcrumb\":{\"@id\":\"https:\/\/www.geatech.it\/fr\/attrezzatura-ferroviaria\/tirefonneuse-hydraulique-mod-inh\/#breadcrumb\"},\"inLanguage\":\"fr-FR\",\"potentialAction\":[{\"@type\":\"ReadAction\",\"target\":[\"https:\/\/www.geatech.it\/fr\/attrezzatura-ferroviaria\/tirefonneuse-hydraulique-mod-inh\/\"]}]},{\"@type\":\"ImageObject\",\"inLanguage\":\"fr-FR\",\"@id\":\"https:\/\/www.geatech.it\/fr\/attrezzatura-ferroviaria\/tirefonneuse-hydraulique-mod-inh\/#primaryimage\",\"url\":\"https:\/\/www.geatech.it\/wp-content\/uploads\/2022\/04\/incavigliatrice-idraulica-mod-inh.jpg\",\"contentUrl\":\"https:\/\/www.geatech.it\/wp-content\/uploads\/2022\/04\/incavigliatrice-idraulica-mod-inh.jpg\",\"width\":450,\"height\":490},{\"@type\":\"BreadcrumbList\",\"@id\":\"https:\/\/www.geatech.it\/fr\/attrezzatura-ferroviaria\/tirefonneuse-hydraulique-mod-inh\/#breadcrumb\",\"itemListElement\":[{\"@type\":\"ListItem\",\"position\":1,\"name\":\"Produits Geatech Group\",\"item\":\"https:\/\/www.geatech.it\/prodotti\/\"},{\"@type\":\"ListItem\",\"position\":2,\"name\":\"TIREFONNEUSE HYDRAULIQUE Mod. INH\"}]},{\"@type\":\"WebSite\",\"@id\":\"https:\/\/www.geatech.it\/#website\",\"url\":\"https:\/\/www.geatech.it\/\",\"name\":\"Attrezzatura ferroviaria Geatech\",\"description\":\"Geatech Group\",\"publisher\":{\"@id\":\"https:\/\/www.geatech.it\/#organization\"},\"potentialAction\":[{\"@type\":\"SearchAction\",\"target\":{\"@type\":\"EntryPoint\",\"urlTemplate\":\"https:\/\/www.geatech.it\/?s={search_term_string}\"},\"query-input\":\"required name=search_term_string\"}],\"inLanguage\":\"fr-FR\"},{\"@type\":\"Organization\",\"@id\":\"https:\/\/www.geatech.it\/#organization\",\"name\":\"Geatech Srl\",\"url\":\"https:\/\/www.geatech.it\/\",\"logo\":{\"@type\":\"ImageObject\",\"inLanguage\":\"fr-FR\",\"@id\":\"https:\/\/www.geatech.it\/#\/schema\/logo\/image\/\",\"url\":\"https:\/\/www.geatech.it\/wp-content\/uploads\/2020\/11\/Logo-varianti-giallo-grande.001.png\",\"contentUrl\":\"https:\/\/www.geatech.it\/wp-content\/uploads\/2020\/11\/Logo-varianti-giallo-grande.001.png\",\"width\":500,\"height\":200,\"caption\":\"Geatech Srl\"},\"image\":{\"@id\":\"https:\/\/www.geatech.it\/#\/schema\/logo\/image\/\"}}]}<\/script>\n<!-- \/ Yoast SEO plugin. -->","yoast_head_json":{"title":"TIREFONNEUSE HYDRAULIQUE Mod. INH | Attrezzatura ferroviaria Geatech","robots":{"index":"index","follow":"follow","max-snippet":"max-snippet:-1","max-image-preview":"max-image-preview:large","max-video-preview":"max-video-preview:-1"},"canonical":"https:\/\/www.geatech.it\/fr\/attrezzatura-ferroviaria\/tirefonneuse-hydraulique-mod-inh\/","og_locale":"fr_FR","og_type":"article","og_title":"TIREFONNEUSE HYDRAULIQUE Mod. INH | Attrezzatura ferroviaria Geatech","og_description":"Machine projet\u00e9e pour la maintenence et le montage des rails avec attaches de type \"K\". C'est \u00e9quip\u00e9e d'un r\u00e9glage du couple et ch\u00e2ssis d\u00e9montable.","og_url":"https:\/\/www.geatech.it\/fr\/attrezzatura-ferroviaria\/tirefonneuse-hydraulique-mod-inh\/","og_site_name":"Attrezzatura ferroviaria Geatech","og_image":[{"width":450,"height":490,"url":"https:\/\/www.geatech.it\/wp-content\/uploads\/2022\/04\/incavigliatrice-idraulica-mod-inh.jpg","type":"image\/jpeg"}],"twitter_card":"summary_large_image","schema":{"@context":"https:\/\/schema.org","@graph":[{"@type":"WebPage","@id":"https:\/\/www.geatech.it\/fr\/attrezzatura-ferroviaria\/tirefonneuse-hydraulique-mod-inh\/","url":"https:\/\/www.geatech.it\/fr\/attrezzatura-ferroviaria\/tirefonneuse-hydraulique-mod-inh\/","name":"TIREFONNEUSE HYDRAULIQUE Mod. INH | Attrezzatura ferroviaria Geatech","isPartOf":{"@id":"https:\/\/www.geatech.it\/#website"},"primaryImageOfPage":{"@id":"https:\/\/www.geatech.it\/fr\/attrezzatura-ferroviaria\/tirefonneuse-hydraulique-mod-inh\/#primaryimage"},"image":{"@id":"https:\/\/www.geatech.it\/fr\/attrezzatura-ferroviaria\/tirefonneuse-hydraulique-mod-inh\/#primaryimage"},"thumbnailUrl":"https:\/\/www.geatech.it\/wp-content\/uploads\/2022\/04\/incavigliatrice-idraulica-mod-inh.jpg","datePublished":"2022-04-27T10:11:36+00:00","dateModified":"2022-04-27T10:11:36+00:00","breadcrumb":{"@id":"https:\/\/www.geatech.it\/fr\/attrezzatura-ferroviaria\/tirefonneuse-hydraulique-mod-inh\/#breadcrumb"},"inLanguage":"fr-FR","potentialAction":[{"@type":"ReadAction","target":["https:\/\/www.geatech.it\/fr\/attrezzatura-ferroviaria\/tirefonneuse-hydraulique-mod-inh\/"]}]},{"@type":"ImageObject","inLanguage":"fr-FR","@id":"https:\/\/www.geatech.it\/fr\/attrezzatura-ferroviaria\/tirefonneuse-hydraulique-mod-inh\/#primaryimage","url":"https:\/\/www.geatech.it\/wp-content\/uploads\/2022\/04\/incavigliatrice-idraulica-mod-inh.jpg","contentUrl":"https:\/\/www.geatech.it\/wp-content\/uploads\/2022\/04\/incavigliatrice-idraulica-mod-inh.jpg","width":450,"height":490},{"@type":"BreadcrumbList","@id":"https:\/\/www.geatech.it\/fr\/attrezzatura-ferroviaria\/tirefonneuse-hydraulique-mod-inh\/#breadcrumb","itemListElement":[{"@type":"ListItem","position":1,"name":"Produits Geatech Group","item":"https:\/\/www.geatech.it\/prodotti\/"},{"@type":"ListItem","position":2,"name":"TIREFONNEUSE HYDRAULIQUE Mod. INH"}]},{"@type":"WebSite","@id":"https:\/\/www.geatech.it\/#website","url":"https:\/\/www.geatech.it\/","name":"Attrezzatura ferroviaria Geatech","description":"Geatech Group","publisher":{"@id":"https:\/\/www.geatech.it\/#organization"},"potentialAction":[{"@type":"SearchAction","target":{"@type":"EntryPoint","urlTemplate":"https:\/\/www.geatech.it\/?s={search_term_string}"},"query-input":"required name=search_term_string"}],"inLanguage":"fr-FR"},{"@type":"Organization","@id":"https:\/\/www.geatech.it\/#organization","name":"Geatech Srl","url":"https:\/\/www.geatech.it\/","logo":{"@type":"ImageObject","inLanguage":"fr-FR","@id":"https:\/\/www.geatech.it\/#\/schema\/logo\/image\/","url":"https:\/\/www.geatech.it\/wp-content\/uploads\/2020\/11\/Logo-varianti-giallo-grande.001.png","contentUrl":"https:\/\/www.geatech.it\/wp-content\/uploads\/2020\/11\/Logo-varianti-giallo-grande.001.png","width":500,"height":200,"caption":"Geatech Srl"},"image":{"@id":"https:\/\/www.geatech.it\/#\/schema\/logo\/image\/"}}]}},"_links":{"self":[{"href":"https:\/\/www.geatech.it\/fr\/wp-json\/wp\/v2\/product\/5838"}],"collection":[{"href":"https:\/\/www.geatech.it\/fr\/wp-json\/wp\/v2\/product"}],"about":[{"href":"https:\/\/www.geatech.it\/fr\/wp-json\/wp\/v2\/types\/product"}],"wp:featuredmedia":[{"embeddable":true,"href":"https:\/\/www.geatech.it\/fr\/wp-json\/wp\/v2\/media\/5833"}],"wp:attachment":[{"href":"https:\/\/www.geatech.it\/fr\/wp-json\/wp\/v2\/media?parent=5838"}],"wp:term":[{"taxonomy":"product_cat","embeddable":true,"href":"https:\/\/www.geatech.it\/fr\/wp-json\/wp\/v2\/product_cat?post=5838"},{"taxonomy":"product_tag","embeddable":true,"href":"https:\/\/www.geatech.it\/fr\/wp-json\/wp\/v2\/product_tag?post=5838"}],"curies":[{"name":"wp","href":"https:\/\/api.w.org\/{rel}","templated":true}]}}