{"id":5832,"date":"2022-04-27T10:11:35","date_gmt":"2022-04-27T10:11:35","guid":{"rendered":"https:\/\/www.geatech.it\/attrezzatura-ferroviaria\/tirefonneuse-hydraulique-a-double-tete-mod-inh2\/"},"modified":"2022-04-27T10:11:35","modified_gmt":"2022-04-27T10:11:35","slug":"tirefonneuse-hydraulique-a-double-tete-mod-inh2","status":"publish","type":"product","link":"https:\/\/www.geatech.it\/fr\/attrezzatura-ferroviaria\/tirefonneuse-hydraulique-a-double-tete-mod-inh2\/","title":{"rendered":"TIREFONNEUSE HYDRAULIQUE \u00c0 DOUBLE T\u00caTE Mod. INH2"},"content":{"rendered":"<p>Versions: Cod.F1042B01: moteur \u00e0 4 temps (8.7kW\/12Hp) Cod.F1042D01: moteur diesel (8kW\/11Hp) Poids: 240-255kg Cliquez ici pour plus de d\u00e9tails sur DOUILLES POUR TIREFONNEUSE ET CL\u00c9 \u00c1 CHOC.<\/p>\n","protected":false},"excerpt":{"rendered":"<p>Machine utilis\u00e9e pour le r\u00e9glage et la maintenance des rails avec attaches type \u00ab\u00a0K\u00a0\u00bb. C&rsquo;est \u00e9quip\u00e9e d&rsquo;un r\u00e9glage du couple et ch\u00e2ssis d\u00e9montable.<\/p>\n","protected":false},"featured_media":5827,"template":"","meta":{"_et_pb_use_builder":"","_et_pb_old_content":"","_et_gb_content_width":""},"product_cat":[247],"product_tag":[],"yoast_head":"<!-- This site is optimized with the Yoast SEO plugin v22.9 - https:\/\/yoast.com\/wordpress\/plugins\/seo\/ -->\n<title>TIREFONNEUSE HYDRAULIQUE \u00c0 DOUBLE T\u00caTE Mod. INH2 | Attrezzatura ferroviaria Geatech<\/title>\n<meta name=\"robots\" content=\"index, follow, max-snippet:-1, max-image-preview:large, max-video-preview:-1\" \/>\n<link rel=\"canonical\" href=\"https:\/\/www.geatech.it\/fr\/attrezzatura-ferroviaria\/tirefonneuse-hydraulique-a-double-tete-mod-inh2\/\" \/>\n<meta property=\"og:locale\" content=\"fr_FR\" \/>\n<meta property=\"og:type\" content=\"article\" \/>\n<meta property=\"og:title\" content=\"TIREFONNEUSE HYDRAULIQUE \u00c0 DOUBLE T\u00caTE Mod. INH2 | Attrezzatura ferroviaria Geatech\" \/>\n<meta property=\"og:description\" content=\"Machine utilis\u00e9e pour le r\u00e9glage et la maintenance des rails avec attaches type &quot;K&quot;. C&#039;est \u00e9quip\u00e9e d&#039;un r\u00e9glage du couple et ch\u00e2ssis d\u00e9montable.\" \/>\n<meta property=\"og:url\" content=\"https:\/\/www.geatech.it\/fr\/attrezzatura-ferroviaria\/tirefonneuse-hydraulique-a-double-tete-mod-inh2\/\" \/>\n<meta property=\"og:site_name\" content=\"Attrezzatura ferroviaria Geatech\" \/>\n<meta property=\"og:image\" content=\"https:\/\/www.geatech.it\/wp-content\/uploads\/2022\/04\/incavigliatrice-idraulica-doppia-testa-mod-inh2.jpg\" \/>\n\t<meta property=\"og:image:width\" content=\"450\" \/>\n\t<meta property=\"og:image:height\" content=\"490\" \/>\n\t<meta property=\"og:image:type\" content=\"image\/jpeg\" \/>\n<meta name=\"twitter:card\" content=\"summary_large_image\" \/>\n<script type=\"application\/ld+json\" class=\"yoast-schema-graph\">{\"@context\":\"https:\/\/schema.org\",\"@graph\":[{\"@type\":\"WebPage\",\"@id\":\"https:\/\/www.geatech.it\/fr\/attrezzatura-ferroviaria\/tirefonneuse-hydraulique-a-double-tete-mod-inh2\/\",\"url\":\"https:\/\/www.geatech.it\/fr\/attrezzatura-ferroviaria\/tirefonneuse-hydraulique-a-double-tete-mod-inh2\/\",\"name\":\"TIREFONNEUSE HYDRAULIQUE \u00c0 DOUBLE T\u00caTE Mod. INH2 | Attrezzatura ferroviaria Geatech\",\"isPartOf\":{\"@id\":\"https:\/\/www.geatech.it\/#website\"},\"primaryImageOfPage\":{\"@id\":\"https:\/\/www.geatech.it\/fr\/attrezzatura-ferroviaria\/tirefonneuse-hydraulique-a-double-tete-mod-inh2\/#primaryimage\"},\"image\":{\"@id\":\"https:\/\/www.geatech.it\/fr\/attrezzatura-ferroviaria\/tirefonneuse-hydraulique-a-double-tete-mod-inh2\/#primaryimage\"},\"thumbnailUrl\":\"https:\/\/www.geatech.it\/wp-content\/uploads\/2022\/04\/incavigliatrice-idraulica-doppia-testa-mod-inh2.jpg\",\"datePublished\":\"2022-04-27T10:11:35+00:00\",\"dateModified\":\"2022-04-27T10:11:35+00:00\",\"breadcrumb\":{\"@id\":\"https:\/\/www.geatech.it\/fr\/attrezzatura-ferroviaria\/tirefonneuse-hydraulique-a-double-tete-mod-inh2\/#breadcrumb\"},\"inLanguage\":\"fr-FR\",\"potentialAction\":[{\"@type\":\"ReadAction\",\"target\":[\"https:\/\/www.geatech.it\/fr\/attrezzatura-ferroviaria\/tirefonneuse-hydraulique-a-double-tete-mod-inh2\/\"]}]},{\"@type\":\"ImageObject\",\"inLanguage\":\"fr-FR\",\"@id\":\"https:\/\/www.geatech.it\/fr\/attrezzatura-ferroviaria\/tirefonneuse-hydraulique-a-double-tete-mod-inh2\/#primaryimage\",\"url\":\"https:\/\/www.geatech.it\/wp-content\/uploads\/2022\/04\/incavigliatrice-idraulica-doppia-testa-mod-inh2.jpg\",\"contentUrl\":\"https:\/\/www.geatech.it\/wp-content\/uploads\/2022\/04\/incavigliatrice-idraulica-doppia-testa-mod-inh2.jpg\",\"width\":450,\"height\":490},{\"@type\":\"BreadcrumbList\",\"@id\":\"https:\/\/www.geatech.it\/fr\/attrezzatura-ferroviaria\/tirefonneuse-hydraulique-a-double-tete-mod-inh2\/#breadcrumb\",\"itemListElement\":[{\"@type\":\"ListItem\",\"position\":1,\"name\":\"Produits Geatech Group\",\"item\":\"https:\/\/www.geatech.it\/prodotti\/\"},{\"@type\":\"ListItem\",\"position\":2,\"name\":\"TIREFONNEUSE HYDRAULIQUE \u00c0 DOUBLE T\u00caTE Mod. INH2\"}]},{\"@type\":\"WebSite\",\"@id\":\"https:\/\/www.geatech.it\/#website\",\"url\":\"https:\/\/www.geatech.it\/\",\"name\":\"Attrezzatura ferroviaria Geatech\",\"description\":\"Geatech Group\",\"publisher\":{\"@id\":\"https:\/\/www.geatech.it\/#organization\"},\"potentialAction\":[{\"@type\":\"SearchAction\",\"target\":{\"@type\":\"EntryPoint\",\"urlTemplate\":\"https:\/\/www.geatech.it\/?s={search_term_string}\"},\"query-input\":\"required name=search_term_string\"}],\"inLanguage\":\"fr-FR\"},{\"@type\":\"Organization\",\"@id\":\"https:\/\/www.geatech.it\/#organization\",\"name\":\"Geatech Srl\",\"url\":\"https:\/\/www.geatech.it\/\",\"logo\":{\"@type\":\"ImageObject\",\"inLanguage\":\"fr-FR\",\"@id\":\"https:\/\/www.geatech.it\/#\/schema\/logo\/image\/\",\"url\":\"https:\/\/www.geatech.it\/wp-content\/uploads\/2020\/11\/Logo-varianti-giallo-grande.001.png\",\"contentUrl\":\"https:\/\/www.geatech.it\/wp-content\/uploads\/2020\/11\/Logo-varianti-giallo-grande.001.png\",\"width\":500,\"height\":200,\"caption\":\"Geatech Srl\"},\"image\":{\"@id\":\"https:\/\/www.geatech.it\/#\/schema\/logo\/image\/\"}}]}<\/script>\n<!-- \/ Yoast SEO plugin. -->","yoast_head_json":{"title":"TIREFONNEUSE HYDRAULIQUE \u00c0 DOUBLE T\u00caTE Mod. INH2 | Attrezzatura ferroviaria Geatech","robots":{"index":"index","follow":"follow","max-snippet":"max-snippet:-1","max-image-preview":"max-image-preview:large","max-video-preview":"max-video-preview:-1"},"canonical":"https:\/\/www.geatech.it\/fr\/attrezzatura-ferroviaria\/tirefonneuse-hydraulique-a-double-tete-mod-inh2\/","og_locale":"fr_FR","og_type":"article","og_title":"TIREFONNEUSE HYDRAULIQUE \u00c0 DOUBLE T\u00caTE Mod. INH2 | Attrezzatura ferroviaria Geatech","og_description":"Machine utilis\u00e9e pour le r\u00e9glage et la maintenance des rails avec attaches type \"K\". C'est \u00e9quip\u00e9e d'un r\u00e9glage du couple et ch\u00e2ssis d\u00e9montable.","og_url":"https:\/\/www.geatech.it\/fr\/attrezzatura-ferroviaria\/tirefonneuse-hydraulique-a-double-tete-mod-inh2\/","og_site_name":"Attrezzatura ferroviaria Geatech","og_image":[{"width":450,"height":490,"url":"https:\/\/www.geatech.it\/wp-content\/uploads\/2022\/04\/incavigliatrice-idraulica-doppia-testa-mod-inh2.jpg","type":"image\/jpeg"}],"twitter_card":"summary_large_image","schema":{"@context":"https:\/\/schema.org","@graph":[{"@type":"WebPage","@id":"https:\/\/www.geatech.it\/fr\/attrezzatura-ferroviaria\/tirefonneuse-hydraulique-a-double-tete-mod-inh2\/","url":"https:\/\/www.geatech.it\/fr\/attrezzatura-ferroviaria\/tirefonneuse-hydraulique-a-double-tete-mod-inh2\/","name":"TIREFONNEUSE HYDRAULIQUE \u00c0 DOUBLE T\u00caTE Mod. INH2 | Attrezzatura ferroviaria Geatech","isPartOf":{"@id":"https:\/\/www.geatech.it\/#website"},"primaryImageOfPage":{"@id":"https:\/\/www.geatech.it\/fr\/attrezzatura-ferroviaria\/tirefonneuse-hydraulique-a-double-tete-mod-inh2\/#primaryimage"},"image":{"@id":"https:\/\/www.geatech.it\/fr\/attrezzatura-ferroviaria\/tirefonneuse-hydraulique-a-double-tete-mod-inh2\/#primaryimage"},"thumbnailUrl":"https:\/\/www.geatech.it\/wp-content\/uploads\/2022\/04\/incavigliatrice-idraulica-doppia-testa-mod-inh2.jpg","datePublished":"2022-04-27T10:11:35+00:00","dateModified":"2022-04-27T10:11:35+00:00","breadcrumb":{"@id":"https:\/\/www.geatech.it\/fr\/attrezzatura-ferroviaria\/tirefonneuse-hydraulique-a-double-tete-mod-inh2\/#breadcrumb"},"inLanguage":"fr-FR","potentialAction":[{"@type":"ReadAction","target":["https:\/\/www.geatech.it\/fr\/attrezzatura-ferroviaria\/tirefonneuse-hydraulique-a-double-tete-mod-inh2\/"]}]},{"@type":"ImageObject","inLanguage":"fr-FR","@id":"https:\/\/www.geatech.it\/fr\/attrezzatura-ferroviaria\/tirefonneuse-hydraulique-a-double-tete-mod-inh2\/#primaryimage","url":"https:\/\/www.geatech.it\/wp-content\/uploads\/2022\/04\/incavigliatrice-idraulica-doppia-testa-mod-inh2.jpg","contentUrl":"https:\/\/www.geatech.it\/wp-content\/uploads\/2022\/04\/incavigliatrice-idraulica-doppia-testa-mod-inh2.jpg","width":450,"height":490},{"@type":"BreadcrumbList","@id":"https:\/\/www.geatech.it\/fr\/attrezzatura-ferroviaria\/tirefonneuse-hydraulique-a-double-tete-mod-inh2\/#breadcrumb","itemListElement":[{"@type":"ListItem","position":1,"name":"Produits Geatech Group","item":"https:\/\/www.geatech.it\/prodotti\/"},{"@type":"ListItem","position":2,"name":"TIREFONNEUSE HYDRAULIQUE \u00c0 DOUBLE T\u00caTE Mod. INH2"}]},{"@type":"WebSite","@id":"https:\/\/www.geatech.it\/#website","url":"https:\/\/www.geatech.it\/","name":"Attrezzatura ferroviaria Geatech","description":"Geatech Group","publisher":{"@id":"https:\/\/www.geatech.it\/#organization"},"potentialAction":[{"@type":"SearchAction","target":{"@type":"EntryPoint","urlTemplate":"https:\/\/www.geatech.it\/?s={search_term_string}"},"query-input":"required name=search_term_string"}],"inLanguage":"fr-FR"},{"@type":"Organization","@id":"https:\/\/www.geatech.it\/#organization","name":"Geatech Srl","url":"https:\/\/www.geatech.it\/","logo":{"@type":"ImageObject","inLanguage":"fr-FR","@id":"https:\/\/www.geatech.it\/#\/schema\/logo\/image\/","url":"https:\/\/www.geatech.it\/wp-content\/uploads\/2020\/11\/Logo-varianti-giallo-grande.001.png","contentUrl":"https:\/\/www.geatech.it\/wp-content\/uploads\/2020\/11\/Logo-varianti-giallo-grande.001.png","width":500,"height":200,"caption":"Geatech Srl"},"image":{"@id":"https:\/\/www.geatech.it\/#\/schema\/logo\/image\/"}}]}},"_links":{"self":[{"href":"https:\/\/www.geatech.it\/fr\/wp-json\/wp\/v2\/product\/5832"}],"collection":[{"href":"https:\/\/www.geatech.it\/fr\/wp-json\/wp\/v2\/product"}],"about":[{"href":"https:\/\/www.geatech.it\/fr\/wp-json\/wp\/v2\/types\/product"}],"wp:featuredmedia":[{"embeddable":true,"href":"https:\/\/www.geatech.it\/fr\/wp-json\/wp\/v2\/media\/5827"}],"wp:attachment":[{"href":"https:\/\/www.geatech.it\/fr\/wp-json\/wp\/v2\/media?parent=5832"}],"wp:term":[{"taxonomy":"product_cat","embeddable":true,"href":"https:\/\/www.geatech.it\/fr\/wp-json\/wp\/v2\/product_cat?post=5832"},{"taxonomy":"product_tag","embeddable":true,"href":"https:\/\/www.geatech.it\/fr\/wp-json\/wp\/v2\/product_tag?post=5832"}],"curies":[{"name":"wp","href":"https:\/\/api.w.org\/{rel}","templated":true}]}}