{"id":5778,"date":"2022-04-27T10:11:19","date_gmt":"2022-04-27T10:11:19","guid":{"rendered":"https:\/\/www.geatech.it\/attrezzatura-ferroviaria\/chariot-demontable-pour-cle-a-choc-et-perceuse-de-traverse\/"},"modified":"2022-04-27T10:11:19","modified_gmt":"2022-04-27T10:11:19","slug":"chariot-demontable-pour-cle-a-choc-et-perceuse-de-traverse","status":"publish","type":"product","link":"https:\/\/www.geatech.it\/fr\/attrezzatura-ferroviaria\/chariot-demontable-pour-cle-a-choc-et-perceuse-de-traverse\/","title":{"rendered":"CHARIOT D\u00c9MONTABLE POUR CL\u00c9 \u00c0 CHOC ET PERCEUSE DE TRAVERSE"},"content":{"rendered":"<p>Versions: Cod.F1099: chariot pour cl\u00e9 \u00e0 choc LV Cod.F1099A02: chariot pour cl\u00e9 \u00e0 choc SH-02 Poids: 31kg<\/p>\n","protected":false},"excerpt":{"rendered":"<p>Chariot d\u00e9montable pour cl\u00e9 a choc.<\/p>\n","protected":false},"featured_media":5773,"template":"","meta":{"_et_pb_use_builder":"","_et_pb_old_content":"","_et_gb_content_width":""},"product_cat":[243],"product_tag":[],"yoast_head":"<!-- This site is optimized with the Yoast SEO plugin v22.9 - https:\/\/yoast.com\/wordpress\/plugins\/seo\/ -->\n<title>CHARIOT D\u00c9MONTABLE POUR CL\u00c9 \u00c0 CHOC ET PERCEUSE DE TRAVERSE | Attrezzatura ferroviaria Geatech<\/title>\n<meta name=\"robots\" content=\"index, follow, max-snippet:-1, max-image-preview:large, max-video-preview:-1\" \/>\n<link rel=\"canonical\" href=\"https:\/\/www.geatech.it\/fr\/attrezzatura-ferroviaria\/chariot-demontable-pour-cle-a-choc-et-perceuse-de-traverse\/\" \/>\n<meta property=\"og:locale\" content=\"fr_FR\" \/>\n<meta property=\"og:type\" content=\"article\" \/>\n<meta property=\"og:title\" content=\"CHARIOT D\u00c9MONTABLE POUR CL\u00c9 \u00c0 CHOC ET PERCEUSE DE TRAVERSE | Attrezzatura ferroviaria Geatech\" \/>\n<meta property=\"og:description\" content=\"Chariot d\u00e9montable pour cl\u00e9 a choc.\" \/>\n<meta property=\"og:url\" content=\"https:\/\/www.geatech.it\/fr\/attrezzatura-ferroviaria\/chariot-demontable-pour-cle-a-choc-et-perceuse-de-traverse\/\" \/>\n<meta property=\"og:site_name\" content=\"Attrezzatura ferroviaria Geatech\" \/>\n<meta property=\"og:image\" content=\"https:\/\/www.geatech.it\/wp-content\/uploads\/2022\/04\/carrello-per-avvitatore-ad-impulsi-mod-fc-02.jpg\" \/>\n\t<meta property=\"og:image:width\" content=\"450\" \/>\n\t<meta property=\"og:image:height\" content=\"490\" \/>\n\t<meta property=\"og:image:type\" content=\"image\/jpeg\" \/>\n<meta name=\"twitter:card\" content=\"summary_large_image\" \/>\n<script type=\"application\/ld+json\" class=\"yoast-schema-graph\">{\"@context\":\"https:\/\/schema.org\",\"@graph\":[{\"@type\":\"WebPage\",\"@id\":\"https:\/\/www.geatech.it\/fr\/attrezzatura-ferroviaria\/chariot-demontable-pour-cle-a-choc-et-perceuse-de-traverse\/\",\"url\":\"https:\/\/www.geatech.it\/fr\/attrezzatura-ferroviaria\/chariot-demontable-pour-cle-a-choc-et-perceuse-de-traverse\/\",\"name\":\"CHARIOT D\u00c9MONTABLE POUR CL\u00c9 \u00c0 CHOC ET PERCEUSE DE TRAVERSE | Attrezzatura ferroviaria Geatech\",\"isPartOf\":{\"@id\":\"https:\/\/www.geatech.it\/#website\"},\"primaryImageOfPage\":{\"@id\":\"https:\/\/www.geatech.it\/fr\/attrezzatura-ferroviaria\/chariot-demontable-pour-cle-a-choc-et-perceuse-de-traverse\/#primaryimage\"},\"image\":{\"@id\":\"https:\/\/www.geatech.it\/fr\/attrezzatura-ferroviaria\/chariot-demontable-pour-cle-a-choc-et-perceuse-de-traverse\/#primaryimage\"},\"thumbnailUrl\":\"https:\/\/www.geatech.it\/wp-content\/uploads\/2022\/04\/carrello-per-avvitatore-ad-impulsi-mod-fc-02.jpg\",\"datePublished\":\"2022-04-27T10:11:19+00:00\",\"dateModified\":\"2022-04-27T10:11:19+00:00\",\"breadcrumb\":{\"@id\":\"https:\/\/www.geatech.it\/fr\/attrezzatura-ferroviaria\/chariot-demontable-pour-cle-a-choc-et-perceuse-de-traverse\/#breadcrumb\"},\"inLanguage\":\"fr-FR\",\"potentialAction\":[{\"@type\":\"ReadAction\",\"target\":[\"https:\/\/www.geatech.it\/fr\/attrezzatura-ferroviaria\/chariot-demontable-pour-cle-a-choc-et-perceuse-de-traverse\/\"]}]},{\"@type\":\"ImageObject\",\"inLanguage\":\"fr-FR\",\"@id\":\"https:\/\/www.geatech.it\/fr\/attrezzatura-ferroviaria\/chariot-demontable-pour-cle-a-choc-et-perceuse-de-traverse\/#primaryimage\",\"url\":\"https:\/\/www.geatech.it\/wp-content\/uploads\/2022\/04\/carrello-per-avvitatore-ad-impulsi-mod-fc-02.jpg\",\"contentUrl\":\"https:\/\/www.geatech.it\/wp-content\/uploads\/2022\/04\/carrello-per-avvitatore-ad-impulsi-mod-fc-02.jpg\",\"width\":450,\"height\":490},{\"@type\":\"BreadcrumbList\",\"@id\":\"https:\/\/www.geatech.it\/fr\/attrezzatura-ferroviaria\/chariot-demontable-pour-cle-a-choc-et-perceuse-de-traverse\/#breadcrumb\",\"itemListElement\":[{\"@type\":\"ListItem\",\"position\":1,\"name\":\"Produits Geatech Group\",\"item\":\"https:\/\/www.geatech.it\/prodotti\/\"},{\"@type\":\"ListItem\",\"position\":2,\"name\":\"CHARIOT D\u00c9MONTABLE POUR CL\u00c9 \u00c0 CHOC ET PERCEUSE DE TRAVERSE\"}]},{\"@type\":\"WebSite\",\"@id\":\"https:\/\/www.geatech.it\/#website\",\"url\":\"https:\/\/www.geatech.it\/\",\"name\":\"Attrezzatura ferroviaria Geatech\",\"description\":\"Geatech Group\",\"publisher\":{\"@id\":\"https:\/\/www.geatech.it\/#organization\"},\"potentialAction\":[{\"@type\":\"SearchAction\",\"target\":{\"@type\":\"EntryPoint\",\"urlTemplate\":\"https:\/\/www.geatech.it\/?s={search_term_string}\"},\"query-input\":\"required name=search_term_string\"}],\"inLanguage\":\"fr-FR\"},{\"@type\":\"Organization\",\"@id\":\"https:\/\/www.geatech.it\/#organization\",\"name\":\"Geatech Srl\",\"url\":\"https:\/\/www.geatech.it\/\",\"logo\":{\"@type\":\"ImageObject\",\"inLanguage\":\"fr-FR\",\"@id\":\"https:\/\/www.geatech.it\/#\/schema\/logo\/image\/\",\"url\":\"https:\/\/www.geatech.it\/wp-content\/uploads\/2020\/11\/Logo-varianti-giallo-grande.001.png\",\"contentUrl\":\"https:\/\/www.geatech.it\/wp-content\/uploads\/2020\/11\/Logo-varianti-giallo-grande.001.png\",\"width\":500,\"height\":200,\"caption\":\"Geatech Srl\"},\"image\":{\"@id\":\"https:\/\/www.geatech.it\/#\/schema\/logo\/image\/\"}}]}<\/script>\n<!-- \/ Yoast SEO plugin. -->","yoast_head_json":{"title":"CHARIOT D\u00c9MONTABLE POUR CL\u00c9 \u00c0 CHOC ET PERCEUSE DE TRAVERSE | Attrezzatura ferroviaria Geatech","robots":{"index":"index","follow":"follow","max-snippet":"max-snippet:-1","max-image-preview":"max-image-preview:large","max-video-preview":"max-video-preview:-1"},"canonical":"https:\/\/www.geatech.it\/fr\/attrezzatura-ferroviaria\/chariot-demontable-pour-cle-a-choc-et-perceuse-de-traverse\/","og_locale":"fr_FR","og_type":"article","og_title":"CHARIOT D\u00c9MONTABLE POUR CL\u00c9 \u00c0 CHOC ET PERCEUSE DE TRAVERSE | Attrezzatura ferroviaria Geatech","og_description":"Chariot d\u00e9montable pour cl\u00e9 a choc.","og_url":"https:\/\/www.geatech.it\/fr\/attrezzatura-ferroviaria\/chariot-demontable-pour-cle-a-choc-et-perceuse-de-traverse\/","og_site_name":"Attrezzatura ferroviaria Geatech","og_image":[{"width":450,"height":490,"url":"https:\/\/www.geatech.it\/wp-content\/uploads\/2022\/04\/carrello-per-avvitatore-ad-impulsi-mod-fc-02.jpg","type":"image\/jpeg"}],"twitter_card":"summary_large_image","schema":{"@context":"https:\/\/schema.org","@graph":[{"@type":"WebPage","@id":"https:\/\/www.geatech.it\/fr\/attrezzatura-ferroviaria\/chariot-demontable-pour-cle-a-choc-et-perceuse-de-traverse\/","url":"https:\/\/www.geatech.it\/fr\/attrezzatura-ferroviaria\/chariot-demontable-pour-cle-a-choc-et-perceuse-de-traverse\/","name":"CHARIOT D\u00c9MONTABLE POUR CL\u00c9 \u00c0 CHOC ET PERCEUSE DE TRAVERSE | Attrezzatura ferroviaria Geatech","isPartOf":{"@id":"https:\/\/www.geatech.it\/#website"},"primaryImageOfPage":{"@id":"https:\/\/www.geatech.it\/fr\/attrezzatura-ferroviaria\/chariot-demontable-pour-cle-a-choc-et-perceuse-de-traverse\/#primaryimage"},"image":{"@id":"https:\/\/www.geatech.it\/fr\/attrezzatura-ferroviaria\/chariot-demontable-pour-cle-a-choc-et-perceuse-de-traverse\/#primaryimage"},"thumbnailUrl":"https:\/\/www.geatech.it\/wp-content\/uploads\/2022\/04\/carrello-per-avvitatore-ad-impulsi-mod-fc-02.jpg","datePublished":"2022-04-27T10:11:19+00:00","dateModified":"2022-04-27T10:11:19+00:00","breadcrumb":{"@id":"https:\/\/www.geatech.it\/fr\/attrezzatura-ferroviaria\/chariot-demontable-pour-cle-a-choc-et-perceuse-de-traverse\/#breadcrumb"},"inLanguage":"fr-FR","potentialAction":[{"@type":"ReadAction","target":["https:\/\/www.geatech.it\/fr\/attrezzatura-ferroviaria\/chariot-demontable-pour-cle-a-choc-et-perceuse-de-traverse\/"]}]},{"@type":"ImageObject","inLanguage":"fr-FR","@id":"https:\/\/www.geatech.it\/fr\/attrezzatura-ferroviaria\/chariot-demontable-pour-cle-a-choc-et-perceuse-de-traverse\/#primaryimage","url":"https:\/\/www.geatech.it\/wp-content\/uploads\/2022\/04\/carrello-per-avvitatore-ad-impulsi-mod-fc-02.jpg","contentUrl":"https:\/\/www.geatech.it\/wp-content\/uploads\/2022\/04\/carrello-per-avvitatore-ad-impulsi-mod-fc-02.jpg","width":450,"height":490},{"@type":"BreadcrumbList","@id":"https:\/\/www.geatech.it\/fr\/attrezzatura-ferroviaria\/chariot-demontable-pour-cle-a-choc-et-perceuse-de-traverse\/#breadcrumb","itemListElement":[{"@type":"ListItem","position":1,"name":"Produits Geatech Group","item":"https:\/\/www.geatech.it\/prodotti\/"},{"@type":"ListItem","position":2,"name":"CHARIOT D\u00c9MONTABLE POUR CL\u00c9 \u00c0 CHOC ET PERCEUSE DE TRAVERSE"}]},{"@type":"WebSite","@id":"https:\/\/www.geatech.it\/#website","url":"https:\/\/www.geatech.it\/","name":"Attrezzatura ferroviaria Geatech","description":"Geatech Group","publisher":{"@id":"https:\/\/www.geatech.it\/#organization"},"potentialAction":[{"@type":"SearchAction","target":{"@type":"EntryPoint","urlTemplate":"https:\/\/www.geatech.it\/?s={search_term_string}"},"query-input":"required name=search_term_string"}],"inLanguage":"fr-FR"},{"@type":"Organization","@id":"https:\/\/www.geatech.it\/#organization","name":"Geatech Srl","url":"https:\/\/www.geatech.it\/","logo":{"@type":"ImageObject","inLanguage":"fr-FR","@id":"https:\/\/www.geatech.it\/#\/schema\/logo\/image\/","url":"https:\/\/www.geatech.it\/wp-content\/uploads\/2020\/11\/Logo-varianti-giallo-grande.001.png","contentUrl":"https:\/\/www.geatech.it\/wp-content\/uploads\/2020\/11\/Logo-varianti-giallo-grande.001.png","width":500,"height":200,"caption":"Geatech Srl"},"image":{"@id":"https:\/\/www.geatech.it\/#\/schema\/logo\/image\/"}}]}},"_links":{"self":[{"href":"https:\/\/www.geatech.it\/fr\/wp-json\/wp\/v2\/product\/5778"}],"collection":[{"href":"https:\/\/www.geatech.it\/fr\/wp-json\/wp\/v2\/product"}],"about":[{"href":"https:\/\/www.geatech.it\/fr\/wp-json\/wp\/v2\/types\/product"}],"wp:featuredmedia":[{"embeddable":true,"href":"https:\/\/www.geatech.it\/fr\/wp-json\/wp\/v2\/media\/5773"}],"wp:attachment":[{"href":"https:\/\/www.geatech.it\/fr\/wp-json\/wp\/v2\/media?parent=5778"}],"wp:term":[{"taxonomy":"product_cat","embeddable":true,"href":"https:\/\/www.geatech.it\/fr\/wp-json\/wp\/v2\/product_cat?post=5778"},{"taxonomy":"product_tag","embeddable":true,"href":"https:\/\/www.geatech.it\/fr\/wp-json\/wp\/v2\/product_tag?post=5778"}],"curies":[{"name":"wp","href":"https:\/\/api.w.org\/{rel}","templated":true}]}}