{"id":5682,"date":"2022-04-27T09:59:36","date_gmt":"2022-04-27T09:59:36","guid":{"rendered":"https:\/\/www.geatech.it\/certificazioni-fr\/"},"modified":"2024-05-17T10:28:08","modified_gmt":"2024-05-17T10:28:08","slug":"certificazioni-fr","status":"publish","type":"page","link":"https:\/\/www.geatech.it\/fr\/certificazioni-fr\/","title":{"rendered":"Certificazioni fr"},"content":{"rendered":"<p>[et_pb_section fb_built=\u00a0\u00bb1&Prime; _builder_version=\u00a0\u00bb4.16&Prime; _module_preset=\u00a0\u00bbdefault\u00a0\u00bb global_colors_info=\u00a0\u00bb{}\u00a0\u00bb][et_pb_row _builder_version=\u00a0\u00bb4.16&Prime; _module_preset=\u00a0\u00bbdefault\u00a0\u00bb global_colors_info=\u00a0\u00bb{}\u00a0\u00bb][et_pb_column type=\u00a0\u00bb4_4&Prime; _builder_version=\u00a0\u00bb4.16&Prime; _module_preset=\u00a0\u00bbdefault\u00a0\u00bb global_colors_info=\u00a0\u00bb{}\u00a0\u00bb][et_pb_text _builder_version=\u00a0\u00bb4.16&Prime; _module_preset=\u00a0\u00bbdefault\u00a0\u00bb global_colors_info=\u00a0\u00bb{}\u00a0\u00bb]<\/p>\n<h1>Geatech Group Srl Certificats:<\/h1>\n<p>GEATECH GROUP Srl, conscient des exigences croissantes manifest\u00e9es par le march\u00e9, juge opportun de consid\u00e9rer la Qualit\u00e9 et l\u2019Environnement, comme \u00e9l\u00e9ment d\u00e9terminant pour la mise en \u0153uvre des strat\u00e9gies de l\u2019entreprise et pour l\u2019am\u00e9lioration des activit\u00e9s productives afin de garantir la satisfaction du Client et des parties int\u00e9ress\u00e9es.<\/p>\n<p>La Direction s\u2019engage \u00e0 divulguer un document sp\u00e9cifique qui exprime la politique pour la Qualit\u00e9 et pour l\u2019Environnement dans le document \u00ab\u00a05MM.2.1_Politique pour la Qualit\u00e9 et l\u2019Environnement\u00a0\u00bbapprouv\u00e9 par la Direction g\u00e9n\u00e9rale et r\u00e9examin\u00e9 lors du R\u00e9examen du SG au moins une fois par an.<\/p>\n<p>[\/et_pb_text][\/et_pb_column][\/et_pb_row][et_pb_row column_structure=\u00a0\u00bb1_2,1_2&Prime; _builder_version=\u00a0\u00bb4.16&Prime; _module_preset=\u00a0\u00bbdefault\u00a0\u00bb global_colors_info=\u00a0\u00bb{}\u00a0\u00bb][et_pb_column type=\u00a0\u00bb1_2&Prime; _builder_version=\u00a0\u00bb4.16&Prime; _module_preset=\u00a0\u00bbdefault\u00a0\u00bb global_colors_info=\u00a0\u00bb{}\u00a0\u00bb][et_pb_text _builder_version=\u00a0\u00bb4.25.1&Prime; _module_preset=\u00a0\u00bbdefault\u00a0\u00bb hover_enabled=\u00a0\u00bb0&Prime; global_colors_info=\u00a0\u00bb{}\u00a0\u00bb sticky_enabled=\u00a0\u00bb0&Prime;]<\/p>\n<h3><span><strong>UNI EN ISO 14001<\/strong><\/span><\/h3>\n<p>Conception, fabrication et maintenance d\u2019\u00e9quipements de voie; accessoires et pi\u00e8ces de rechange (IAF 18).<\/p>\n<p><a target=\"_blank\" href=\"\/wp-content\/uploads\/2024\/05\/ISO-14001-Geatech-_-50-100-10602-Rev.005.pdf\" rel=\"noopener\"><img loading=\"lazy\" decoding=\"async\" src=\"\/wp-content\/uploads\/2024\/05\/geatech-iso-14001-2015.webp\" width=\"212\" height=\"300\" alt=\"certificazione ISO 9001-2015\" class=\"wp-image-1953 alignnone size-medium\" \/><\/a>[\/et_pb_text][\/et_pb_column][et_pb_column type=\u00a0\u00bb1_2&Prime; _builder_version=\u00a0\u00bb4.16&Prime; _module_preset=\u00a0\u00bbdefault\u00a0\u00bb global_colors_info=\u00a0\u00bb{}\u00a0\u00bb][et_pb_text _builder_version=\u00a0\u00bb4.25.1&Prime; _module_preset=\u00a0\u00bbdefault\u00a0\u00bb hover_enabled=\u00a0\u00bb0&Prime; global_colors_info=\u00a0\u00bb{}\u00a0\u00bb sticky_enabled=\u00a0\u00bb0&Prime;]<\/p>\n<h3><span><strong>UNI EN ISO 9001<\/strong><\/span><\/h3>\n<p><span><strong><\/strong><\/span><\/p>\n<p><span><strong><\/strong><\/span><\/p>\n<p><span><strong><\/strong><\/span><\/p>\n<p><span><strong><\/strong><\/span><\/p>\n<p><a target=\"_blank\" href=\"\/wp-content\/uploads\/2024\/05\/ISO-9001-Geatech-_-50-100-12769-Rev.003.pdf\" rel=\"noopener\"><img loading=\"lazy\" decoding=\"async\" src=\"\/wp-content\/uploads\/2024\/05\/geatech-iso-9001-2015.webp\" width=\"212\" height=\"300\" alt=\"certificazione ISO 9001-2015\" class=\"wp-image-1953 alignnone size-medium\" \/><\/a>[\/et_pb_text][\/et_pb_column][\/et_pb_row][\/et_pb_section]<\/p>\n","protected":false},"excerpt":{"rendered":"<p>Geatech Group Srl Certificats: GEATECH GROUP Srl, conscient des exigences croissantes manifest\u00e9es par le march\u00e9, juge opportun de consid\u00e9rer la Qualit\u00e9 et l\u2019Environnement, comme \u00e9l\u00e9ment d\u00e9terminant pour la mise en \u0153uvre des strat\u00e9gies de l\u2019entreprise et pour l\u2019am\u00e9lioration des activit\u00e9s productives afin de garantir la satisfaction du Client et des parties int\u00e9ress\u00e9es. La Direction s\u2019engage [&hellip;]<\/p>\n","protected":false},"author":1,"featured_media":0,"parent":0,"menu_order":0,"comment_status":"closed","ping_status":"closed","template":"","meta":{"_et_pb_use_builder":"on","_et_pb_old_content":"","_et_gb_content_width":"","footnotes":""},"yoast_head":"<!-- This site is optimized with the Yoast SEO plugin v22.9 - https:\/\/yoast.com\/wordpress\/plugins\/seo\/ -->\n<title>Certificazioni fr | Attrezzatura ferroviaria Geatech<\/title>\n<meta name=\"robots\" content=\"index, follow, max-snippet:-1, max-image-preview:large, max-video-preview:-1\" \/>\n<link rel=\"canonical\" href=\"https:\/\/www.geatech.it\/fr\/certificazioni-fr\/\" \/>\n<meta property=\"og:locale\" content=\"fr_FR\" \/>\n<meta property=\"og:type\" content=\"article\" \/>\n<meta property=\"og:title\" content=\"Certificazioni fr | Attrezzatura ferroviaria Geatech\" \/>\n<meta property=\"og:description\" content=\"Geatech Group Srl Certificats: GEATECH GROUP Srl, conscient des exigences croissantes manifest\u00e9es par le march\u00e9, juge opportun de consid\u00e9rer la Qualit\u00e9 et l\u2019Environnement, comme \u00e9l\u00e9ment d\u00e9terminant pour la mise en \u0153uvre des strat\u00e9gies de l\u2019entreprise et pour l\u2019am\u00e9lioration des activit\u00e9s productives afin de garantir la satisfaction du Client et des parties int\u00e9ress\u00e9es. La Direction s\u2019engage [&hellip;]\" \/>\n<meta property=\"og:url\" content=\"https:\/\/www.geatech.it\/fr\/certificazioni-fr\/\" \/>\n<meta property=\"og:site_name\" content=\"Attrezzatura ferroviaria Geatech\" \/>\n<meta property=\"article:modified_time\" content=\"2024-05-17T10:28:08+00:00\" \/>\n<meta name=\"twitter:card\" content=\"summary_large_image\" \/>\n<meta name=\"twitter:label1\" content=\"Dur\u00e9e de lecture estim\u00e9e\" \/>\n\t<meta name=\"twitter:data1\" content=\"1 minute\" \/>\n<script type=\"application\/ld+json\" class=\"yoast-schema-graph\">{\"@context\":\"https:\/\/schema.org\",\"@graph\":[{\"@type\":\"WebPage\",\"@id\":\"https:\/\/www.geatech.it\/fr\/certificazioni-fr\/\",\"url\":\"https:\/\/www.geatech.it\/fr\/certificazioni-fr\/\",\"name\":\"Certificazioni fr | Attrezzatura ferroviaria Geatech\",\"isPartOf\":{\"@id\":\"https:\/\/www.geatech.it\/#website\"},\"datePublished\":\"2022-04-27T09:59:36+00:00\",\"dateModified\":\"2024-05-17T10:28:08+00:00\",\"inLanguage\":\"fr-FR\",\"potentialAction\":[{\"@type\":\"ReadAction\",\"target\":[\"https:\/\/www.geatech.it\/fr\/certificazioni-fr\/\"]}]},{\"@type\":\"WebSite\",\"@id\":\"https:\/\/www.geatech.it\/#website\",\"url\":\"https:\/\/www.geatech.it\/\",\"name\":\"Attrezzatura ferroviaria Geatech\",\"description\":\"Geatech Group\",\"publisher\":{\"@id\":\"https:\/\/www.geatech.it\/#organization\"},\"potentialAction\":[{\"@type\":\"SearchAction\",\"target\":{\"@type\":\"EntryPoint\",\"urlTemplate\":\"https:\/\/www.geatech.it\/?s={search_term_string}\"},\"query-input\":\"required name=search_term_string\"}],\"inLanguage\":\"fr-FR\"},{\"@type\":\"Organization\",\"@id\":\"https:\/\/www.geatech.it\/#organization\",\"name\":\"Geatech Srl\",\"url\":\"https:\/\/www.geatech.it\/\",\"logo\":{\"@type\":\"ImageObject\",\"inLanguage\":\"fr-FR\",\"@id\":\"https:\/\/www.geatech.it\/#\/schema\/logo\/image\/\",\"url\":\"https:\/\/www.geatech.it\/wp-content\/uploads\/2020\/11\/Logo-varianti-giallo-grande.001.png\",\"contentUrl\":\"https:\/\/www.geatech.it\/wp-content\/uploads\/2020\/11\/Logo-varianti-giallo-grande.001.png\",\"width\":500,\"height\":200,\"caption\":\"Geatech Srl\"},\"image\":{\"@id\":\"https:\/\/www.geatech.it\/#\/schema\/logo\/image\/\"}}]}<\/script>\n<!-- \/ Yoast SEO plugin. -->","yoast_head_json":{"title":"Certificazioni fr | Attrezzatura ferroviaria Geatech","robots":{"index":"index","follow":"follow","max-snippet":"max-snippet:-1","max-image-preview":"max-image-preview:large","max-video-preview":"max-video-preview:-1"},"canonical":"https:\/\/www.geatech.it\/fr\/certificazioni-fr\/","og_locale":"fr_FR","og_type":"article","og_title":"Certificazioni fr | Attrezzatura ferroviaria Geatech","og_description":"Geatech Group Srl Certificats: GEATECH GROUP Srl, conscient des exigences croissantes manifest\u00e9es par le march\u00e9, juge opportun de consid\u00e9rer la Qualit\u00e9 et l\u2019Environnement, comme \u00e9l\u00e9ment d\u00e9terminant pour la mise en \u0153uvre des strat\u00e9gies de l\u2019entreprise et pour l\u2019am\u00e9lioration des activit\u00e9s productives afin de garantir la satisfaction du Client et des parties int\u00e9ress\u00e9es. La Direction s\u2019engage [&hellip;]","og_url":"https:\/\/www.geatech.it\/fr\/certificazioni-fr\/","og_site_name":"Attrezzatura ferroviaria Geatech","article_modified_time":"2024-05-17T10:28:08+00:00","twitter_card":"summary_large_image","twitter_misc":{"Dur\u00e9e de lecture estim\u00e9e":"1 minute"},"schema":{"@context":"https:\/\/schema.org","@graph":[{"@type":"WebPage","@id":"https:\/\/www.geatech.it\/fr\/certificazioni-fr\/","url":"https:\/\/www.geatech.it\/fr\/certificazioni-fr\/","name":"Certificazioni fr | Attrezzatura ferroviaria Geatech","isPartOf":{"@id":"https:\/\/www.geatech.it\/#website"},"datePublished":"2022-04-27T09:59:36+00:00","dateModified":"2024-05-17T10:28:08+00:00","inLanguage":"fr-FR","potentialAction":[{"@type":"ReadAction","target":["https:\/\/www.geatech.it\/fr\/certificazioni-fr\/"]}]},{"@type":"WebSite","@id":"https:\/\/www.geatech.it\/#website","url":"https:\/\/www.geatech.it\/","name":"Attrezzatura ferroviaria Geatech","description":"Geatech Group","publisher":{"@id":"https:\/\/www.geatech.it\/#organization"},"potentialAction":[{"@type":"SearchAction","target":{"@type":"EntryPoint","urlTemplate":"https:\/\/www.geatech.it\/?s={search_term_string}"},"query-input":"required name=search_term_string"}],"inLanguage":"fr-FR"},{"@type":"Organization","@id":"https:\/\/www.geatech.it\/#organization","name":"Geatech Srl","url":"https:\/\/www.geatech.it\/","logo":{"@type":"ImageObject","inLanguage":"fr-FR","@id":"https:\/\/www.geatech.it\/#\/schema\/logo\/image\/","url":"https:\/\/www.geatech.it\/wp-content\/uploads\/2020\/11\/Logo-varianti-giallo-grande.001.png","contentUrl":"https:\/\/www.geatech.it\/wp-content\/uploads\/2020\/11\/Logo-varianti-giallo-grande.001.png","width":500,"height":200,"caption":"Geatech Srl"},"image":{"@id":"https:\/\/www.geatech.it\/#\/schema\/logo\/image\/"}}]}},"_links":{"self":[{"href":"https:\/\/www.geatech.it\/fr\/wp-json\/wp\/v2\/pages\/5682"}],"collection":[{"href":"https:\/\/www.geatech.it\/fr\/wp-json\/wp\/v2\/pages"}],"about":[{"href":"https:\/\/www.geatech.it\/fr\/wp-json\/wp\/v2\/types\/page"}],"author":[{"embeddable":true,"href":"https:\/\/www.geatech.it\/fr\/wp-json\/wp\/v2\/users\/1"}],"replies":[{"embeddable":true,"href":"https:\/\/www.geatech.it\/fr\/wp-json\/wp\/v2\/comments?post=5682"}],"version-history":[{"count":3,"href":"https:\/\/www.geatech.it\/fr\/wp-json\/wp\/v2\/pages\/5682\/revisions"}],"predecessor-version":[{"id":7120,"href":"https:\/\/www.geatech.it\/fr\/wp-json\/wp\/v2\/pages\/5682\/revisions\/7120"}],"wp:attachment":[{"href":"https:\/\/www.geatech.it\/fr\/wp-json\/wp\/v2\/media?parent=5682"}],"curies":[{"name":"wp","href":"https:\/\/api.w.org\/{rel}","templated":true}]}}