{"id":4227,"date":"2021-05-13T08:55:44","date_gmt":"2021-05-13T08:55:44","guid":{"rendered":"https:\/\/www.geatech.it\/attrezzatura-ferroviaria\/detector-electronico-bipolar\/"},"modified":"2021-05-13T08:55:44","modified_gmt":"2021-05-13T08:55:44","slug":"detector-electronico-bipolar","status":"publish","type":"product","link":"https:\/\/www.geatech.it\/es\/attrezzatura-ferroviaria\/detector-electronico-bipolar\/","title":{"rendered":"DETECTOR ELECTR\u00d3NICO BIPOLAR"},"content":{"rendered":"<p>Cod.TA0084<\/p>\n","protected":false},"excerpt":{"rendered":"<p>Detector electr\u00f3nico bipolar de presencia\/ausencia de tensi\u00f3n contin\u00faa a se\u00f1al luminosa y sonora para el empleo sobre las l\u00edneas de tranv\u00eda y metro.<\/p>\n","protected":false},"featured_media":4223,"template":"","meta":{"_et_pb_use_builder":"","_et_pb_old_content":"","_et_gb_content_width":""},"product_cat":[206],"product_tag":[],"yoast_head":"<!-- This site is optimized with the Yoast SEO plugin v22.9 - https:\/\/yoast.com\/wordpress\/plugins\/seo\/ -->\n<title>DETECTOR ELECTR\u00d3NICO BIPOLAR | Equipamiento ferroviario Geatech<\/title>\n<meta name=\"robots\" content=\"index, follow, max-snippet:-1, max-image-preview:large, max-video-preview:-1\" \/>\n<link rel=\"canonical\" href=\"https:\/\/www.geatech.it\/es\/attrezzatura-ferroviaria\/detector-electronico-bipolar\/\" \/>\n<meta property=\"og:locale\" content=\"es_ES\" \/>\n<meta property=\"og:type\" content=\"article\" \/>\n<meta property=\"og:title\" content=\"DETECTOR ELECTR\u00d3NICO BIPOLAR | Equipamiento ferroviario Geatech\" \/>\n<meta property=\"og:description\" content=\"Detector electr\u00f3nico bipolar de presencia\/ausencia de tensi\u00f3n contin\u00faa a se\u00f1al luminosa y sonora para el empleo sobre las l\u00edneas de tranv\u00eda y metro.\" \/>\n<meta property=\"og:url\" content=\"https:\/\/www.geatech.it\/es\/attrezzatura-ferroviaria\/detector-electronico-bipolar\/\" \/>\n<meta property=\"og:site_name\" content=\"Equipamiento ferroviario Geatech\" \/>\n<meta property=\"og:image\" content=\"https:\/\/www.geatech.it\/wp-content\/uploads\/2021\/05\/rilevatore-elettronico-bipolare.jpg\" \/>\n\t<meta property=\"og:image:width\" content=\"450\" \/>\n\t<meta property=\"og:image:height\" content=\"490\" \/>\n\t<meta property=\"og:image:type\" content=\"image\/jpeg\" \/>\n<meta name=\"twitter:card\" content=\"summary_large_image\" \/>\n<script type=\"application\/ld+json\" class=\"yoast-schema-graph\">{\"@context\":\"https:\/\/schema.org\",\"@graph\":[{\"@type\":\"WebPage\",\"@id\":\"https:\/\/www.geatech.it\/es\/attrezzatura-ferroviaria\/detector-electronico-bipolar\/\",\"url\":\"https:\/\/www.geatech.it\/es\/attrezzatura-ferroviaria\/detector-electronico-bipolar\/\",\"name\":\"DETECTOR ELECTR\u00d3NICO BIPOLAR | Equipamiento ferroviario Geatech\",\"isPartOf\":{\"@id\":\"https:\/\/www.geatech.it\/#website\"},\"primaryImageOfPage\":{\"@id\":\"https:\/\/www.geatech.it\/es\/attrezzatura-ferroviaria\/detector-electronico-bipolar\/#primaryimage\"},\"image\":{\"@id\":\"https:\/\/www.geatech.it\/es\/attrezzatura-ferroviaria\/detector-electronico-bipolar\/#primaryimage\"},\"thumbnailUrl\":\"https:\/\/www.geatech.it\/wp-content\/uploads\/2021\/05\/rilevatore-elettronico-bipolare.jpg\",\"datePublished\":\"2021-05-13T08:55:44+00:00\",\"dateModified\":\"2021-05-13T08:55:44+00:00\",\"breadcrumb\":{\"@id\":\"https:\/\/www.geatech.it\/es\/attrezzatura-ferroviaria\/detector-electronico-bipolar\/#breadcrumb\"},\"inLanguage\":\"es\",\"potentialAction\":[{\"@type\":\"ReadAction\",\"target\":[\"https:\/\/www.geatech.it\/es\/attrezzatura-ferroviaria\/detector-electronico-bipolar\/\"]}]},{\"@type\":\"ImageObject\",\"inLanguage\":\"es\",\"@id\":\"https:\/\/www.geatech.it\/es\/attrezzatura-ferroviaria\/detector-electronico-bipolar\/#primaryimage\",\"url\":\"https:\/\/www.geatech.it\/wp-content\/uploads\/2021\/05\/rilevatore-elettronico-bipolare.jpg\",\"contentUrl\":\"https:\/\/www.geatech.it\/wp-content\/uploads\/2021\/05\/rilevatore-elettronico-bipolare.jpg\",\"width\":450,\"height\":490},{\"@type\":\"BreadcrumbList\",\"@id\":\"https:\/\/www.geatech.it\/es\/attrezzatura-ferroviaria\/detector-electronico-bipolar\/#breadcrumb\",\"itemListElement\":[{\"@type\":\"ListItem\",\"position\":1,\"name\":\"Prodotti Geatech Group Es\",\"item\":\"https:\/\/www.geatech.it\/es\/prodotti-geatech-group-es\/\"},{\"@type\":\"ListItem\",\"position\":2,\"name\":\"DETECTOR ELECTR\u00d3NICO BIPOLAR\"}]},{\"@type\":\"WebSite\",\"@id\":\"https:\/\/www.geatech.it\/#website\",\"url\":\"https:\/\/www.geatech.it\/\",\"name\":\"Equipamiento ferroviario Geatech\",\"description\":\"Geatech Group\",\"publisher\":{\"@id\":\"https:\/\/www.geatech.it\/#organization\"},\"potentialAction\":[{\"@type\":\"SearchAction\",\"target\":{\"@type\":\"EntryPoint\",\"urlTemplate\":\"https:\/\/www.geatech.it\/?s={search_term_string}\"},\"query-input\":\"required name=search_term_string\"}],\"inLanguage\":\"es\"},{\"@type\":\"Organization\",\"@id\":\"https:\/\/www.geatech.it\/#organization\",\"name\":\"Geatech Srl\",\"url\":\"https:\/\/www.geatech.it\/\",\"logo\":{\"@type\":\"ImageObject\",\"inLanguage\":\"es\",\"@id\":\"https:\/\/www.geatech.it\/#\/schema\/logo\/image\/\",\"url\":\"https:\/\/www.geatech.it\/wp-content\/uploads\/2020\/11\/Logo-varianti-giallo-grande.001.png\",\"contentUrl\":\"https:\/\/www.geatech.it\/wp-content\/uploads\/2020\/11\/Logo-varianti-giallo-grande.001.png\",\"width\":500,\"height\":200,\"caption\":\"Geatech Srl\"},\"image\":{\"@id\":\"https:\/\/www.geatech.it\/#\/schema\/logo\/image\/\"}}]}<\/script>\n<!-- \/ Yoast SEO plugin. -->","yoast_head_json":{"title":"DETECTOR ELECTR\u00d3NICO BIPOLAR | Equipamiento ferroviario Geatech","robots":{"index":"index","follow":"follow","max-snippet":"max-snippet:-1","max-image-preview":"max-image-preview:large","max-video-preview":"max-video-preview:-1"},"canonical":"https:\/\/www.geatech.it\/es\/attrezzatura-ferroviaria\/detector-electronico-bipolar\/","og_locale":"es_ES","og_type":"article","og_title":"DETECTOR ELECTR\u00d3NICO BIPOLAR | Equipamiento ferroviario Geatech","og_description":"Detector electr\u00f3nico bipolar de presencia\/ausencia de tensi\u00f3n contin\u00faa a se\u00f1al luminosa y sonora para el empleo sobre las l\u00edneas de tranv\u00eda y metro.","og_url":"https:\/\/www.geatech.it\/es\/attrezzatura-ferroviaria\/detector-electronico-bipolar\/","og_site_name":"Equipamiento ferroviario Geatech","og_image":[{"width":450,"height":490,"url":"https:\/\/www.geatech.it\/wp-content\/uploads\/2021\/05\/rilevatore-elettronico-bipolare.jpg","type":"image\/jpeg"}],"twitter_card":"summary_large_image","schema":{"@context":"https:\/\/schema.org","@graph":[{"@type":"WebPage","@id":"https:\/\/www.geatech.it\/es\/attrezzatura-ferroviaria\/detector-electronico-bipolar\/","url":"https:\/\/www.geatech.it\/es\/attrezzatura-ferroviaria\/detector-electronico-bipolar\/","name":"DETECTOR ELECTR\u00d3NICO BIPOLAR | Equipamiento ferroviario Geatech","isPartOf":{"@id":"https:\/\/www.geatech.it\/#website"},"primaryImageOfPage":{"@id":"https:\/\/www.geatech.it\/es\/attrezzatura-ferroviaria\/detector-electronico-bipolar\/#primaryimage"},"image":{"@id":"https:\/\/www.geatech.it\/es\/attrezzatura-ferroviaria\/detector-electronico-bipolar\/#primaryimage"},"thumbnailUrl":"https:\/\/www.geatech.it\/wp-content\/uploads\/2021\/05\/rilevatore-elettronico-bipolare.jpg","datePublished":"2021-05-13T08:55:44+00:00","dateModified":"2021-05-13T08:55:44+00:00","breadcrumb":{"@id":"https:\/\/www.geatech.it\/es\/attrezzatura-ferroviaria\/detector-electronico-bipolar\/#breadcrumb"},"inLanguage":"es","potentialAction":[{"@type":"ReadAction","target":["https:\/\/www.geatech.it\/es\/attrezzatura-ferroviaria\/detector-electronico-bipolar\/"]}]},{"@type":"ImageObject","inLanguage":"es","@id":"https:\/\/www.geatech.it\/es\/attrezzatura-ferroviaria\/detector-electronico-bipolar\/#primaryimage","url":"https:\/\/www.geatech.it\/wp-content\/uploads\/2021\/05\/rilevatore-elettronico-bipolare.jpg","contentUrl":"https:\/\/www.geatech.it\/wp-content\/uploads\/2021\/05\/rilevatore-elettronico-bipolare.jpg","width":450,"height":490},{"@type":"BreadcrumbList","@id":"https:\/\/www.geatech.it\/es\/attrezzatura-ferroviaria\/detector-electronico-bipolar\/#breadcrumb","itemListElement":[{"@type":"ListItem","position":1,"name":"Prodotti Geatech Group Es","item":"https:\/\/www.geatech.it\/es\/prodotti-geatech-group-es\/"},{"@type":"ListItem","position":2,"name":"DETECTOR ELECTR\u00d3NICO BIPOLAR"}]},{"@type":"WebSite","@id":"https:\/\/www.geatech.it\/#website","url":"https:\/\/www.geatech.it\/","name":"Equipamiento ferroviario Geatech","description":"Geatech Group","publisher":{"@id":"https:\/\/www.geatech.it\/#organization"},"potentialAction":[{"@type":"SearchAction","target":{"@type":"EntryPoint","urlTemplate":"https:\/\/www.geatech.it\/?s={search_term_string}"},"query-input":"required name=search_term_string"}],"inLanguage":"es"},{"@type":"Organization","@id":"https:\/\/www.geatech.it\/#organization","name":"Geatech Srl","url":"https:\/\/www.geatech.it\/","logo":{"@type":"ImageObject","inLanguage":"es","@id":"https:\/\/www.geatech.it\/#\/schema\/logo\/image\/","url":"https:\/\/www.geatech.it\/wp-content\/uploads\/2020\/11\/Logo-varianti-giallo-grande.001.png","contentUrl":"https:\/\/www.geatech.it\/wp-content\/uploads\/2020\/11\/Logo-varianti-giallo-grande.001.png","width":500,"height":200,"caption":"Geatech Srl"},"image":{"@id":"https:\/\/www.geatech.it\/#\/schema\/logo\/image\/"}}]}},"_links":{"self":[{"href":"https:\/\/www.geatech.it\/es\/wp-json\/wp\/v2\/product\/4227"}],"collection":[{"href":"https:\/\/www.geatech.it\/es\/wp-json\/wp\/v2\/product"}],"about":[{"href":"https:\/\/www.geatech.it\/es\/wp-json\/wp\/v2\/types\/product"}],"wp:featuredmedia":[{"embeddable":true,"href":"https:\/\/www.geatech.it\/es\/wp-json\/wp\/v2\/media\/4223"}],"wp:attachment":[{"href":"https:\/\/www.geatech.it\/es\/wp-json\/wp\/v2\/media?parent=4227"}],"wp:term":[{"taxonomy":"product_cat","embeddable":true,"href":"https:\/\/www.geatech.it\/es\/wp-json\/wp\/v2\/product_cat?post=4227"},{"taxonomy":"product_tag","embeddable":true,"href":"https:\/\/www.geatech.it\/es\/wp-json\/wp\/v2\/product_tag?post=4227"}],"curies":[{"name":"wp","href":"https:\/\/api.w.org\/{rel}","templated":true}]}}