{"id":4092,"date":"2021-05-13T08:55:37","date_gmt":"2021-05-13T08:55:37","guid":{"rendered":"https:\/\/www.geatech.it\/attrezzatura-ferroviaria\/pintadora-para-carro\/"},"modified":"2021-05-13T08:55:37","modified_gmt":"2021-05-13T08:55:37","slug":"pintadora-para-carro","status":"publish","type":"product","link":"https:\/\/www.geatech.it\/es\/attrezzatura-ferroviaria\/pintadora-para-carro\/","title":{"rendered":"PINTADORA PARA CARRO"},"content":{"rendered":"<p>Cod.FA0097A01: Motor de 2 tiempos, arranque a tir\u00f3n<br \/>\nPotencia: 1.3 kW, 1.8 cv<br \/>\nPresi\u00f3n m\u00e1xima : 20 bar<br \/>\nPeso seco: 50 kg<\/p>\n","protected":false},"excerpt":{"rendered":"<p>M\u00e1quina dise\u00f1ada para efectuar peque\u00f1as operaciones de blanqueo, o bien otras operaciones que requieran espolvorear la zona de las v\u00ecas\/balasto con l\u00edquidos apenas viscosos. La m\u00e1quina est\u00e0 pensada para ser llevada sobre carros Geatech y est\u00e0 equipada con un gancho para evitar desplazamientos durante el transporte hacia el \u00e1rea de trabajo.<\/p>\n","protected":false},"featured_media":4088,"template":"","meta":{"_et_pb_use_builder":"","_et_pb_old_content":"","_et_gb_content_width":""},"product_cat":[202],"product_tag":[],"yoast_head":"<!-- This site is optimized with the Yoast SEO plugin v22.9 - https:\/\/yoast.com\/wordpress\/plugins\/seo\/ -->\n<title>PINTADORA PARA CARRO | Equipamiento ferroviario Geatech<\/title>\n<meta name=\"robots\" content=\"index, follow, max-snippet:-1, max-image-preview:large, max-video-preview:-1\" \/>\n<link rel=\"canonical\" href=\"https:\/\/www.geatech.it\/es\/attrezzatura-ferroviaria\/pintadora-para-carro\/\" \/>\n<meta property=\"og:locale\" content=\"es_ES\" \/>\n<meta property=\"og:type\" content=\"article\" \/>\n<meta property=\"og:title\" content=\"PINTADORA PARA CARRO | Equipamiento ferroviario Geatech\" \/>\n<meta property=\"og:description\" content=\"M\u00e1quina dise\u00f1ada para efectuar peque\u00f1as operaciones de blanqueo, o bien otras operaciones que requieran espolvorear la zona de las v\u00ecas\/balasto con l\u00edquidos apenas viscosos. La m\u00e1quina est\u00e0 pensada para ser llevada sobre carros Geatech y est\u00e0 equipada con un gancho para evitar desplazamientos durante el transporte hacia el \u00e1rea de trabajo.\" \/>\n<meta property=\"og:url\" content=\"https:\/\/www.geatech.it\/es\/attrezzatura-ferroviaria\/pintadora-para-carro\/\" \/>\n<meta property=\"og:site_name\" content=\"Equipamiento ferroviario Geatech\" \/>\n<meta property=\"og:image\" content=\"https:\/\/www.geatech.it\/wp-content\/uploads\/2021\/05\/imbiancatore-per-piattina-.jpg\" \/>\n\t<meta property=\"og:image:width\" content=\"450\" \/>\n\t<meta property=\"og:image:height\" content=\"490\" \/>\n\t<meta property=\"og:image:type\" content=\"image\/jpeg\" \/>\n<meta name=\"twitter:card\" content=\"summary_large_image\" \/>\n<script type=\"application\/ld+json\" class=\"yoast-schema-graph\">{\"@context\":\"https:\/\/schema.org\",\"@graph\":[{\"@type\":\"WebPage\",\"@id\":\"https:\/\/www.geatech.it\/es\/attrezzatura-ferroviaria\/pintadora-para-carro\/\",\"url\":\"https:\/\/www.geatech.it\/es\/attrezzatura-ferroviaria\/pintadora-para-carro\/\",\"name\":\"PINTADORA PARA CARRO | Equipamiento ferroviario Geatech\",\"isPartOf\":{\"@id\":\"https:\/\/www.geatech.it\/#website\"},\"primaryImageOfPage\":{\"@id\":\"https:\/\/www.geatech.it\/es\/attrezzatura-ferroviaria\/pintadora-para-carro\/#primaryimage\"},\"image\":{\"@id\":\"https:\/\/www.geatech.it\/es\/attrezzatura-ferroviaria\/pintadora-para-carro\/#primaryimage\"},\"thumbnailUrl\":\"https:\/\/www.geatech.it\/wp-content\/uploads\/2021\/05\/imbiancatore-per-piattina-.jpg\",\"datePublished\":\"2021-05-13T08:55:37+00:00\",\"dateModified\":\"2021-05-13T08:55:37+00:00\",\"breadcrumb\":{\"@id\":\"https:\/\/www.geatech.it\/es\/attrezzatura-ferroviaria\/pintadora-para-carro\/#breadcrumb\"},\"inLanguage\":\"es\",\"potentialAction\":[{\"@type\":\"ReadAction\",\"target\":[\"https:\/\/www.geatech.it\/es\/attrezzatura-ferroviaria\/pintadora-para-carro\/\"]}]},{\"@type\":\"ImageObject\",\"inLanguage\":\"es\",\"@id\":\"https:\/\/www.geatech.it\/es\/attrezzatura-ferroviaria\/pintadora-para-carro\/#primaryimage\",\"url\":\"https:\/\/www.geatech.it\/wp-content\/uploads\/2021\/05\/imbiancatore-per-piattina-.jpg\",\"contentUrl\":\"https:\/\/www.geatech.it\/wp-content\/uploads\/2021\/05\/imbiancatore-per-piattina-.jpg\",\"width\":450,\"height\":490},{\"@type\":\"BreadcrumbList\",\"@id\":\"https:\/\/www.geatech.it\/es\/attrezzatura-ferroviaria\/pintadora-para-carro\/#breadcrumb\",\"itemListElement\":[{\"@type\":\"ListItem\",\"position\":1,\"name\":\"Prodotti Geatech Group Es\",\"item\":\"https:\/\/www.geatech.it\/es\/prodotti-geatech-group-es\/\"},{\"@type\":\"ListItem\",\"position\":2,\"name\":\"PINTADORA PARA CARRO\"}]},{\"@type\":\"WebSite\",\"@id\":\"https:\/\/www.geatech.it\/#website\",\"url\":\"https:\/\/www.geatech.it\/\",\"name\":\"Equipamiento ferroviario Geatech\",\"description\":\"Geatech Group\",\"publisher\":{\"@id\":\"https:\/\/www.geatech.it\/#organization\"},\"potentialAction\":[{\"@type\":\"SearchAction\",\"target\":{\"@type\":\"EntryPoint\",\"urlTemplate\":\"https:\/\/www.geatech.it\/?s={search_term_string}\"},\"query-input\":\"required name=search_term_string\"}],\"inLanguage\":\"es\"},{\"@type\":\"Organization\",\"@id\":\"https:\/\/www.geatech.it\/#organization\",\"name\":\"Geatech Srl\",\"url\":\"https:\/\/www.geatech.it\/\",\"logo\":{\"@type\":\"ImageObject\",\"inLanguage\":\"es\",\"@id\":\"https:\/\/www.geatech.it\/#\/schema\/logo\/image\/\",\"url\":\"https:\/\/www.geatech.it\/wp-content\/uploads\/2020\/11\/Logo-varianti-giallo-grande.001.png\",\"contentUrl\":\"https:\/\/www.geatech.it\/wp-content\/uploads\/2020\/11\/Logo-varianti-giallo-grande.001.png\",\"width\":500,\"height\":200,\"caption\":\"Geatech Srl\"},\"image\":{\"@id\":\"https:\/\/www.geatech.it\/#\/schema\/logo\/image\/\"}}]}<\/script>\n<!-- \/ Yoast SEO plugin. -->","yoast_head_json":{"title":"PINTADORA PARA CARRO | Equipamiento ferroviario Geatech","robots":{"index":"index","follow":"follow","max-snippet":"max-snippet:-1","max-image-preview":"max-image-preview:large","max-video-preview":"max-video-preview:-1"},"canonical":"https:\/\/www.geatech.it\/es\/attrezzatura-ferroviaria\/pintadora-para-carro\/","og_locale":"es_ES","og_type":"article","og_title":"PINTADORA PARA CARRO | Equipamiento ferroviario Geatech","og_description":"M\u00e1quina dise\u00f1ada para efectuar peque\u00f1as operaciones de blanqueo, o bien otras operaciones que requieran espolvorear la zona de las v\u00ecas\/balasto con l\u00edquidos apenas viscosos. La m\u00e1quina est\u00e0 pensada para ser llevada sobre carros Geatech y est\u00e0 equipada con un gancho para evitar desplazamientos durante el transporte hacia el \u00e1rea de trabajo.","og_url":"https:\/\/www.geatech.it\/es\/attrezzatura-ferroviaria\/pintadora-para-carro\/","og_site_name":"Equipamiento ferroviario Geatech","og_image":[{"width":450,"height":490,"url":"https:\/\/www.geatech.it\/wp-content\/uploads\/2021\/05\/imbiancatore-per-piattina-.jpg","type":"image\/jpeg"}],"twitter_card":"summary_large_image","schema":{"@context":"https:\/\/schema.org","@graph":[{"@type":"WebPage","@id":"https:\/\/www.geatech.it\/es\/attrezzatura-ferroviaria\/pintadora-para-carro\/","url":"https:\/\/www.geatech.it\/es\/attrezzatura-ferroviaria\/pintadora-para-carro\/","name":"PINTADORA PARA CARRO | Equipamiento ferroviario Geatech","isPartOf":{"@id":"https:\/\/www.geatech.it\/#website"},"primaryImageOfPage":{"@id":"https:\/\/www.geatech.it\/es\/attrezzatura-ferroviaria\/pintadora-para-carro\/#primaryimage"},"image":{"@id":"https:\/\/www.geatech.it\/es\/attrezzatura-ferroviaria\/pintadora-para-carro\/#primaryimage"},"thumbnailUrl":"https:\/\/www.geatech.it\/wp-content\/uploads\/2021\/05\/imbiancatore-per-piattina-.jpg","datePublished":"2021-05-13T08:55:37+00:00","dateModified":"2021-05-13T08:55:37+00:00","breadcrumb":{"@id":"https:\/\/www.geatech.it\/es\/attrezzatura-ferroviaria\/pintadora-para-carro\/#breadcrumb"},"inLanguage":"es","potentialAction":[{"@type":"ReadAction","target":["https:\/\/www.geatech.it\/es\/attrezzatura-ferroviaria\/pintadora-para-carro\/"]}]},{"@type":"ImageObject","inLanguage":"es","@id":"https:\/\/www.geatech.it\/es\/attrezzatura-ferroviaria\/pintadora-para-carro\/#primaryimage","url":"https:\/\/www.geatech.it\/wp-content\/uploads\/2021\/05\/imbiancatore-per-piattina-.jpg","contentUrl":"https:\/\/www.geatech.it\/wp-content\/uploads\/2021\/05\/imbiancatore-per-piattina-.jpg","width":450,"height":490},{"@type":"BreadcrumbList","@id":"https:\/\/www.geatech.it\/es\/attrezzatura-ferroviaria\/pintadora-para-carro\/#breadcrumb","itemListElement":[{"@type":"ListItem","position":1,"name":"Prodotti Geatech Group Es","item":"https:\/\/www.geatech.it\/es\/prodotti-geatech-group-es\/"},{"@type":"ListItem","position":2,"name":"PINTADORA PARA CARRO"}]},{"@type":"WebSite","@id":"https:\/\/www.geatech.it\/#website","url":"https:\/\/www.geatech.it\/","name":"Equipamiento ferroviario Geatech","description":"Geatech Group","publisher":{"@id":"https:\/\/www.geatech.it\/#organization"},"potentialAction":[{"@type":"SearchAction","target":{"@type":"EntryPoint","urlTemplate":"https:\/\/www.geatech.it\/?s={search_term_string}"},"query-input":"required name=search_term_string"}],"inLanguage":"es"},{"@type":"Organization","@id":"https:\/\/www.geatech.it\/#organization","name":"Geatech Srl","url":"https:\/\/www.geatech.it\/","logo":{"@type":"ImageObject","inLanguage":"es","@id":"https:\/\/www.geatech.it\/#\/schema\/logo\/image\/","url":"https:\/\/www.geatech.it\/wp-content\/uploads\/2020\/11\/Logo-varianti-giallo-grande.001.png","contentUrl":"https:\/\/www.geatech.it\/wp-content\/uploads\/2020\/11\/Logo-varianti-giallo-grande.001.png","width":500,"height":200,"caption":"Geatech Srl"},"image":{"@id":"https:\/\/www.geatech.it\/#\/schema\/logo\/image\/"}}]}},"_links":{"self":[{"href":"https:\/\/www.geatech.it\/es\/wp-json\/wp\/v2\/product\/4092"}],"collection":[{"href":"https:\/\/www.geatech.it\/es\/wp-json\/wp\/v2\/product"}],"about":[{"href":"https:\/\/www.geatech.it\/es\/wp-json\/wp\/v2\/types\/product"}],"wp:featuredmedia":[{"embeddable":true,"href":"https:\/\/www.geatech.it\/es\/wp-json\/wp\/v2\/media\/4088"}],"wp:attachment":[{"href":"https:\/\/www.geatech.it\/es\/wp-json\/wp\/v2\/media?parent=4092"}],"wp:term":[{"taxonomy":"product_cat","embeddable":true,"href":"https:\/\/www.geatech.it\/es\/wp-json\/wp\/v2\/product_cat?post=4092"},{"taxonomy":"product_tag","embeddable":true,"href":"https:\/\/www.geatech.it\/es\/wp-json\/wp\/v2\/product_tag?post=4092"}],"curies":[{"name":"wp","href":"https:\/\/api.w.org\/{rel}","templated":true}]}}