{"id":3842,"date":"2021-05-13T08:55:24","date_gmt":"2021-05-13T08:55:24","guid":{"rendered":"https:\/\/www.geatech.it\/attrezzatura-ferroviaria\/punzonadora-hidraulica-para-soldaduras-mod-tisc\/"},"modified":"2021-05-13T08:55:24","modified_gmt":"2021-05-13T08:55:24","slug":"punzonadora-hidraulica-para-soldaduras-mod-tisc","status":"publish","type":"product","link":"https:\/\/www.geatech.it\/es\/attrezzatura-ferroviaria\/punzonadora-hidraulica-para-soldaduras-mod-tisc\/","title":{"rendered":"PUNZONADORA HIDR\u00c1ULICA PARA SOLDADURAS Mod. TISC"},"content":{"rendered":"<p>Cod.F1035A03 Motor de 4 tiempos (3.2kW\/4.3Hp) Peso: 50kg (punzonadora) + 50kg (unidad de control)<\/p>\n","protected":false},"excerpt":{"rendered":"<p>M\u00e1quina dise\u00f1ada para quitar el exceso de cuerda creado sobre el empalme del riel tras la soldadura aluminot\u00e9rmica. Est\u00e1n disponibles varios tipos de cuchillos para diferentes rieles UIC. La puzonadora emplea una unidad de control del motor de 4 tiempos (3.2kW\/4.3Hp).<\/p>\n","protected":false},"featured_media":3838,"template":"","meta":{"_et_pb_use_builder":"","_et_pb_old_content":"","_et_gb_content_width":""},"product_cat":[189],"product_tag":[],"yoast_head":"<!-- This site is optimized with the Yoast SEO plugin v22.9 - https:\/\/yoast.com\/wordpress\/plugins\/seo\/ -->\n<title>PUNZONADORA HIDR\u00c1ULICA PARA SOLDADURAS Mod. TISC | Equipamiento ferroviario Geatech<\/title>\n<meta name=\"robots\" content=\"index, follow, max-snippet:-1, max-image-preview:large, max-video-preview:-1\" \/>\n<link rel=\"canonical\" href=\"https:\/\/www.geatech.it\/es\/attrezzatura-ferroviaria\/punzonadora-hidraulica-para-soldaduras-mod-tisc\/\" \/>\n<meta property=\"og:locale\" content=\"es_ES\" \/>\n<meta property=\"og:type\" content=\"article\" \/>\n<meta property=\"og:title\" content=\"PUNZONADORA HIDR\u00c1ULICA PARA SOLDADURAS Mod. TISC | Equipamiento ferroviario Geatech\" \/>\n<meta property=\"og:description\" content=\"M\u00e1quina dise\u00f1ada para quitar el exceso de cuerda creado sobre el empalme del riel tras la soldadura aluminot\u00e9rmica. Est\u00e1n disponibles varios tipos de cuchillos para diferentes rieles UIC. La puzonadora emplea una unidad de control del motor de 4 tiempos (3.2kW\/4.3Hp).\" \/>\n<meta property=\"og:url\" content=\"https:\/\/www.geatech.it\/es\/attrezzatura-ferroviaria\/punzonadora-hidraulica-para-soldaduras-mod-tisc\/\" \/>\n<meta property=\"og:site_name\" content=\"Equipamiento ferroviario Geatech\" \/>\n<meta property=\"og:image\" content=\"https:\/\/www.geatech.it\/wp-content\/uploads\/2021\/05\/trancia-idraulica-per-saldature-mod-tisc-1.jpg\" \/>\n\t<meta property=\"og:image:width\" content=\"450\" \/>\n\t<meta property=\"og:image:height\" content=\"490\" \/>\n\t<meta property=\"og:image:type\" content=\"image\/jpeg\" \/>\n<meta name=\"twitter:card\" content=\"summary_large_image\" \/>\n<script type=\"application\/ld+json\" class=\"yoast-schema-graph\">{\"@context\":\"https:\/\/schema.org\",\"@graph\":[{\"@type\":\"WebPage\",\"@id\":\"https:\/\/www.geatech.it\/es\/attrezzatura-ferroviaria\/punzonadora-hidraulica-para-soldaduras-mod-tisc\/\",\"url\":\"https:\/\/www.geatech.it\/es\/attrezzatura-ferroviaria\/punzonadora-hidraulica-para-soldaduras-mod-tisc\/\",\"name\":\"PUNZONADORA HIDR\u00c1ULICA PARA SOLDADURAS Mod. TISC | Equipamiento ferroviario Geatech\",\"isPartOf\":{\"@id\":\"https:\/\/www.geatech.it\/#website\"},\"primaryImageOfPage\":{\"@id\":\"https:\/\/www.geatech.it\/es\/attrezzatura-ferroviaria\/punzonadora-hidraulica-para-soldaduras-mod-tisc\/#primaryimage\"},\"image\":{\"@id\":\"https:\/\/www.geatech.it\/es\/attrezzatura-ferroviaria\/punzonadora-hidraulica-para-soldaduras-mod-tisc\/#primaryimage\"},\"thumbnailUrl\":\"https:\/\/www.geatech.it\/wp-content\/uploads\/2021\/05\/trancia-idraulica-per-saldature-mod-tisc-1.jpg\",\"datePublished\":\"2021-05-13T08:55:24+00:00\",\"dateModified\":\"2021-05-13T08:55:24+00:00\",\"breadcrumb\":{\"@id\":\"https:\/\/www.geatech.it\/es\/attrezzatura-ferroviaria\/punzonadora-hidraulica-para-soldaduras-mod-tisc\/#breadcrumb\"},\"inLanguage\":\"es\",\"potentialAction\":[{\"@type\":\"ReadAction\",\"target\":[\"https:\/\/www.geatech.it\/es\/attrezzatura-ferroviaria\/punzonadora-hidraulica-para-soldaduras-mod-tisc\/\"]}]},{\"@type\":\"ImageObject\",\"inLanguage\":\"es\",\"@id\":\"https:\/\/www.geatech.it\/es\/attrezzatura-ferroviaria\/punzonadora-hidraulica-para-soldaduras-mod-tisc\/#primaryimage\",\"url\":\"https:\/\/www.geatech.it\/wp-content\/uploads\/2021\/05\/trancia-idraulica-per-saldature-mod-tisc-1.jpg\",\"contentUrl\":\"https:\/\/www.geatech.it\/wp-content\/uploads\/2021\/05\/trancia-idraulica-per-saldature-mod-tisc-1.jpg\",\"width\":450,\"height\":490},{\"@type\":\"BreadcrumbList\",\"@id\":\"https:\/\/www.geatech.it\/es\/attrezzatura-ferroviaria\/punzonadora-hidraulica-para-soldaduras-mod-tisc\/#breadcrumb\",\"itemListElement\":[{\"@type\":\"ListItem\",\"position\":1,\"name\":\"Prodotti Geatech Group Es\",\"item\":\"https:\/\/www.geatech.it\/es\/prodotti-geatech-group-es\/\"},{\"@type\":\"ListItem\",\"position\":2,\"name\":\"PUNZONADORA HIDR\u00c1ULICA PARA SOLDADURAS Mod. TISC\"}]},{\"@type\":\"WebSite\",\"@id\":\"https:\/\/www.geatech.it\/#website\",\"url\":\"https:\/\/www.geatech.it\/\",\"name\":\"Equipamiento ferroviario Geatech\",\"description\":\"Geatech Group\",\"publisher\":{\"@id\":\"https:\/\/www.geatech.it\/#organization\"},\"potentialAction\":[{\"@type\":\"SearchAction\",\"target\":{\"@type\":\"EntryPoint\",\"urlTemplate\":\"https:\/\/www.geatech.it\/?s={search_term_string}\"},\"query-input\":\"required name=search_term_string\"}],\"inLanguage\":\"es\"},{\"@type\":\"Organization\",\"@id\":\"https:\/\/www.geatech.it\/#organization\",\"name\":\"Geatech Srl\",\"url\":\"https:\/\/www.geatech.it\/\",\"logo\":{\"@type\":\"ImageObject\",\"inLanguage\":\"es\",\"@id\":\"https:\/\/www.geatech.it\/#\/schema\/logo\/image\/\",\"url\":\"https:\/\/www.geatech.it\/wp-content\/uploads\/2020\/11\/Logo-varianti-giallo-grande.001.png\",\"contentUrl\":\"https:\/\/www.geatech.it\/wp-content\/uploads\/2020\/11\/Logo-varianti-giallo-grande.001.png\",\"width\":500,\"height\":200,\"caption\":\"Geatech Srl\"},\"image\":{\"@id\":\"https:\/\/www.geatech.it\/#\/schema\/logo\/image\/\"}}]}<\/script>\n<!-- \/ Yoast SEO plugin. -->","yoast_head_json":{"title":"PUNZONADORA HIDR\u00c1ULICA PARA SOLDADURAS Mod. TISC | Equipamiento ferroviario Geatech","robots":{"index":"index","follow":"follow","max-snippet":"max-snippet:-1","max-image-preview":"max-image-preview:large","max-video-preview":"max-video-preview:-1"},"canonical":"https:\/\/www.geatech.it\/es\/attrezzatura-ferroviaria\/punzonadora-hidraulica-para-soldaduras-mod-tisc\/","og_locale":"es_ES","og_type":"article","og_title":"PUNZONADORA HIDR\u00c1ULICA PARA SOLDADURAS Mod. TISC | Equipamiento ferroviario Geatech","og_description":"M\u00e1quina dise\u00f1ada para quitar el exceso de cuerda creado sobre el empalme del riel tras la soldadura aluminot\u00e9rmica. Est\u00e1n disponibles varios tipos de cuchillos para diferentes rieles UIC. La puzonadora emplea una unidad de control del motor de 4 tiempos (3.2kW\/4.3Hp).","og_url":"https:\/\/www.geatech.it\/es\/attrezzatura-ferroviaria\/punzonadora-hidraulica-para-soldaduras-mod-tisc\/","og_site_name":"Equipamiento ferroviario Geatech","og_image":[{"width":450,"height":490,"url":"https:\/\/www.geatech.it\/wp-content\/uploads\/2021\/05\/trancia-idraulica-per-saldature-mod-tisc-1.jpg","type":"image\/jpeg"}],"twitter_card":"summary_large_image","schema":{"@context":"https:\/\/schema.org","@graph":[{"@type":"WebPage","@id":"https:\/\/www.geatech.it\/es\/attrezzatura-ferroviaria\/punzonadora-hidraulica-para-soldaduras-mod-tisc\/","url":"https:\/\/www.geatech.it\/es\/attrezzatura-ferroviaria\/punzonadora-hidraulica-para-soldaduras-mod-tisc\/","name":"PUNZONADORA HIDR\u00c1ULICA PARA SOLDADURAS Mod. TISC | Equipamiento ferroviario Geatech","isPartOf":{"@id":"https:\/\/www.geatech.it\/#website"},"primaryImageOfPage":{"@id":"https:\/\/www.geatech.it\/es\/attrezzatura-ferroviaria\/punzonadora-hidraulica-para-soldaduras-mod-tisc\/#primaryimage"},"image":{"@id":"https:\/\/www.geatech.it\/es\/attrezzatura-ferroviaria\/punzonadora-hidraulica-para-soldaduras-mod-tisc\/#primaryimage"},"thumbnailUrl":"https:\/\/www.geatech.it\/wp-content\/uploads\/2021\/05\/trancia-idraulica-per-saldature-mod-tisc-1.jpg","datePublished":"2021-05-13T08:55:24+00:00","dateModified":"2021-05-13T08:55:24+00:00","breadcrumb":{"@id":"https:\/\/www.geatech.it\/es\/attrezzatura-ferroviaria\/punzonadora-hidraulica-para-soldaduras-mod-tisc\/#breadcrumb"},"inLanguage":"es","potentialAction":[{"@type":"ReadAction","target":["https:\/\/www.geatech.it\/es\/attrezzatura-ferroviaria\/punzonadora-hidraulica-para-soldaduras-mod-tisc\/"]}]},{"@type":"ImageObject","inLanguage":"es","@id":"https:\/\/www.geatech.it\/es\/attrezzatura-ferroviaria\/punzonadora-hidraulica-para-soldaduras-mod-tisc\/#primaryimage","url":"https:\/\/www.geatech.it\/wp-content\/uploads\/2021\/05\/trancia-idraulica-per-saldature-mod-tisc-1.jpg","contentUrl":"https:\/\/www.geatech.it\/wp-content\/uploads\/2021\/05\/trancia-idraulica-per-saldature-mod-tisc-1.jpg","width":450,"height":490},{"@type":"BreadcrumbList","@id":"https:\/\/www.geatech.it\/es\/attrezzatura-ferroviaria\/punzonadora-hidraulica-para-soldaduras-mod-tisc\/#breadcrumb","itemListElement":[{"@type":"ListItem","position":1,"name":"Prodotti Geatech Group Es","item":"https:\/\/www.geatech.it\/es\/prodotti-geatech-group-es\/"},{"@type":"ListItem","position":2,"name":"PUNZONADORA HIDR\u00c1ULICA PARA SOLDADURAS Mod. TISC"}]},{"@type":"WebSite","@id":"https:\/\/www.geatech.it\/#website","url":"https:\/\/www.geatech.it\/","name":"Equipamiento ferroviario Geatech","description":"Geatech Group","publisher":{"@id":"https:\/\/www.geatech.it\/#organization"},"potentialAction":[{"@type":"SearchAction","target":{"@type":"EntryPoint","urlTemplate":"https:\/\/www.geatech.it\/?s={search_term_string}"},"query-input":"required name=search_term_string"}],"inLanguage":"es"},{"@type":"Organization","@id":"https:\/\/www.geatech.it\/#organization","name":"Geatech Srl","url":"https:\/\/www.geatech.it\/","logo":{"@type":"ImageObject","inLanguage":"es","@id":"https:\/\/www.geatech.it\/#\/schema\/logo\/image\/","url":"https:\/\/www.geatech.it\/wp-content\/uploads\/2020\/11\/Logo-varianti-giallo-grande.001.png","contentUrl":"https:\/\/www.geatech.it\/wp-content\/uploads\/2020\/11\/Logo-varianti-giallo-grande.001.png","width":500,"height":200,"caption":"Geatech Srl"},"image":{"@id":"https:\/\/www.geatech.it\/#\/schema\/logo\/image\/"}}]}},"_links":{"self":[{"href":"https:\/\/www.geatech.it\/es\/wp-json\/wp\/v2\/product\/3842"}],"collection":[{"href":"https:\/\/www.geatech.it\/es\/wp-json\/wp\/v2\/product"}],"about":[{"href":"https:\/\/www.geatech.it\/es\/wp-json\/wp\/v2\/types\/product"}],"wp:featuredmedia":[{"embeddable":true,"href":"https:\/\/www.geatech.it\/es\/wp-json\/wp\/v2\/media\/3838"}],"wp:attachment":[{"href":"https:\/\/www.geatech.it\/es\/wp-json\/wp\/v2\/media?parent=3842"}],"wp:term":[{"taxonomy":"product_cat","embeddable":true,"href":"https:\/\/www.geatech.it\/es\/wp-json\/wp\/v2\/product_cat?post=3842"},{"taxonomy":"product_tag","embeddable":true,"href":"https:\/\/www.geatech.it\/es\/wp-json\/wp\/v2\/product_tag?post=3842"}],"curies":[{"name":"wp","href":"https:\/\/api.w.org\/{rel}","templated":true}]}}