{"id":3782,"date":"2021-05-13T08:55:21","date_gmt":"2021-05-13T08:55:21","guid":{"rendered":"https:\/\/www.geatech.it\/attrezzatura-ferroviaria\/sierra-de-cinta-mod-sgn-patente-geatech\/"},"modified":"2021-05-13T08:55:21","modified_gmt":"2021-05-13T08:55:21","slug":"sierra-de-cinta-mod-sgn-patente-geatech","status":"publish","type":"product","link":"https:\/\/www.geatech.it\/es\/attrezzatura-ferroviaria\/sierra-de-cinta-mod-sgn-patente-geatech\/","title":{"rendered":"SIERRA DE CINTA Mod. SGN (patente Geatech)"},"content":{"rendered":"<p>Versiones: Cod.F1059A01: Motor de 2 tiempos (1.4kW\/1.9Hp) Cod.F1059E01: Motor el\u00e9ctrico (0,75 kW\/ 1Hp) Cod.07894: Caja de metal GEATECH El modelo SGN se diferencia de los otros modelos comercializados actualmente por las soluciones estudiadas para facilitar el trabajo de los operadores. El cepo est\u00e1 equipado con un pr\u00e1ctico indicador de recorte plegables, esto permite colocar el arco en la ubicaci\u00f3n exacta del recorte previamente marcado. Adem\u00e1s el cepo puede separarse del arco para facilitar considerablemente el transporte y la fijaci\u00f3n sobre los rieles. Caracteristicas t\u00e9cnicas : Motor de 2 tiempos de gran potencia  Tiempo de corte: 1&#8217;45\u00bb Peso total: 45kg<\/p>\n","protected":false},"excerpt":{"rendered":"<p>La sierra de cinta modelo SGN est\u00e1 dise\u00f1ada para el corte de los rieles sin producir chispas, como es el caso de las habituales perforador de rieles a disco.<\/p>\n","protected":false},"featured_media":3778,"template":"","meta":{"_et_pb_use_builder":"","_et_pb_old_content":"","_et_gb_content_width":""},"product_cat":[197],"product_tag":[],"yoast_head":"<!-- This site is optimized with the Yoast SEO plugin v22.9 - https:\/\/yoast.com\/wordpress\/plugins\/seo\/ -->\n<title>SIERRA DE CINTA Mod. SGN (patente Geatech) | Equipamiento ferroviario Geatech<\/title>\n<meta name=\"robots\" content=\"index, follow, max-snippet:-1, max-image-preview:large, max-video-preview:-1\" \/>\n<link rel=\"canonical\" href=\"https:\/\/www.geatech.it\/es\/attrezzatura-ferroviaria\/sierra-de-cinta-mod-sgn-patente-geatech\/\" \/>\n<meta property=\"og:locale\" content=\"es_ES\" \/>\n<meta property=\"og:type\" content=\"article\" \/>\n<meta property=\"og:title\" content=\"SIERRA DE CINTA Mod. SGN (patente Geatech) | Equipamiento ferroviario Geatech\" \/>\n<meta property=\"og:description\" content=\"La sierra de cinta modelo SGN est\u00e1 dise\u00f1ada para el corte de los rieles sin producir chispas, como es el caso de las habituales perforador de rieles a disco.\" \/>\n<meta property=\"og:url\" content=\"https:\/\/www.geatech.it\/es\/attrezzatura-ferroviaria\/sierra-de-cinta-mod-sgn-patente-geatech\/\" \/>\n<meta property=\"og:site_name\" content=\"Equipamiento ferroviario Geatech\" \/>\n<meta property=\"og:image\" content=\"https:\/\/www.geatech.it\/wp-content\/uploads\/2021\/05\/sega-a-nastro-mod-sgn-brevetto-geatech-1.jpg\" \/>\n\t<meta property=\"og:image:width\" content=\"450\" \/>\n\t<meta property=\"og:image:height\" content=\"490\" \/>\n\t<meta property=\"og:image:type\" content=\"image\/jpeg\" \/>\n<meta name=\"twitter:card\" content=\"summary_large_image\" \/>\n<meta name=\"twitter:label1\" content=\"Tiempo de lectura\" \/>\n\t<meta name=\"twitter:data1\" content=\"1 minuto\" \/>\n<script type=\"application\/ld+json\" class=\"yoast-schema-graph\">{\"@context\":\"https:\/\/schema.org\",\"@graph\":[{\"@type\":\"WebPage\",\"@id\":\"https:\/\/www.geatech.it\/es\/attrezzatura-ferroviaria\/sierra-de-cinta-mod-sgn-patente-geatech\/\",\"url\":\"https:\/\/www.geatech.it\/es\/attrezzatura-ferroviaria\/sierra-de-cinta-mod-sgn-patente-geatech\/\",\"name\":\"SIERRA DE CINTA Mod. SGN (patente Geatech) | Equipamiento ferroviario Geatech\",\"isPartOf\":{\"@id\":\"https:\/\/www.geatech.it\/#website\"},\"primaryImageOfPage\":{\"@id\":\"https:\/\/www.geatech.it\/es\/attrezzatura-ferroviaria\/sierra-de-cinta-mod-sgn-patente-geatech\/#primaryimage\"},\"image\":{\"@id\":\"https:\/\/www.geatech.it\/es\/attrezzatura-ferroviaria\/sierra-de-cinta-mod-sgn-patente-geatech\/#primaryimage\"},\"thumbnailUrl\":\"https:\/\/www.geatech.it\/wp-content\/uploads\/2021\/05\/sega-a-nastro-mod-sgn-brevetto-geatech-1.jpg\",\"datePublished\":\"2021-05-13T08:55:21+00:00\",\"dateModified\":\"2021-05-13T08:55:21+00:00\",\"breadcrumb\":{\"@id\":\"https:\/\/www.geatech.it\/es\/attrezzatura-ferroviaria\/sierra-de-cinta-mod-sgn-patente-geatech\/#breadcrumb\"},\"inLanguage\":\"es\",\"potentialAction\":[{\"@type\":\"ReadAction\",\"target\":[\"https:\/\/www.geatech.it\/es\/attrezzatura-ferroviaria\/sierra-de-cinta-mod-sgn-patente-geatech\/\"]}]},{\"@type\":\"ImageObject\",\"inLanguage\":\"es\",\"@id\":\"https:\/\/www.geatech.it\/es\/attrezzatura-ferroviaria\/sierra-de-cinta-mod-sgn-patente-geatech\/#primaryimage\",\"url\":\"https:\/\/www.geatech.it\/wp-content\/uploads\/2021\/05\/sega-a-nastro-mod-sgn-brevetto-geatech-1.jpg\",\"contentUrl\":\"https:\/\/www.geatech.it\/wp-content\/uploads\/2021\/05\/sega-a-nastro-mod-sgn-brevetto-geatech-1.jpg\",\"width\":450,\"height\":490},{\"@type\":\"BreadcrumbList\",\"@id\":\"https:\/\/www.geatech.it\/es\/attrezzatura-ferroviaria\/sierra-de-cinta-mod-sgn-patente-geatech\/#breadcrumb\",\"itemListElement\":[{\"@type\":\"ListItem\",\"position\":1,\"name\":\"Prodotti Geatech Group Es\",\"item\":\"https:\/\/www.geatech.it\/es\/prodotti-geatech-group-es\/\"},{\"@type\":\"ListItem\",\"position\":2,\"name\":\"SIERRA DE CINTA Mod. SGN (patente Geatech)\"}]},{\"@type\":\"WebSite\",\"@id\":\"https:\/\/www.geatech.it\/#website\",\"url\":\"https:\/\/www.geatech.it\/\",\"name\":\"Equipamiento ferroviario Geatech\",\"description\":\"Geatech Group\",\"publisher\":{\"@id\":\"https:\/\/www.geatech.it\/#organization\"},\"potentialAction\":[{\"@type\":\"SearchAction\",\"target\":{\"@type\":\"EntryPoint\",\"urlTemplate\":\"https:\/\/www.geatech.it\/?s={search_term_string}\"},\"query-input\":\"required name=search_term_string\"}],\"inLanguage\":\"es\"},{\"@type\":\"Organization\",\"@id\":\"https:\/\/www.geatech.it\/#organization\",\"name\":\"Geatech Srl\",\"url\":\"https:\/\/www.geatech.it\/\",\"logo\":{\"@type\":\"ImageObject\",\"inLanguage\":\"es\",\"@id\":\"https:\/\/www.geatech.it\/#\/schema\/logo\/image\/\",\"url\":\"https:\/\/www.geatech.it\/wp-content\/uploads\/2020\/11\/Logo-varianti-giallo-grande.001.png\",\"contentUrl\":\"https:\/\/www.geatech.it\/wp-content\/uploads\/2020\/11\/Logo-varianti-giallo-grande.001.png\",\"width\":500,\"height\":200,\"caption\":\"Geatech Srl\"},\"image\":{\"@id\":\"https:\/\/www.geatech.it\/#\/schema\/logo\/image\/\"}}]}<\/script>\n<!-- \/ Yoast SEO plugin. -->","yoast_head_json":{"title":"SIERRA DE CINTA Mod. SGN (patente Geatech) | Equipamiento ferroviario Geatech","robots":{"index":"index","follow":"follow","max-snippet":"max-snippet:-1","max-image-preview":"max-image-preview:large","max-video-preview":"max-video-preview:-1"},"canonical":"https:\/\/www.geatech.it\/es\/attrezzatura-ferroviaria\/sierra-de-cinta-mod-sgn-patente-geatech\/","og_locale":"es_ES","og_type":"article","og_title":"SIERRA DE CINTA Mod. SGN (patente Geatech) | Equipamiento ferroviario Geatech","og_description":"La sierra de cinta modelo SGN est\u00e1 dise\u00f1ada para el corte de los rieles sin producir chispas, como es el caso de las habituales perforador de rieles a disco.","og_url":"https:\/\/www.geatech.it\/es\/attrezzatura-ferroviaria\/sierra-de-cinta-mod-sgn-patente-geatech\/","og_site_name":"Equipamiento ferroviario Geatech","og_image":[{"width":450,"height":490,"url":"https:\/\/www.geatech.it\/wp-content\/uploads\/2021\/05\/sega-a-nastro-mod-sgn-brevetto-geatech-1.jpg","type":"image\/jpeg"}],"twitter_card":"summary_large_image","twitter_misc":{"Tiempo de lectura":"1 minuto"},"schema":{"@context":"https:\/\/schema.org","@graph":[{"@type":"WebPage","@id":"https:\/\/www.geatech.it\/es\/attrezzatura-ferroviaria\/sierra-de-cinta-mod-sgn-patente-geatech\/","url":"https:\/\/www.geatech.it\/es\/attrezzatura-ferroviaria\/sierra-de-cinta-mod-sgn-patente-geatech\/","name":"SIERRA DE CINTA Mod. SGN (patente Geatech) | Equipamiento ferroviario Geatech","isPartOf":{"@id":"https:\/\/www.geatech.it\/#website"},"primaryImageOfPage":{"@id":"https:\/\/www.geatech.it\/es\/attrezzatura-ferroviaria\/sierra-de-cinta-mod-sgn-patente-geatech\/#primaryimage"},"image":{"@id":"https:\/\/www.geatech.it\/es\/attrezzatura-ferroviaria\/sierra-de-cinta-mod-sgn-patente-geatech\/#primaryimage"},"thumbnailUrl":"https:\/\/www.geatech.it\/wp-content\/uploads\/2021\/05\/sega-a-nastro-mod-sgn-brevetto-geatech-1.jpg","datePublished":"2021-05-13T08:55:21+00:00","dateModified":"2021-05-13T08:55:21+00:00","breadcrumb":{"@id":"https:\/\/www.geatech.it\/es\/attrezzatura-ferroviaria\/sierra-de-cinta-mod-sgn-patente-geatech\/#breadcrumb"},"inLanguage":"es","potentialAction":[{"@type":"ReadAction","target":["https:\/\/www.geatech.it\/es\/attrezzatura-ferroviaria\/sierra-de-cinta-mod-sgn-patente-geatech\/"]}]},{"@type":"ImageObject","inLanguage":"es","@id":"https:\/\/www.geatech.it\/es\/attrezzatura-ferroviaria\/sierra-de-cinta-mod-sgn-patente-geatech\/#primaryimage","url":"https:\/\/www.geatech.it\/wp-content\/uploads\/2021\/05\/sega-a-nastro-mod-sgn-brevetto-geatech-1.jpg","contentUrl":"https:\/\/www.geatech.it\/wp-content\/uploads\/2021\/05\/sega-a-nastro-mod-sgn-brevetto-geatech-1.jpg","width":450,"height":490},{"@type":"BreadcrumbList","@id":"https:\/\/www.geatech.it\/es\/attrezzatura-ferroviaria\/sierra-de-cinta-mod-sgn-patente-geatech\/#breadcrumb","itemListElement":[{"@type":"ListItem","position":1,"name":"Prodotti Geatech Group Es","item":"https:\/\/www.geatech.it\/es\/prodotti-geatech-group-es\/"},{"@type":"ListItem","position":2,"name":"SIERRA DE CINTA Mod. SGN (patente Geatech)"}]},{"@type":"WebSite","@id":"https:\/\/www.geatech.it\/#website","url":"https:\/\/www.geatech.it\/","name":"Equipamiento ferroviario Geatech","description":"Geatech Group","publisher":{"@id":"https:\/\/www.geatech.it\/#organization"},"potentialAction":[{"@type":"SearchAction","target":{"@type":"EntryPoint","urlTemplate":"https:\/\/www.geatech.it\/?s={search_term_string}"},"query-input":"required name=search_term_string"}],"inLanguage":"es"},{"@type":"Organization","@id":"https:\/\/www.geatech.it\/#organization","name":"Geatech Srl","url":"https:\/\/www.geatech.it\/","logo":{"@type":"ImageObject","inLanguage":"es","@id":"https:\/\/www.geatech.it\/#\/schema\/logo\/image\/","url":"https:\/\/www.geatech.it\/wp-content\/uploads\/2020\/11\/Logo-varianti-giallo-grande.001.png","contentUrl":"https:\/\/www.geatech.it\/wp-content\/uploads\/2020\/11\/Logo-varianti-giallo-grande.001.png","width":500,"height":200,"caption":"Geatech Srl"},"image":{"@id":"https:\/\/www.geatech.it\/#\/schema\/logo\/image\/"}}]}},"_links":{"self":[{"href":"https:\/\/www.geatech.it\/es\/wp-json\/wp\/v2\/product\/3782"}],"collection":[{"href":"https:\/\/www.geatech.it\/es\/wp-json\/wp\/v2\/product"}],"about":[{"href":"https:\/\/www.geatech.it\/es\/wp-json\/wp\/v2\/types\/product"}],"wp:featuredmedia":[{"embeddable":true,"href":"https:\/\/www.geatech.it\/es\/wp-json\/wp\/v2\/media\/3778"}],"wp:attachment":[{"href":"https:\/\/www.geatech.it\/es\/wp-json\/wp\/v2\/media?parent=3782"}],"wp:term":[{"taxonomy":"product_cat","embeddable":true,"href":"https:\/\/www.geatech.it\/es\/wp-json\/wp\/v2\/product_cat?post=3782"},{"taxonomy":"product_tag","embeddable":true,"href":"https:\/\/www.geatech.it\/es\/wp-json\/wp\/v2\/product_tag?post=3782"}],"curies":[{"name":"wp","href":"https:\/\/api.w.org\/{rel}","templated":true}]}}