{"id":3712,"date":"2021-05-13T08:55:17","date_gmt":"2021-05-13T08:55:17","guid":{"rendered":"https:\/\/www.geatech.it\/attrezzatura-ferroviaria\/gruas-y-brazos-telescopicos\/"},"modified":"2021-05-13T08:55:17","modified_gmt":"2021-05-13T08:55:17","slug":"gruas-y-brazos-telescopicos","status":"publish","type":"product","link":"https:\/\/www.geatech.it\/es\/attrezzatura-ferroviaria\/gruas-y-brazos-telescopicos\/","title":{"rendered":"GR\u00daAS Y BRAZOS TELESC\u00d3PICOS"},"content":{"rendered":"<p>Cod.04081: Placa gr\u00faas sin perno Cod.06188: Perno placa gr\u00faa completo<\/p>\n","protected":false},"excerpt":{"rendered":"<p>Gr\u00faas y brazos telesc\u00f3picos para la descarga y la carga de rieles de 36m de longitud.<\/p>\n","protected":false},"featured_media":3708,"template":"","meta":{"_et_pb_use_builder":"","_et_pb_old_content":"","_et_gb_content_width":""},"product_cat":[189],"product_tag":[],"yoast_head":"<!-- This site is optimized with the Yoast SEO plugin v22.9 - https:\/\/yoast.com\/wordpress\/plugins\/seo\/ -->\n<title>GR\u00daAS Y BRAZOS TELESC\u00d3PICOS | Equipamiento ferroviario Geatech<\/title>\n<meta name=\"robots\" content=\"index, follow, max-snippet:-1, max-image-preview:large, max-video-preview:-1\" \/>\n<link rel=\"canonical\" href=\"https:\/\/www.geatech.it\/es\/attrezzatura-ferroviaria\/gruas-y-brazos-telescopicos\/\" \/>\n<meta property=\"og:locale\" content=\"es_ES\" \/>\n<meta property=\"og:type\" content=\"article\" \/>\n<meta property=\"og:title\" content=\"GR\u00daAS Y BRAZOS TELESC\u00d3PICOS | Equipamiento ferroviario Geatech\" \/>\n<meta property=\"og:description\" content=\"Gr\u00faas y brazos telesc\u00f3picos para la descarga y la carga de rieles de 36m de longitud.\" \/>\n<meta property=\"og:url\" content=\"https:\/\/www.geatech.it\/es\/attrezzatura-ferroviaria\/gruas-y-brazos-telescopicos\/\" \/>\n<meta property=\"og:site_name\" content=\"Equipamiento ferroviario Geatech\" \/>\n<meta property=\"og:image\" content=\"https:\/\/www.geatech.it\/wp-content\/uploads\/2021\/05\/gruette-e-bracci-telescopici-1.jpg\" \/>\n\t<meta property=\"og:image:width\" content=\"450\" \/>\n\t<meta property=\"og:image:height\" content=\"490\" \/>\n\t<meta property=\"og:image:type\" content=\"image\/jpeg\" \/>\n<meta name=\"twitter:card\" content=\"summary_large_image\" \/>\n<script type=\"application\/ld+json\" class=\"yoast-schema-graph\">{\"@context\":\"https:\/\/schema.org\",\"@graph\":[{\"@type\":\"WebPage\",\"@id\":\"https:\/\/www.geatech.it\/es\/attrezzatura-ferroviaria\/gruas-y-brazos-telescopicos\/\",\"url\":\"https:\/\/www.geatech.it\/es\/attrezzatura-ferroviaria\/gruas-y-brazos-telescopicos\/\",\"name\":\"GR\u00daAS Y BRAZOS TELESC\u00d3PICOS | Equipamiento ferroviario Geatech\",\"isPartOf\":{\"@id\":\"https:\/\/www.geatech.it\/#website\"},\"primaryImageOfPage\":{\"@id\":\"https:\/\/www.geatech.it\/es\/attrezzatura-ferroviaria\/gruas-y-brazos-telescopicos\/#primaryimage\"},\"image\":{\"@id\":\"https:\/\/www.geatech.it\/es\/attrezzatura-ferroviaria\/gruas-y-brazos-telescopicos\/#primaryimage\"},\"thumbnailUrl\":\"https:\/\/www.geatech.it\/wp-content\/uploads\/2021\/05\/gruette-e-bracci-telescopici-1.jpg\",\"datePublished\":\"2021-05-13T08:55:17+00:00\",\"dateModified\":\"2021-05-13T08:55:17+00:00\",\"breadcrumb\":{\"@id\":\"https:\/\/www.geatech.it\/es\/attrezzatura-ferroviaria\/gruas-y-brazos-telescopicos\/#breadcrumb\"},\"inLanguage\":\"es\",\"potentialAction\":[{\"@type\":\"ReadAction\",\"target\":[\"https:\/\/www.geatech.it\/es\/attrezzatura-ferroviaria\/gruas-y-brazos-telescopicos\/\"]}]},{\"@type\":\"ImageObject\",\"inLanguage\":\"es\",\"@id\":\"https:\/\/www.geatech.it\/es\/attrezzatura-ferroviaria\/gruas-y-brazos-telescopicos\/#primaryimage\",\"url\":\"https:\/\/www.geatech.it\/wp-content\/uploads\/2021\/05\/gruette-e-bracci-telescopici-1.jpg\",\"contentUrl\":\"https:\/\/www.geatech.it\/wp-content\/uploads\/2021\/05\/gruette-e-bracci-telescopici-1.jpg\",\"width\":450,\"height\":490},{\"@type\":\"BreadcrumbList\",\"@id\":\"https:\/\/www.geatech.it\/es\/attrezzatura-ferroviaria\/gruas-y-brazos-telescopicos\/#breadcrumb\",\"itemListElement\":[{\"@type\":\"ListItem\",\"position\":1,\"name\":\"Prodotti Geatech Group Es\",\"item\":\"https:\/\/www.geatech.it\/es\/prodotti-geatech-group-es\/\"},{\"@type\":\"ListItem\",\"position\":2,\"name\":\"GR\u00daAS Y BRAZOS TELESC\u00d3PICOS\"}]},{\"@type\":\"WebSite\",\"@id\":\"https:\/\/www.geatech.it\/#website\",\"url\":\"https:\/\/www.geatech.it\/\",\"name\":\"Equipamiento ferroviario Geatech\",\"description\":\"Geatech Group\",\"publisher\":{\"@id\":\"https:\/\/www.geatech.it\/#organization\"},\"potentialAction\":[{\"@type\":\"SearchAction\",\"target\":{\"@type\":\"EntryPoint\",\"urlTemplate\":\"https:\/\/www.geatech.it\/?s={search_term_string}\"},\"query-input\":\"required name=search_term_string\"}],\"inLanguage\":\"es\"},{\"@type\":\"Organization\",\"@id\":\"https:\/\/www.geatech.it\/#organization\",\"name\":\"Geatech Srl\",\"url\":\"https:\/\/www.geatech.it\/\",\"logo\":{\"@type\":\"ImageObject\",\"inLanguage\":\"es\",\"@id\":\"https:\/\/www.geatech.it\/#\/schema\/logo\/image\/\",\"url\":\"https:\/\/www.geatech.it\/wp-content\/uploads\/2020\/11\/Logo-varianti-giallo-grande.001.png\",\"contentUrl\":\"https:\/\/www.geatech.it\/wp-content\/uploads\/2020\/11\/Logo-varianti-giallo-grande.001.png\",\"width\":500,\"height\":200,\"caption\":\"Geatech Srl\"},\"image\":{\"@id\":\"https:\/\/www.geatech.it\/#\/schema\/logo\/image\/\"}}]}<\/script>\n<!-- \/ Yoast SEO plugin. -->","yoast_head_json":{"title":"GR\u00daAS Y BRAZOS TELESC\u00d3PICOS | Equipamiento ferroviario Geatech","robots":{"index":"index","follow":"follow","max-snippet":"max-snippet:-1","max-image-preview":"max-image-preview:large","max-video-preview":"max-video-preview:-1"},"canonical":"https:\/\/www.geatech.it\/es\/attrezzatura-ferroviaria\/gruas-y-brazos-telescopicos\/","og_locale":"es_ES","og_type":"article","og_title":"GR\u00daAS Y BRAZOS TELESC\u00d3PICOS | Equipamiento ferroviario Geatech","og_description":"Gr\u00faas y brazos telesc\u00f3picos para la descarga y la carga de rieles de 36m de longitud.","og_url":"https:\/\/www.geatech.it\/es\/attrezzatura-ferroviaria\/gruas-y-brazos-telescopicos\/","og_site_name":"Equipamiento ferroviario Geatech","og_image":[{"width":450,"height":490,"url":"https:\/\/www.geatech.it\/wp-content\/uploads\/2021\/05\/gruette-e-bracci-telescopici-1.jpg","type":"image\/jpeg"}],"twitter_card":"summary_large_image","schema":{"@context":"https:\/\/schema.org","@graph":[{"@type":"WebPage","@id":"https:\/\/www.geatech.it\/es\/attrezzatura-ferroviaria\/gruas-y-brazos-telescopicos\/","url":"https:\/\/www.geatech.it\/es\/attrezzatura-ferroviaria\/gruas-y-brazos-telescopicos\/","name":"GR\u00daAS Y BRAZOS TELESC\u00d3PICOS | Equipamiento ferroviario Geatech","isPartOf":{"@id":"https:\/\/www.geatech.it\/#website"},"primaryImageOfPage":{"@id":"https:\/\/www.geatech.it\/es\/attrezzatura-ferroviaria\/gruas-y-brazos-telescopicos\/#primaryimage"},"image":{"@id":"https:\/\/www.geatech.it\/es\/attrezzatura-ferroviaria\/gruas-y-brazos-telescopicos\/#primaryimage"},"thumbnailUrl":"https:\/\/www.geatech.it\/wp-content\/uploads\/2021\/05\/gruette-e-bracci-telescopici-1.jpg","datePublished":"2021-05-13T08:55:17+00:00","dateModified":"2021-05-13T08:55:17+00:00","breadcrumb":{"@id":"https:\/\/www.geatech.it\/es\/attrezzatura-ferroviaria\/gruas-y-brazos-telescopicos\/#breadcrumb"},"inLanguage":"es","potentialAction":[{"@type":"ReadAction","target":["https:\/\/www.geatech.it\/es\/attrezzatura-ferroviaria\/gruas-y-brazos-telescopicos\/"]}]},{"@type":"ImageObject","inLanguage":"es","@id":"https:\/\/www.geatech.it\/es\/attrezzatura-ferroviaria\/gruas-y-brazos-telescopicos\/#primaryimage","url":"https:\/\/www.geatech.it\/wp-content\/uploads\/2021\/05\/gruette-e-bracci-telescopici-1.jpg","contentUrl":"https:\/\/www.geatech.it\/wp-content\/uploads\/2021\/05\/gruette-e-bracci-telescopici-1.jpg","width":450,"height":490},{"@type":"BreadcrumbList","@id":"https:\/\/www.geatech.it\/es\/attrezzatura-ferroviaria\/gruas-y-brazos-telescopicos\/#breadcrumb","itemListElement":[{"@type":"ListItem","position":1,"name":"Prodotti Geatech Group Es","item":"https:\/\/www.geatech.it\/es\/prodotti-geatech-group-es\/"},{"@type":"ListItem","position":2,"name":"GR\u00daAS Y BRAZOS TELESC\u00d3PICOS"}]},{"@type":"WebSite","@id":"https:\/\/www.geatech.it\/#website","url":"https:\/\/www.geatech.it\/","name":"Equipamiento ferroviario Geatech","description":"Geatech Group","publisher":{"@id":"https:\/\/www.geatech.it\/#organization"},"potentialAction":[{"@type":"SearchAction","target":{"@type":"EntryPoint","urlTemplate":"https:\/\/www.geatech.it\/?s={search_term_string}"},"query-input":"required name=search_term_string"}],"inLanguage":"es"},{"@type":"Organization","@id":"https:\/\/www.geatech.it\/#organization","name":"Geatech Srl","url":"https:\/\/www.geatech.it\/","logo":{"@type":"ImageObject","inLanguage":"es","@id":"https:\/\/www.geatech.it\/#\/schema\/logo\/image\/","url":"https:\/\/www.geatech.it\/wp-content\/uploads\/2020\/11\/Logo-varianti-giallo-grande.001.png","contentUrl":"https:\/\/www.geatech.it\/wp-content\/uploads\/2020\/11\/Logo-varianti-giallo-grande.001.png","width":500,"height":200,"caption":"Geatech Srl"},"image":{"@id":"https:\/\/www.geatech.it\/#\/schema\/logo\/image\/"}}]}},"_links":{"self":[{"href":"https:\/\/www.geatech.it\/es\/wp-json\/wp\/v2\/product\/3712"}],"collection":[{"href":"https:\/\/www.geatech.it\/es\/wp-json\/wp\/v2\/product"}],"about":[{"href":"https:\/\/www.geatech.it\/es\/wp-json\/wp\/v2\/types\/product"}],"wp:featuredmedia":[{"embeddable":true,"href":"https:\/\/www.geatech.it\/es\/wp-json\/wp\/v2\/media\/3708"}],"wp:attachment":[{"href":"https:\/\/www.geatech.it\/es\/wp-json\/wp\/v2\/media?parent=3712"}],"wp:term":[{"taxonomy":"product_cat","embeddable":true,"href":"https:\/\/www.geatech.it\/es\/wp-json\/wp\/v2\/product_cat?post=3712"},{"taxonomy":"product_tag","embeddable":true,"href":"https:\/\/www.geatech.it\/es\/wp-json\/wp\/v2\/product_tag?post=3712"}],"curies":[{"name":"wp","href":"https:\/\/api.w.org\/{rel}","templated":true}]}}