{"id":5641,"date":"2022-01-19T09:36:33","date_gmt":"2022-01-19T09:36:33","guid":{"rendered":"https:\/\/www.geatech.it\/privacy-policy\/"},"modified":"2022-01-19T09:36:34","modified_gmt":"2022-01-19T09:36:34","slug":"privacy-policy","status":"publish","type":"page","link":"https:\/\/www.geatech.it\/es\/privacy-policy\/","title":{"rendered":"Privacy policy"},"content":{"rendered":"\n<p>PORQUE ESTE AVISO&#13;\nEn esta p\u00e1gina se describen las modalidades de gesti\u00f3n del sitio con referencia al tratamiento de los datos personales de los usuarios que lo consultan. Se trata de una informativa realizada tambi\u00e9n en virtud del art. 13 del Decreto Legislativo 20 Junio 2003 n. 196 &#8211; C\u00f3digo en materia de protecci\u00f3n de los datos personales &#8211; a quienes interact\u00faan con los servicios web accesibles por telem\u00e1tica a partir de la direcci\u00f3n: www.geatech.it.<\/p>\n\n<p>La informaci\u00f3n se hace s\u00f3lo para el sitio en cuesti\u00f3n y no tambi\u00e9n para otros sitios web eventualmente consultables a trav\u00e9s de nuestros enlaces, de los cuales Geatech S.r.l. no es de ninguna manera responsable. Las directrices que figuran a continuaci\u00f3n se inspiran tambi\u00e9n en las directrices que figuran en el art. El Reglamento n\u00ba 29 de la Directiva 95\/46\/CE se refiere, en particular, a la recogida de datos personales en Internet, con el fin de determinar las medidas m\u00ednimas que deber\u00e1n aplicarse respecto de las personas interesadas para garantizar la lealtad y licitud de esta pr\u00e1ctica.<\/p>\n\n<p>EL RESPONSABLE DEL TRATAMIENTO&#13;\nTras la consulta de este sitio pueden tratarse datos relativos a personas identificadas o identificables. El \u00abTitular\u00bb de su tratamiento es Geatech S.r.l. que tiene sede Via del Palazzino 6\/b &#8211; 40051 Altedo (BO) &#8211; Italy.<\/p>\n\n<p>LUGAR DE TRATAMIENTO DE LOS DATOS&#13;\nLos tratamientos relacionados con los servicios Web en este sitio se efect\u00faan en la sede de la Sociedad responsable del tratamiento y son atendidos s\u00f3lo por empleados, colaboradores o encargados del tratamiento, o por eventuales encargados de ocasionales operaciones de mantenimiento. No se comunica ni se difunde ning\u00fan dato derivado del servicio web. Los datos personales facilitados por los usuarios que presenten solicitudes de env\u00edo de material informativo se utilizar\u00e1n con el \u00fanico fin de realizar el servicio o la prestaci\u00f3n solicitada y se comunicar\u00e1n a terceros en caso necesario (v\u00e9ase el cap\u00edtulo \u00abFacultatividad de la transmisi\u00f3n de datos\u00bb)<\/p>\n\n<p>TIPOS DE DATOS TRATADOS&#13;\nDatos de Navegaci\u00f3n&#13;\nLos sistemas inform\u00e1ticos y los procedimientos inform\u00e1ticos para el funcionamiento de este sitio web adquieren, durante su ejercicio normal, algunos datos personales cuya transmisi\u00f3n est\u00e1 impl\u00edcita en el uso de los protocolos de comunicaci\u00f3n de Internet. Se trata de informaci\u00f3n que no se recoge para asociarse a interesados identificados, pero que por su propia naturaleza, a trav\u00e9s de elaboraciones y asociaciones con datos en poder de terceros, podr\u00edan permitir identificar a los usuarios. Esta categor\u00eda de datos incluye las direcciones IP o los nombres de dominio de los ordenadores utilizados por los usuarios que se conectan al sitio, las direcciones en notaci\u00f3n URI (Uniform Resource Identifier) de los recursos solicitados, la hora de la solicitud, el m\u00e9todo utilizado al enviar la solicitud al servidor, el tama\u00f1o del archivo obtenido en respuesta, el c\u00f3digo num\u00e9rico que indica el estado de la respuesta dada por el servidor (buen fin, error, etc.) y otros par\u00e1metros relacionados con el sistema operativo y el entorno inform\u00e1tico del usuario. Estos datos se utilizan con el \u00fanico fin de obtener informaci\u00f3n estad\u00edstica an\u00f3nima sobre el uso del sitio y para controlar su correcto funcionamiento y se eliminan inmediatamente despu\u00e9s del procesamiento. Los datos podr\u00edan utilizarse para determinar la responsabilidad en caso de hipot\u00e9ticos delitos inform\u00e1ticos contra el sitio.&#13;\n&#13;\nDatos proporcionados voluntariamente por el usuario&#13;\nEl env\u00edo facultativo, expl\u00edcito y voluntario de correo electr\u00f3nico a las direcciones indicadas en este sitio implica la posterior adquisici\u00f3n de la direcci\u00f3n del remitente, necesaria para responder a las solicitudes, as\u00ed como de los eventuales otros datos personales introducidos en la misiva. Las especificaciones informativas de s\u00edntesis se ir\u00e1n recogiendo o mostrando progresivamente en las p\u00e1ginas del sitio que est\u00e1n preparadas para determinados servicios a petici\u00f3n.<\/p>\n\n<p>FACULTATIVIDAD DE LA TRANSMISI\u00d3N DE DATOS&#13;\nAparte de lo especificado para los datos de navegaci\u00f3n, el usuario es libre de proporcionar los datos personales indicados en los formularios de solicitud o en cualquier otro tipo de contacto para solicitar el env\u00edo de material informativo u otras comunicaciones. Su no concesi\u00f3n puede entra\u00f1ar la imposibilidad de obtener lo solicitado. En aras de la exhaustividad, cabe recordar que, en algunos casos (que no son objeto de la gesti\u00f3n ordinaria de este sitio) el \u00d3rgano puede solicitar informaci\u00f3n y noticias de conformidad con el art. 157 del D.Lgs. no 196\/2003, a efectos del control del tratamiento de los datos personales. En estos casos, la respuesta es obligatoria so pena de sanci\u00f3n administrativa. \u2018 Nombre de usuario&#8217; y \u2018contrase\u00f1a&#8217;: En caso de que se le pida que elija un \u2018nombre de usuario&#8217; y una &#8216;contrase\u00f1a&#8217; para acceder a secciones confidenciales del sitio, ser\u00e1 su responsabilidad mantener estos datos confidenciales y comunicarnos inmediatamente su uso por personas no autorizadas.<\/p>\n\n<p>MODALIDAD DE TRATAMIENTO&#13;\nLos datos personales se tratar\u00e1n con instrumentos automatizados durante el tiempo estrictamente necesario para lograr los fines para los que fueron recogidos. Se observar\u00e1n medidas de seguridad espec\u00edficas para evitar la p\u00e9rdida de datos, el uso il\u00edcito o incorrecto y el acceso no autorizado en cumplimiento de los requisitos de adaptaci\u00f3n a medidas m\u00ednimas de seguridad. Le informamos que, para ofrecer un servicio completo, nuestro portal contiene enlaces a otros sitios web, no gestionados por nosotros. No somos responsables de errores, contenidos, cookies, publicaciones de contenido moral il\u00edcito, publicidad, banners o archivos que no se ajusten a las disposiciones legales vigentes y al incumplimiento de la normativa de privacidad por parte de los sitios a los que nos referimos. Para mejorar el servicio ofrecido es bienvenida una notificaci\u00f3n inmediata de fallos, abusos o sugerencias a la direcci\u00f3n de correo electr\u00f3nico: info@geatech.com.&#13;\n<\/p>\n\n<p>DERECHOS DE LOS INTERESADOS&#13;\nLas personas a las que se refieren los datos personales tienen derecho en todo momento a obtener la confirmaci\u00f3n de la existencia o no de los mismos datos y a conocer su contenido y su origen, verificar su exactitud o solicitar su integraci\u00f3n o actualizaci\u00f3n, o su rectificaci\u00f3n (art. 7 del D.Lgs. n. 196\/2003). Seg\u00fan el mismo art\u00edculo, se tiene derecho a solicitar la cancelaci\u00f3n, la transformaci\u00f3n en forma an\u00f3nima o el bloqueo de los datos tratados en violaci\u00f3n de la ley, as\u00ed como a oponerse en cualquier caso, por motivos leg\u00edtimos, a su tratamiento.&#13;\nLas peticiones van dirigidas a es Geatech S.r.l que tiene sede Via del Palazzino 6\/b &#8211; 40051 Altedo (BO) &#8211; Italy&#13;\n<\/p>\n\n<p>COOKIES<\/p>\n\n<p>Consulte nuestra pol\u00edtica de cookies: https:\/\/www.geatech.it\/cookie-policy\/&#13;\n<\/p>\n\n<p>DATOS ESTAD\u00cdSTICOS Y DE NAVEGACI\u00d3N RECOGIDOS POR TERCEROS&#13;\nComo ya es habitual en Internet, este sitio utiliza herramientas de an\u00e1lisis estad\u00edstico proporcionadas y gestionadas por terceros que pueden recoger y \u00abrastrear\u00bb algunos datos de navegaci\u00f3n. Es bueno destacar que muchos sitios italianos y extranjeros normalmente hacen uso de estas tecnolog\u00edas y soluciones en \u00aboutsourcing\u00bb, pero son muy pocos los que lo se\u00f1alan en sus \u00abInformaci\u00f3n Privacidad\u00bb. Hemos tratado de hacerlo e informarle de la manera m\u00e1s correcta y transparente posible: sin embargo, estamos siempre a vs. disposici\u00f3n para cualquier informaci\u00f3n o aclaraci\u00f3n adicional. Al ser recogidos de instrumentos y Empresas diferentes respecto al gestor del sitio, estos datos no est\u00e1n f\u00edsicamente en posesi\u00f3n de Geatech S.r.l. que puede utilizarlos solamente en consulta, pero no tiene la posibilidad de modificarlos o eliminarlos aut\u00f3nomamente. Para estas operaciones y para conocer en profundidad la pol\u00edtica de privacidad aplicada a estos datos, es necesario que el usuario se dirija directamente al Titular, o a la Empresa que presta directamente el servicio estad\u00edstico utilizado. Las herramientas de terceros utilizados en este sitio web son los siguientes: &#8211; Google Analytics (por encargo de: Google Inc. 1600 Amphitheatre Parkway &#8211; Mountain View CA 94043, USA).<\/p>\n\n<p>&#13;\nINFORMACI\u00d3N SOBRE GOOGLE ANALYTICS&#13;\nEste sitio web utiliza Google Analytics, un servicio de an\u00e1lisis web proporcionado por Google, Inc. (\u00abGoogle\u00bb). Google Analytics utiliza \u00abcookies\u00bb, que son archivos de texto que se depositan en su ordenador para que el sitio web pueda analizar c\u00f3mo los usuarios utilizan el sitio. La informaci\u00f3n generada por la cookie sobre el uso de su sitio web (incluyendo su direcci\u00f3n IP) ser\u00e1 transmitida, y almacenada en los servidores de Google en los Estados Unidos. Google utilizar\u00e1 esta informaci\u00f3n para seguir y examinar su uso del sitio web, elaborar informes sobre las actividades del sitio web para los operadores del sitio web y ofrecer otros servicios relacionados con las actividades del sitio web y el uso de Internet. Google tambi\u00e9n podr\u00e1 transferir esta informaci\u00f3n a terceros cuando as\u00ed lo exija la legislaci\u00f3n o cuando estos terceros traten dicha informaci\u00f3n en nombre de Google. Google no asociar\u00e1 su direcci\u00f3n IP con ning\u00fan otro dato que posea Google. Puede rechazar el uso de cookies seleccionando la configuraci\u00f3n apropiada en su navegador, pero esto podr\u00eda impedirle utilizar todas las funciones de este sitio web. Al utilizar este sitio web, usted acepta el tratamiento de sus datos por parte de Google para los fines y modalidades antes mencionados. Direcciones \u00fatiles para una mejor comprensi\u00f3n de la pol\u00edtica de privacidad de Google Analytics:&#13;\n\u2013 http:\/\/www.google.com\/analytics\/it-IT\/tos.html&#13;\n\u2013 http:\/\/www.google.com\/privacypolicy.html&#13;\nCualquier consulta relacionada con los datos relacionados con este tratamiento debe ser dirigida al Titular (Google Inc.).<\/p>\n\n<p>APLICACI\u00d3N DE LA POL\u00cdTICA DE PRIVACIDAD&#13;\nSi tiene alguna duda sobre esta Pol\u00edtica, contacte primero con Geatech S.r.l. enviando un e-mail info@geatech.it.&#13;\n<\/p>\n\n<p>CAMBIOS A ESTA POL\u00cdTICA DE PRIVACIDAD&#13;\nGeatech S.r.l. se reserva el derecho de actualizar esta Pol\u00edtica de Privacidad para adaptarla al derecho adverso y teniendo debidamente en cuenta las sugerencias transmitidas por los empleados, clientes, colaboradores y usuarios.<\/p>\n","protected":false},"excerpt":{"rendered":"<p>PORQUE ESTE AVISO&#13; En esta p\u00e1gina se describen las modalidades de gesti\u00f3n del sitio con referencia al tratamiento de los datos personales de los usuarios que lo consultan. Se trata de una informativa realizada tambi\u00e9n en virtud del art. 13 del Decreto Legislativo 20 Junio 2003 n. 196 &#8211; C\u00f3digo en materia de protecci\u00f3n de [&hellip;]<\/p>\n","protected":false},"author":1,"featured_media":0,"parent":0,"menu_order":0,"comment_status":"closed","ping_status":"closed","template":"","meta":{"_et_pb_use_builder":"off","_et_pb_old_content":"","_et_gb_content_width":"","footnotes":""},"yoast_head":"<!-- This site is optimized with the Yoast SEO plugin v22.9 - https:\/\/yoast.com\/wordpress\/plugins\/seo\/ -->\n<title>Privacy policy | Equipamiento ferroviario Geatech<\/title>\n<meta name=\"robots\" content=\"index, follow, max-snippet:-1, max-image-preview:large, max-video-preview:-1\" \/>\n<link rel=\"canonical\" href=\"https:\/\/www.geatech.it\/es\/privacy-policy\/\" \/>\n<meta property=\"og:locale\" content=\"es_ES\" \/>\n<meta property=\"og:type\" content=\"article\" \/>\n<meta property=\"og:title\" content=\"Privacy policy | Equipamiento ferroviario Geatech\" \/>\n<meta property=\"og:description\" content=\"PORQUE ESTE AVISO&#013; En esta p\u00e1gina se describen las modalidades de gesti\u00f3n del sitio con referencia al tratamiento de los datos personales de los usuarios que lo consultan. Se trata de una informativa realizada tambi\u00e9n en virtud del art. 13 del Decreto Legislativo 20 Junio 2003 n. 196 &#8211; C\u00f3digo en materia de protecci\u00f3n de [&hellip;]\" \/>\n<meta property=\"og:url\" content=\"https:\/\/www.geatech.it\/es\/privacy-policy\/\" \/>\n<meta property=\"og:site_name\" content=\"Equipamiento ferroviario Geatech\" \/>\n<meta property=\"article:modified_time\" content=\"2022-01-19T09:36:34+00:00\" \/>\n<meta name=\"twitter:card\" content=\"summary_large_image\" \/>\n<meta name=\"twitter:label1\" content=\"Tiempo de lectura\" \/>\n\t<meta name=\"twitter:data1\" content=\"8 minutos\" \/>\n<script type=\"application\/ld+json\" class=\"yoast-schema-graph\">{\"@context\":\"https:\/\/schema.org\",\"@graph\":[{\"@type\":\"WebPage\",\"@id\":\"https:\/\/www.geatech.it\/es\/privacy-policy\/\",\"url\":\"https:\/\/www.geatech.it\/es\/privacy-policy\/\",\"name\":\"Privacy policy | Equipamiento ferroviario Geatech\",\"isPartOf\":{\"@id\":\"https:\/\/www.geatech.it\/#website\"},\"datePublished\":\"2022-01-19T09:36:33+00:00\",\"dateModified\":\"2022-01-19T09:36:34+00:00\",\"inLanguage\":\"es\",\"potentialAction\":[{\"@type\":\"ReadAction\",\"target\":[\"https:\/\/www.geatech.it\/es\/privacy-policy\/\"]}]},{\"@type\":\"WebSite\",\"@id\":\"https:\/\/www.geatech.it\/#website\",\"url\":\"https:\/\/www.geatech.it\/\",\"name\":\"Equipamiento ferroviario Geatech\",\"description\":\"Geatech Group\",\"publisher\":{\"@id\":\"https:\/\/www.geatech.it\/#organization\"},\"potentialAction\":[{\"@type\":\"SearchAction\",\"target\":{\"@type\":\"EntryPoint\",\"urlTemplate\":\"https:\/\/www.geatech.it\/?s={search_term_string}\"},\"query-input\":\"required name=search_term_string\"}],\"inLanguage\":\"es\"},{\"@type\":\"Organization\",\"@id\":\"https:\/\/www.geatech.it\/#organization\",\"name\":\"Geatech Srl\",\"url\":\"https:\/\/www.geatech.it\/\",\"logo\":{\"@type\":\"ImageObject\",\"inLanguage\":\"es\",\"@id\":\"https:\/\/www.geatech.it\/#\/schema\/logo\/image\/\",\"url\":\"https:\/\/www.geatech.it\/wp-content\/uploads\/2020\/11\/Logo-varianti-giallo-grande.001.png\",\"contentUrl\":\"https:\/\/www.geatech.it\/wp-content\/uploads\/2020\/11\/Logo-varianti-giallo-grande.001.png\",\"width\":500,\"height\":200,\"caption\":\"Geatech Srl\"},\"image\":{\"@id\":\"https:\/\/www.geatech.it\/#\/schema\/logo\/image\/\"}}]}<\/script>\n<!-- \/ Yoast SEO plugin. -->","yoast_head_json":{"title":"Privacy policy | Equipamiento ferroviario Geatech","robots":{"index":"index","follow":"follow","max-snippet":"max-snippet:-1","max-image-preview":"max-image-preview:large","max-video-preview":"max-video-preview:-1"},"canonical":"https:\/\/www.geatech.it\/es\/privacy-policy\/","og_locale":"es_ES","og_type":"article","og_title":"Privacy policy | Equipamiento ferroviario Geatech","og_description":"PORQUE ESTE AVISO&#13; En esta p\u00e1gina se describen las modalidades de gesti\u00f3n del sitio con referencia al tratamiento de los datos personales de los usuarios que lo consultan. Se trata de una informativa realizada tambi\u00e9n en virtud del art. 13 del Decreto Legislativo 20 Junio 2003 n. 196 &#8211; C\u00f3digo en materia de protecci\u00f3n de [&hellip;]","og_url":"https:\/\/www.geatech.it\/es\/privacy-policy\/","og_site_name":"Equipamiento ferroviario Geatech","article_modified_time":"2022-01-19T09:36:34+00:00","twitter_card":"summary_large_image","twitter_misc":{"Tiempo de lectura":"8 minutos"},"schema":{"@context":"https:\/\/schema.org","@graph":[{"@type":"WebPage","@id":"https:\/\/www.geatech.it\/es\/privacy-policy\/","url":"https:\/\/www.geatech.it\/es\/privacy-policy\/","name":"Privacy policy | Equipamiento ferroviario Geatech","isPartOf":{"@id":"https:\/\/www.geatech.it\/#website"},"datePublished":"2022-01-19T09:36:33+00:00","dateModified":"2022-01-19T09:36:34+00:00","inLanguage":"es","potentialAction":[{"@type":"ReadAction","target":["https:\/\/www.geatech.it\/es\/privacy-policy\/"]}]},{"@type":"WebSite","@id":"https:\/\/www.geatech.it\/#website","url":"https:\/\/www.geatech.it\/","name":"Equipamiento ferroviario Geatech","description":"Geatech Group","publisher":{"@id":"https:\/\/www.geatech.it\/#organization"},"potentialAction":[{"@type":"SearchAction","target":{"@type":"EntryPoint","urlTemplate":"https:\/\/www.geatech.it\/?s={search_term_string}"},"query-input":"required name=search_term_string"}],"inLanguage":"es"},{"@type":"Organization","@id":"https:\/\/www.geatech.it\/#organization","name":"Geatech Srl","url":"https:\/\/www.geatech.it\/","logo":{"@type":"ImageObject","inLanguage":"es","@id":"https:\/\/www.geatech.it\/#\/schema\/logo\/image\/","url":"https:\/\/www.geatech.it\/wp-content\/uploads\/2020\/11\/Logo-varianti-giallo-grande.001.png","contentUrl":"https:\/\/www.geatech.it\/wp-content\/uploads\/2020\/11\/Logo-varianti-giallo-grande.001.png","width":500,"height":200,"caption":"Geatech Srl"},"image":{"@id":"https:\/\/www.geatech.it\/#\/schema\/logo\/image\/"}}]}},"_links":{"self":[{"href":"https:\/\/www.geatech.it\/es\/wp-json\/wp\/v2\/pages\/5641"}],"collection":[{"href":"https:\/\/www.geatech.it\/es\/wp-json\/wp\/v2\/pages"}],"about":[{"href":"https:\/\/www.geatech.it\/es\/wp-json\/wp\/v2\/types\/page"}],"author":[{"embeddable":true,"href":"https:\/\/www.geatech.it\/es\/wp-json\/wp\/v2\/users\/1"}],"replies":[{"embeddable":true,"href":"https:\/\/www.geatech.it\/es\/wp-json\/wp\/v2\/comments?post=5641"}],"version-history":[{"count":1,"href":"https:\/\/www.geatech.it\/es\/wp-json\/wp\/v2\/pages\/5641\/revisions"}],"predecessor-version":[{"id":5642,"href":"https:\/\/www.geatech.it\/es\/wp-json\/wp\/v2\/pages\/5641\/revisions\/5642"}],"wp:attachment":[{"href":"https:\/\/www.geatech.it\/es\/wp-json\/wp\/v2\/media?parent=5641"}],"curies":[{"name":"wp","href":"https:\/\/api.w.org\/{rel}","templated":true}]}}