{"id":5068,"date":"2021-06-07T12:41:25","date_gmt":"2021-06-07T12:41:25","guid":{"rendered":"https:\/\/www.geatech.it\/attrezzatura-ferroviaria\/shunt-kabel-2\/"},"modified":"2021-06-07T12:41:25","modified_gmt":"2021-06-07T12:41:25","slug":"shunt-kabel-2","status":"publish","type":"product","link":"https:\/\/www.geatech.it\/de\/attrezzatura-ferroviaria\/shunt-kabel-2\/","title":{"rendered":"SHUNT-KABEL"},"content":{"rendered":"<p>Cod.TA0003: L=1,2m Cod.TA0005: L=5m Cod.TA0006: L=3m Kabelquerschnitt: 120mm\u00b2<\/p>\n","protected":false},"excerpt":{"rendered":"<p>Kurzschluss-und Kontinuit\u00e4tsger\u00e4t zwischen Schienen. Die Klemmen sind aus geschmiedeten Messing.<\/p>\n","protected":false},"featured_media":5064,"template":"","meta":{"_et_pb_use_builder":"","_et_pb_old_content":"","_et_gb_content_width":""},"product_cat":[224],"product_tag":[],"yoast_head":"<!-- This site is optimized with the Yoast SEO plugin v22.9 - https:\/\/yoast.com\/wordpress\/plugins\/seo\/ -->\n<title>SHUNT-KABEL | Geatech Eisenbahnger\u00e4te<\/title>\n<meta name=\"robots\" content=\"index, follow, max-snippet:-1, max-image-preview:large, max-video-preview:-1\" \/>\n<link rel=\"canonical\" href=\"https:\/\/www.geatech.it\/de\/attrezzatura-ferroviaria\/shunt-kabel-2\/\" \/>\n<meta property=\"og:locale\" content=\"de_DE\" \/>\n<meta property=\"og:type\" content=\"article\" \/>\n<meta property=\"og:title\" content=\"SHUNT-KABEL | Geatech Eisenbahnger\u00e4te\" \/>\n<meta property=\"og:description\" content=\"Kurzschluss-und Kontinuit\u00e4tsger\u00e4t zwischen Schienen. Die Klemmen sind aus geschmiedeten Messing.\" \/>\n<meta property=\"og:url\" content=\"https:\/\/www.geatech.it\/de\/attrezzatura-ferroviaria\/shunt-kabel-2\/\" \/>\n<meta property=\"og:site_name\" content=\"Geatech Eisenbahnger\u00e4te\" \/>\n<meta property=\"og:image\" content=\"https:\/\/www.geatech.it\/wp-content\/uploads\/2021\/06\/cavi-di-shuntaggio-1.jpg\" \/>\n\t<meta property=\"og:image:width\" content=\"450\" \/>\n\t<meta property=\"og:image:height\" content=\"490\" \/>\n\t<meta property=\"og:image:type\" content=\"image\/jpeg\" \/>\n<meta name=\"twitter:card\" content=\"summary_large_image\" \/>\n<script type=\"application\/ld+json\" class=\"yoast-schema-graph\">{\"@context\":\"https:\/\/schema.org\",\"@graph\":[{\"@type\":\"WebPage\",\"@id\":\"https:\/\/www.geatech.it\/de\/attrezzatura-ferroviaria\/shunt-kabel-2\/\",\"url\":\"https:\/\/www.geatech.it\/de\/attrezzatura-ferroviaria\/shunt-kabel-2\/\",\"name\":\"SHUNT-KABEL | Geatech Eisenbahnger\u00e4te\",\"isPartOf\":{\"@id\":\"https:\/\/www.geatech.it\/#website\"},\"primaryImageOfPage\":{\"@id\":\"https:\/\/www.geatech.it\/de\/attrezzatura-ferroviaria\/shunt-kabel-2\/#primaryimage\"},\"image\":{\"@id\":\"https:\/\/www.geatech.it\/de\/attrezzatura-ferroviaria\/shunt-kabel-2\/#primaryimage\"},\"thumbnailUrl\":\"https:\/\/www.geatech.it\/wp-content\/uploads\/2021\/06\/cavi-di-shuntaggio-1.jpg\",\"datePublished\":\"2021-06-07T12:41:25+00:00\",\"dateModified\":\"2021-06-07T12:41:25+00:00\",\"breadcrumb\":{\"@id\":\"https:\/\/www.geatech.it\/de\/attrezzatura-ferroviaria\/shunt-kabel-2\/#breadcrumb\"},\"inLanguage\":\"de\",\"potentialAction\":[{\"@type\":\"ReadAction\",\"target\":[\"https:\/\/www.geatech.it\/de\/attrezzatura-ferroviaria\/shunt-kabel-2\/\"]}]},{\"@type\":\"ImageObject\",\"inLanguage\":\"de\",\"@id\":\"https:\/\/www.geatech.it\/de\/attrezzatura-ferroviaria\/shunt-kabel-2\/#primaryimage\",\"url\":\"https:\/\/www.geatech.it\/wp-content\/uploads\/2021\/06\/cavi-di-shuntaggio-1.jpg\",\"contentUrl\":\"https:\/\/www.geatech.it\/wp-content\/uploads\/2021\/06\/cavi-di-shuntaggio-1.jpg\",\"width\":450,\"height\":490},{\"@type\":\"BreadcrumbList\",\"@id\":\"https:\/\/www.geatech.it\/de\/attrezzatura-ferroviaria\/shunt-kabel-2\/#breadcrumb\",\"itemListElement\":[{\"@type\":\"ListItem\",\"position\":1,\"name\":\"Produkte\",\"item\":\"https:\/\/www.geatech.it\/de\/produkte\/\"},{\"@type\":\"ListItem\",\"position\":2,\"name\":\"SHUNT-KABEL\"}]},{\"@type\":\"WebSite\",\"@id\":\"https:\/\/www.geatech.it\/#website\",\"url\":\"https:\/\/www.geatech.it\/\",\"name\":\"Geatech Eisenbahnger\u00e4te\",\"description\":\"Geatech Group\",\"publisher\":{\"@id\":\"https:\/\/www.geatech.it\/#organization\"},\"potentialAction\":[{\"@type\":\"SearchAction\",\"target\":{\"@type\":\"EntryPoint\",\"urlTemplate\":\"https:\/\/www.geatech.it\/?s={search_term_string}\"},\"query-input\":\"required name=search_term_string\"}],\"inLanguage\":\"de\"},{\"@type\":\"Organization\",\"@id\":\"https:\/\/www.geatech.it\/#organization\",\"name\":\"Geatech Srl\",\"url\":\"https:\/\/www.geatech.it\/\",\"logo\":{\"@type\":\"ImageObject\",\"inLanguage\":\"de\",\"@id\":\"https:\/\/www.geatech.it\/#\/schema\/logo\/image\/\",\"url\":\"https:\/\/www.geatech.it\/wp-content\/uploads\/2020\/11\/Logo-varianti-giallo-grande.001.png\",\"contentUrl\":\"https:\/\/www.geatech.it\/wp-content\/uploads\/2020\/11\/Logo-varianti-giallo-grande.001.png\",\"width\":500,\"height\":200,\"caption\":\"Geatech Srl\"},\"image\":{\"@id\":\"https:\/\/www.geatech.it\/#\/schema\/logo\/image\/\"}}]}<\/script>\n<!-- \/ Yoast SEO plugin. -->","yoast_head_json":{"title":"SHUNT-KABEL | Geatech Eisenbahnger\u00e4te","robots":{"index":"index","follow":"follow","max-snippet":"max-snippet:-1","max-image-preview":"max-image-preview:large","max-video-preview":"max-video-preview:-1"},"canonical":"https:\/\/www.geatech.it\/de\/attrezzatura-ferroviaria\/shunt-kabel-2\/","og_locale":"de_DE","og_type":"article","og_title":"SHUNT-KABEL | Geatech Eisenbahnger\u00e4te","og_description":"Kurzschluss-und Kontinuit\u00e4tsger\u00e4t zwischen Schienen. Die Klemmen sind aus geschmiedeten Messing.","og_url":"https:\/\/www.geatech.it\/de\/attrezzatura-ferroviaria\/shunt-kabel-2\/","og_site_name":"Geatech Eisenbahnger\u00e4te","og_image":[{"width":450,"height":490,"url":"https:\/\/www.geatech.it\/wp-content\/uploads\/2021\/06\/cavi-di-shuntaggio-1.jpg","type":"image\/jpeg"}],"twitter_card":"summary_large_image","schema":{"@context":"https:\/\/schema.org","@graph":[{"@type":"WebPage","@id":"https:\/\/www.geatech.it\/de\/attrezzatura-ferroviaria\/shunt-kabel-2\/","url":"https:\/\/www.geatech.it\/de\/attrezzatura-ferroviaria\/shunt-kabel-2\/","name":"SHUNT-KABEL | Geatech Eisenbahnger\u00e4te","isPartOf":{"@id":"https:\/\/www.geatech.it\/#website"},"primaryImageOfPage":{"@id":"https:\/\/www.geatech.it\/de\/attrezzatura-ferroviaria\/shunt-kabel-2\/#primaryimage"},"image":{"@id":"https:\/\/www.geatech.it\/de\/attrezzatura-ferroviaria\/shunt-kabel-2\/#primaryimage"},"thumbnailUrl":"https:\/\/www.geatech.it\/wp-content\/uploads\/2021\/06\/cavi-di-shuntaggio-1.jpg","datePublished":"2021-06-07T12:41:25+00:00","dateModified":"2021-06-07T12:41:25+00:00","breadcrumb":{"@id":"https:\/\/www.geatech.it\/de\/attrezzatura-ferroviaria\/shunt-kabel-2\/#breadcrumb"},"inLanguage":"de","potentialAction":[{"@type":"ReadAction","target":["https:\/\/www.geatech.it\/de\/attrezzatura-ferroviaria\/shunt-kabel-2\/"]}]},{"@type":"ImageObject","inLanguage":"de","@id":"https:\/\/www.geatech.it\/de\/attrezzatura-ferroviaria\/shunt-kabel-2\/#primaryimage","url":"https:\/\/www.geatech.it\/wp-content\/uploads\/2021\/06\/cavi-di-shuntaggio-1.jpg","contentUrl":"https:\/\/www.geatech.it\/wp-content\/uploads\/2021\/06\/cavi-di-shuntaggio-1.jpg","width":450,"height":490},{"@type":"BreadcrumbList","@id":"https:\/\/www.geatech.it\/de\/attrezzatura-ferroviaria\/shunt-kabel-2\/#breadcrumb","itemListElement":[{"@type":"ListItem","position":1,"name":"Produkte","item":"https:\/\/www.geatech.it\/de\/produkte\/"},{"@type":"ListItem","position":2,"name":"SHUNT-KABEL"}]},{"@type":"WebSite","@id":"https:\/\/www.geatech.it\/#website","url":"https:\/\/www.geatech.it\/","name":"Geatech Eisenbahnger\u00e4te","description":"Geatech Group","publisher":{"@id":"https:\/\/www.geatech.it\/#organization"},"potentialAction":[{"@type":"SearchAction","target":{"@type":"EntryPoint","urlTemplate":"https:\/\/www.geatech.it\/?s={search_term_string}"},"query-input":"required name=search_term_string"}],"inLanguage":"de"},{"@type":"Organization","@id":"https:\/\/www.geatech.it\/#organization","name":"Geatech Srl","url":"https:\/\/www.geatech.it\/","logo":{"@type":"ImageObject","inLanguage":"de","@id":"https:\/\/www.geatech.it\/#\/schema\/logo\/image\/","url":"https:\/\/www.geatech.it\/wp-content\/uploads\/2020\/11\/Logo-varianti-giallo-grande.001.png","contentUrl":"https:\/\/www.geatech.it\/wp-content\/uploads\/2020\/11\/Logo-varianti-giallo-grande.001.png","width":500,"height":200,"caption":"Geatech Srl"},"image":{"@id":"https:\/\/www.geatech.it\/#\/schema\/logo\/image\/"}}]}},"_links":{"self":[{"href":"https:\/\/www.geatech.it\/de\/wp-json\/wp\/v2\/product\/5068"}],"collection":[{"href":"https:\/\/www.geatech.it\/de\/wp-json\/wp\/v2\/product"}],"about":[{"href":"https:\/\/www.geatech.it\/de\/wp-json\/wp\/v2\/types\/product"}],"wp:featuredmedia":[{"embeddable":true,"href":"https:\/\/www.geatech.it\/de\/wp-json\/wp\/v2\/media\/5064"}],"wp:attachment":[{"href":"https:\/\/www.geatech.it\/de\/wp-json\/wp\/v2\/media?parent=5068"}],"wp:term":[{"taxonomy":"product_cat","embeddable":true,"href":"https:\/\/www.geatech.it\/de\/wp-json\/wp\/v2\/product_cat?post=5068"},{"taxonomy":"product_tag","embeddable":true,"href":"https:\/\/www.geatech.it\/de\/wp-json\/wp\/v2\/product_tag?post=5068"}],"curies":[{"name":"wp","href":"https:\/\/api.w.org\/{rel}","templated":true}]}}