{"id":4808,"date":"2021-06-07T12:41:11","date_gmt":"2021-06-07T12:41:11","guid":{"rendered":"https:\/\/www.geatech.it\/attrezzatura-ferroviaria\/vossloh-maschine-mod-vtc-l\/"},"modified":"2021-06-07T12:41:11","modified_gmt":"2021-06-07T12:41:11","slug":"vossloh-maschine-mod-vtc-l","status":"publish","type":"product","link":"https:\/\/www.geatech.it\/de\/attrezzatura-ferroviaria\/vossloh-maschine-mod-vtc-l\/","title":{"rendered":"VOSSLOH-MASCHINE Mod. VTC-L"},"content":{"rendered":"<p>Ausf\u00fchrungen: Cod.F1100B01: 4-Takt Motor (4.1kW\/5.5Hp) Cod.F1100D01: Dieselmotor (5.5kW\/7.5Hp) Gewicht: 180- 197kg<\/p>\n","protected":false},"excerpt":{"rendered":"<p>Maschine f\u00fcr die Anbringung von Befestigungen von Typ Vossloh W14, Ausf\u00fchrung mit zerlegbarem Gestell. Anzugsmoment max 270Nm.<\/p>\n","protected":false},"featured_media":4804,"template":"","meta":{"_et_pb_use_builder":"","_et_pb_old_content":"","_et_gb_content_width":""},"product_cat":[220],"product_tag":[],"yoast_head":"<!-- This site is optimized with the Yoast SEO plugin v22.9 - https:\/\/yoast.com\/wordpress\/plugins\/seo\/ -->\n<title>VOSSLOH-MASCHINE Mod. VTC-L | Geatech Eisenbahnger\u00e4te<\/title>\n<meta name=\"robots\" content=\"index, follow, max-snippet:-1, max-image-preview:large, max-video-preview:-1\" \/>\n<link rel=\"canonical\" href=\"https:\/\/www.geatech.it\/de\/attrezzatura-ferroviaria\/vossloh-maschine-mod-vtc-l\/\" \/>\n<meta property=\"og:locale\" content=\"de_DE\" \/>\n<meta property=\"og:type\" content=\"article\" \/>\n<meta property=\"og:title\" content=\"VOSSLOH-MASCHINE Mod. VTC-L | Geatech Eisenbahnger\u00e4te\" \/>\n<meta property=\"og:description\" content=\"Maschine f\u00fcr die Anbringung von Befestigungen von Typ Vossloh W14, Ausf\u00fchrung mit zerlegbarem Gestell. Anzugsmoment max 270Nm.\" \/>\n<meta property=\"og:url\" content=\"https:\/\/www.geatech.it\/de\/attrezzatura-ferroviaria\/vossloh-maschine-mod-vtc-l\/\" \/>\n<meta property=\"og:site_name\" content=\"Geatech Eisenbahnger\u00e4te\" \/>\n<meta property=\"og:image\" content=\"https:\/\/www.geatech.it\/wp-content\/uploads\/2021\/06\/vosslocatrice-mod-vtc-l.jpg\" \/>\n\t<meta property=\"og:image:width\" content=\"450\" \/>\n\t<meta property=\"og:image:height\" content=\"490\" \/>\n\t<meta property=\"og:image:type\" content=\"image\/jpeg\" \/>\n<meta name=\"twitter:card\" content=\"summary_large_image\" \/>\n<script type=\"application\/ld+json\" class=\"yoast-schema-graph\">{\"@context\":\"https:\/\/schema.org\",\"@graph\":[{\"@type\":\"WebPage\",\"@id\":\"https:\/\/www.geatech.it\/de\/attrezzatura-ferroviaria\/vossloh-maschine-mod-vtc-l\/\",\"url\":\"https:\/\/www.geatech.it\/de\/attrezzatura-ferroviaria\/vossloh-maschine-mod-vtc-l\/\",\"name\":\"VOSSLOH-MASCHINE Mod. VTC-L | Geatech Eisenbahnger\u00e4te\",\"isPartOf\":{\"@id\":\"https:\/\/www.geatech.it\/#website\"},\"primaryImageOfPage\":{\"@id\":\"https:\/\/www.geatech.it\/de\/attrezzatura-ferroviaria\/vossloh-maschine-mod-vtc-l\/#primaryimage\"},\"image\":{\"@id\":\"https:\/\/www.geatech.it\/de\/attrezzatura-ferroviaria\/vossloh-maschine-mod-vtc-l\/#primaryimage\"},\"thumbnailUrl\":\"https:\/\/www.geatech.it\/wp-content\/uploads\/2021\/06\/vosslocatrice-mod-vtc-l.jpg\",\"datePublished\":\"2021-06-07T12:41:11+00:00\",\"dateModified\":\"2021-06-07T12:41:11+00:00\",\"breadcrumb\":{\"@id\":\"https:\/\/www.geatech.it\/de\/attrezzatura-ferroviaria\/vossloh-maschine-mod-vtc-l\/#breadcrumb\"},\"inLanguage\":\"de\",\"potentialAction\":[{\"@type\":\"ReadAction\",\"target\":[\"https:\/\/www.geatech.it\/de\/attrezzatura-ferroviaria\/vossloh-maschine-mod-vtc-l\/\"]}]},{\"@type\":\"ImageObject\",\"inLanguage\":\"de\",\"@id\":\"https:\/\/www.geatech.it\/de\/attrezzatura-ferroviaria\/vossloh-maschine-mod-vtc-l\/#primaryimage\",\"url\":\"https:\/\/www.geatech.it\/wp-content\/uploads\/2021\/06\/vosslocatrice-mod-vtc-l.jpg\",\"contentUrl\":\"https:\/\/www.geatech.it\/wp-content\/uploads\/2021\/06\/vosslocatrice-mod-vtc-l.jpg\",\"width\":450,\"height\":490},{\"@type\":\"BreadcrumbList\",\"@id\":\"https:\/\/www.geatech.it\/de\/attrezzatura-ferroviaria\/vossloh-maschine-mod-vtc-l\/#breadcrumb\",\"itemListElement\":[{\"@type\":\"ListItem\",\"position\":1,\"name\":\"Produkte\",\"item\":\"https:\/\/www.geatech.it\/de\/produkte\/\"},{\"@type\":\"ListItem\",\"position\":2,\"name\":\"VOSSLOH-MASCHINE Mod. VTC-L\"}]},{\"@type\":\"WebSite\",\"@id\":\"https:\/\/www.geatech.it\/#website\",\"url\":\"https:\/\/www.geatech.it\/\",\"name\":\"Geatech Eisenbahnger\u00e4te\",\"description\":\"Geatech Group\",\"publisher\":{\"@id\":\"https:\/\/www.geatech.it\/#organization\"},\"potentialAction\":[{\"@type\":\"SearchAction\",\"target\":{\"@type\":\"EntryPoint\",\"urlTemplate\":\"https:\/\/www.geatech.it\/?s={search_term_string}\"},\"query-input\":\"required name=search_term_string\"}],\"inLanguage\":\"de\"},{\"@type\":\"Organization\",\"@id\":\"https:\/\/www.geatech.it\/#organization\",\"name\":\"Geatech Srl\",\"url\":\"https:\/\/www.geatech.it\/\",\"logo\":{\"@type\":\"ImageObject\",\"inLanguage\":\"de\",\"@id\":\"https:\/\/www.geatech.it\/#\/schema\/logo\/image\/\",\"url\":\"https:\/\/www.geatech.it\/wp-content\/uploads\/2020\/11\/Logo-varianti-giallo-grande.001.png\",\"contentUrl\":\"https:\/\/www.geatech.it\/wp-content\/uploads\/2020\/11\/Logo-varianti-giallo-grande.001.png\",\"width\":500,\"height\":200,\"caption\":\"Geatech Srl\"},\"image\":{\"@id\":\"https:\/\/www.geatech.it\/#\/schema\/logo\/image\/\"}}]}<\/script>\n<!-- \/ Yoast SEO plugin. -->","yoast_head_json":{"title":"VOSSLOH-MASCHINE Mod. VTC-L | Geatech Eisenbahnger\u00e4te","robots":{"index":"index","follow":"follow","max-snippet":"max-snippet:-1","max-image-preview":"max-image-preview:large","max-video-preview":"max-video-preview:-1"},"canonical":"https:\/\/www.geatech.it\/de\/attrezzatura-ferroviaria\/vossloh-maschine-mod-vtc-l\/","og_locale":"de_DE","og_type":"article","og_title":"VOSSLOH-MASCHINE Mod. VTC-L | Geatech Eisenbahnger\u00e4te","og_description":"Maschine f\u00fcr die Anbringung von Befestigungen von Typ Vossloh W14, Ausf\u00fchrung mit zerlegbarem Gestell. Anzugsmoment max 270Nm.","og_url":"https:\/\/www.geatech.it\/de\/attrezzatura-ferroviaria\/vossloh-maschine-mod-vtc-l\/","og_site_name":"Geatech Eisenbahnger\u00e4te","og_image":[{"width":450,"height":490,"url":"https:\/\/www.geatech.it\/wp-content\/uploads\/2021\/06\/vosslocatrice-mod-vtc-l.jpg","type":"image\/jpeg"}],"twitter_card":"summary_large_image","schema":{"@context":"https:\/\/schema.org","@graph":[{"@type":"WebPage","@id":"https:\/\/www.geatech.it\/de\/attrezzatura-ferroviaria\/vossloh-maschine-mod-vtc-l\/","url":"https:\/\/www.geatech.it\/de\/attrezzatura-ferroviaria\/vossloh-maschine-mod-vtc-l\/","name":"VOSSLOH-MASCHINE Mod. VTC-L | Geatech Eisenbahnger\u00e4te","isPartOf":{"@id":"https:\/\/www.geatech.it\/#website"},"primaryImageOfPage":{"@id":"https:\/\/www.geatech.it\/de\/attrezzatura-ferroviaria\/vossloh-maschine-mod-vtc-l\/#primaryimage"},"image":{"@id":"https:\/\/www.geatech.it\/de\/attrezzatura-ferroviaria\/vossloh-maschine-mod-vtc-l\/#primaryimage"},"thumbnailUrl":"https:\/\/www.geatech.it\/wp-content\/uploads\/2021\/06\/vosslocatrice-mod-vtc-l.jpg","datePublished":"2021-06-07T12:41:11+00:00","dateModified":"2021-06-07T12:41:11+00:00","breadcrumb":{"@id":"https:\/\/www.geatech.it\/de\/attrezzatura-ferroviaria\/vossloh-maschine-mod-vtc-l\/#breadcrumb"},"inLanguage":"de","potentialAction":[{"@type":"ReadAction","target":["https:\/\/www.geatech.it\/de\/attrezzatura-ferroviaria\/vossloh-maschine-mod-vtc-l\/"]}]},{"@type":"ImageObject","inLanguage":"de","@id":"https:\/\/www.geatech.it\/de\/attrezzatura-ferroviaria\/vossloh-maschine-mod-vtc-l\/#primaryimage","url":"https:\/\/www.geatech.it\/wp-content\/uploads\/2021\/06\/vosslocatrice-mod-vtc-l.jpg","contentUrl":"https:\/\/www.geatech.it\/wp-content\/uploads\/2021\/06\/vosslocatrice-mod-vtc-l.jpg","width":450,"height":490},{"@type":"BreadcrumbList","@id":"https:\/\/www.geatech.it\/de\/attrezzatura-ferroviaria\/vossloh-maschine-mod-vtc-l\/#breadcrumb","itemListElement":[{"@type":"ListItem","position":1,"name":"Produkte","item":"https:\/\/www.geatech.it\/de\/produkte\/"},{"@type":"ListItem","position":2,"name":"VOSSLOH-MASCHINE Mod. VTC-L"}]},{"@type":"WebSite","@id":"https:\/\/www.geatech.it\/#website","url":"https:\/\/www.geatech.it\/","name":"Geatech Eisenbahnger\u00e4te","description":"Geatech Group","publisher":{"@id":"https:\/\/www.geatech.it\/#organization"},"potentialAction":[{"@type":"SearchAction","target":{"@type":"EntryPoint","urlTemplate":"https:\/\/www.geatech.it\/?s={search_term_string}"},"query-input":"required name=search_term_string"}],"inLanguage":"de"},{"@type":"Organization","@id":"https:\/\/www.geatech.it\/#organization","name":"Geatech Srl","url":"https:\/\/www.geatech.it\/","logo":{"@type":"ImageObject","inLanguage":"de","@id":"https:\/\/www.geatech.it\/#\/schema\/logo\/image\/","url":"https:\/\/www.geatech.it\/wp-content\/uploads\/2020\/11\/Logo-varianti-giallo-grande.001.png","contentUrl":"https:\/\/www.geatech.it\/wp-content\/uploads\/2020\/11\/Logo-varianti-giallo-grande.001.png","width":500,"height":200,"caption":"Geatech Srl"},"image":{"@id":"https:\/\/www.geatech.it\/#\/schema\/logo\/image\/"}}]}},"_links":{"self":[{"href":"https:\/\/www.geatech.it\/de\/wp-json\/wp\/v2\/product\/4808"}],"collection":[{"href":"https:\/\/www.geatech.it\/de\/wp-json\/wp\/v2\/product"}],"about":[{"href":"https:\/\/www.geatech.it\/de\/wp-json\/wp\/v2\/types\/product"}],"wp:featuredmedia":[{"embeddable":true,"href":"https:\/\/www.geatech.it\/de\/wp-json\/wp\/v2\/media\/4804"}],"wp:attachment":[{"href":"https:\/\/www.geatech.it\/de\/wp-json\/wp\/v2\/media?parent=4808"}],"wp:term":[{"taxonomy":"product_cat","embeddable":true,"href":"https:\/\/www.geatech.it\/de\/wp-json\/wp\/v2\/product_cat?post=4808"},{"taxonomy":"product_tag","embeddable":true,"href":"https:\/\/www.geatech.it\/de\/wp-json\/wp\/v2\/product_tag?post=4808"}],"curies":[{"name":"wp","href":"https:\/\/api.w.org\/{rel}","templated":true}]}}