{"id":3484,"date":"2021-05-11T08:11:30","date_gmt":"2021-05-11T08:11:30","guid":{"rendered":"https:\/\/www.geatech.it\/attrezzatura-ferroviaria\/hydraulische-schneidmaschine-fuer-schweisswulst-mod-tis\/"},"modified":"2021-05-11T08:47:11","modified_gmt":"2021-05-11T08:47:11","slug":"hydraulische-schneidmaschine-fuer-schweisswulst-mod-tis","status":"publish","type":"product","link":"https:\/\/www.geatech.it\/de\/attrezzatura-ferroviaria\/hydraulische-schneidmaschine-fuer-schweisswulst-mod-tis\/","title":{"rendered":"HYDRAULISCHE SCHNEIDMASCHINE F\u00dcR SCHWEI\u00dfWULST Mod. TIS"},"content":{"rendered":"<p>Ausf\u00fchrungen: Cod.F1035: F\u00fcr UIC-Schienen Cod.F1035A02: F\u00fcr Ri59 und R13 Schienen Gewicht: 59kg<\/p>\n","protected":false},"excerpt":{"rendered":"<p>Abschermaschine zur Entfernung von Schwei\u00dfwulst nach dem aluminothermischen Schwei\u00dfen. Verschiedene Scherwerkzeuge fur UIC- und Vignolschienen verf\u00fcgbar. Augestattet mit Hydraulik-Handpumpe.<\/p>\n","protected":false},"featured_media":3480,"template":"","meta":{"_et_pb_use_builder":"","_et_pb_old_content":"","_et_gb_content_width":""},"product_cat":[173],"product_tag":[],"yoast_head":"<!-- This site is optimized with the Yoast SEO plugin v22.9 - https:\/\/yoast.com\/wordpress\/plugins\/seo\/ -->\n<title>HYDRAULISCHE SCHNEIDMASCHINE F\u00dcR SCHWEI\u00dfWULST Mod. TIS | Geatech Eisenbahnger\u00e4te<\/title>\n<meta name=\"robots\" content=\"index, follow, max-snippet:-1, max-image-preview:large, max-video-preview:-1\" \/>\n<link rel=\"canonical\" href=\"https:\/\/www.geatech.it\/de\/attrezzatura-ferroviaria\/hydraulische-schneidmaschine-fuer-schweisswulst-mod-tis\/\" \/>\n<meta property=\"og:locale\" content=\"de_DE\" \/>\n<meta property=\"og:type\" content=\"article\" \/>\n<meta property=\"og:title\" content=\"HYDRAULISCHE SCHNEIDMASCHINE F\u00dcR SCHWEI\u00dfWULST Mod. TIS | Geatech Eisenbahnger\u00e4te\" \/>\n<meta property=\"og:description\" content=\"Abschermaschine zur Entfernung von Schwei\u00dfwulst nach dem aluminothermischen Schwei\u00dfen. Verschiedene Scherwerkzeuge fur UIC- und Vignolschienen verf\u00fcgbar. Augestattet mit Hydraulik-Handpumpe.\" \/>\n<meta property=\"og:url\" content=\"https:\/\/www.geatech.it\/de\/attrezzatura-ferroviaria\/hydraulische-schneidmaschine-fuer-schweisswulst-mod-tis\/\" \/>\n<meta property=\"og:site_name\" content=\"Geatech Eisenbahnger\u00e4te\" \/>\n<meta property=\"article:modified_time\" content=\"2021-05-11T08:47:11+00:00\" \/>\n<meta property=\"og:image\" content=\"https:\/\/www.geatech.it\/wp-content\/uploads\/2021\/05\/trancia-idraulica-per-saldature-mod-tis.jpg\" \/>\n\t<meta property=\"og:image:width\" content=\"450\" \/>\n\t<meta property=\"og:image:height\" content=\"490\" \/>\n\t<meta property=\"og:image:type\" content=\"image\/jpeg\" \/>\n<meta name=\"twitter:card\" content=\"summary_large_image\" \/>\n<script type=\"application\/ld+json\" class=\"yoast-schema-graph\">{\"@context\":\"https:\/\/schema.org\",\"@graph\":[{\"@type\":\"WebPage\",\"@id\":\"https:\/\/www.geatech.it\/de\/attrezzatura-ferroviaria\/hydraulische-schneidmaschine-fuer-schweisswulst-mod-tis\/\",\"url\":\"https:\/\/www.geatech.it\/de\/attrezzatura-ferroviaria\/hydraulische-schneidmaschine-fuer-schweisswulst-mod-tis\/\",\"name\":\"HYDRAULISCHE SCHNEIDMASCHINE F\u00dcR SCHWEI\u00dfWULST Mod. TIS | Geatech Eisenbahnger\u00e4te\",\"isPartOf\":{\"@id\":\"https:\/\/www.geatech.it\/#website\"},\"primaryImageOfPage\":{\"@id\":\"https:\/\/www.geatech.it\/de\/attrezzatura-ferroviaria\/hydraulische-schneidmaschine-fuer-schweisswulst-mod-tis\/#primaryimage\"},\"image\":{\"@id\":\"https:\/\/www.geatech.it\/de\/attrezzatura-ferroviaria\/hydraulische-schneidmaschine-fuer-schweisswulst-mod-tis\/#primaryimage\"},\"thumbnailUrl\":\"https:\/\/www.geatech.it\/wp-content\/uploads\/2021\/05\/trancia-idraulica-per-saldature-mod-tis.jpg\",\"datePublished\":\"2021-05-11T08:11:30+00:00\",\"dateModified\":\"2021-05-11T08:47:11+00:00\",\"breadcrumb\":{\"@id\":\"https:\/\/www.geatech.it\/de\/attrezzatura-ferroviaria\/hydraulische-schneidmaschine-fuer-schweisswulst-mod-tis\/#breadcrumb\"},\"inLanguage\":\"de\",\"potentialAction\":[{\"@type\":\"ReadAction\",\"target\":[\"https:\/\/www.geatech.it\/de\/attrezzatura-ferroviaria\/hydraulische-schneidmaschine-fuer-schweisswulst-mod-tis\/\"]}]},{\"@type\":\"ImageObject\",\"inLanguage\":\"de\",\"@id\":\"https:\/\/www.geatech.it\/de\/attrezzatura-ferroviaria\/hydraulische-schneidmaschine-fuer-schweisswulst-mod-tis\/#primaryimage\",\"url\":\"https:\/\/www.geatech.it\/wp-content\/uploads\/2021\/05\/trancia-idraulica-per-saldature-mod-tis.jpg\",\"contentUrl\":\"https:\/\/www.geatech.it\/wp-content\/uploads\/2021\/05\/trancia-idraulica-per-saldature-mod-tis.jpg\",\"width\":450,\"height\":490},{\"@type\":\"BreadcrumbList\",\"@id\":\"https:\/\/www.geatech.it\/de\/attrezzatura-ferroviaria\/hydraulische-schneidmaschine-fuer-schweisswulst-mod-tis\/#breadcrumb\",\"itemListElement\":[{\"@type\":\"ListItem\",\"position\":1,\"name\":\"Produkte\",\"item\":\"https:\/\/www.geatech.it\/de\/produkte\/\"},{\"@type\":\"ListItem\",\"position\":2,\"name\":\"HYDRAULISCHE SCHNEIDMASCHINE F\u00dcR SCHWEI\u00dfWULST Mod. TIS\"}]},{\"@type\":\"WebSite\",\"@id\":\"https:\/\/www.geatech.it\/#website\",\"url\":\"https:\/\/www.geatech.it\/\",\"name\":\"Geatech Eisenbahnger\u00e4te\",\"description\":\"Geatech Group\",\"publisher\":{\"@id\":\"https:\/\/www.geatech.it\/#organization\"},\"potentialAction\":[{\"@type\":\"SearchAction\",\"target\":{\"@type\":\"EntryPoint\",\"urlTemplate\":\"https:\/\/www.geatech.it\/?s={search_term_string}\"},\"query-input\":\"required name=search_term_string\"}],\"inLanguage\":\"de\"},{\"@type\":\"Organization\",\"@id\":\"https:\/\/www.geatech.it\/#organization\",\"name\":\"Geatech Srl\",\"url\":\"https:\/\/www.geatech.it\/\",\"logo\":{\"@type\":\"ImageObject\",\"inLanguage\":\"de\",\"@id\":\"https:\/\/www.geatech.it\/#\/schema\/logo\/image\/\",\"url\":\"https:\/\/www.geatech.it\/wp-content\/uploads\/2020\/11\/Logo-varianti-giallo-grande.001.png\",\"contentUrl\":\"https:\/\/www.geatech.it\/wp-content\/uploads\/2020\/11\/Logo-varianti-giallo-grande.001.png\",\"width\":500,\"height\":200,\"caption\":\"Geatech Srl\"},\"image\":{\"@id\":\"https:\/\/www.geatech.it\/#\/schema\/logo\/image\/\"}}]}<\/script>\n<!-- \/ Yoast SEO plugin. -->","yoast_head_json":{"title":"HYDRAULISCHE SCHNEIDMASCHINE F\u00dcR SCHWEI\u00dfWULST Mod. TIS | Geatech Eisenbahnger\u00e4te","robots":{"index":"index","follow":"follow","max-snippet":"max-snippet:-1","max-image-preview":"max-image-preview:large","max-video-preview":"max-video-preview:-1"},"canonical":"https:\/\/www.geatech.it\/de\/attrezzatura-ferroviaria\/hydraulische-schneidmaschine-fuer-schweisswulst-mod-tis\/","og_locale":"de_DE","og_type":"article","og_title":"HYDRAULISCHE SCHNEIDMASCHINE F\u00dcR SCHWEI\u00dfWULST Mod. TIS | Geatech Eisenbahnger\u00e4te","og_description":"Abschermaschine zur Entfernung von Schwei\u00dfwulst nach dem aluminothermischen Schwei\u00dfen. Verschiedene Scherwerkzeuge fur UIC- und Vignolschienen verf\u00fcgbar. Augestattet mit Hydraulik-Handpumpe.","og_url":"https:\/\/www.geatech.it\/de\/attrezzatura-ferroviaria\/hydraulische-schneidmaschine-fuer-schweisswulst-mod-tis\/","og_site_name":"Geatech Eisenbahnger\u00e4te","article_modified_time":"2021-05-11T08:47:11+00:00","og_image":[{"width":450,"height":490,"url":"https:\/\/www.geatech.it\/wp-content\/uploads\/2021\/05\/trancia-idraulica-per-saldature-mod-tis.jpg","type":"image\/jpeg"}],"twitter_card":"summary_large_image","schema":{"@context":"https:\/\/schema.org","@graph":[{"@type":"WebPage","@id":"https:\/\/www.geatech.it\/de\/attrezzatura-ferroviaria\/hydraulische-schneidmaschine-fuer-schweisswulst-mod-tis\/","url":"https:\/\/www.geatech.it\/de\/attrezzatura-ferroviaria\/hydraulische-schneidmaschine-fuer-schweisswulst-mod-tis\/","name":"HYDRAULISCHE SCHNEIDMASCHINE F\u00dcR SCHWEI\u00dfWULST Mod. TIS | Geatech Eisenbahnger\u00e4te","isPartOf":{"@id":"https:\/\/www.geatech.it\/#website"},"primaryImageOfPage":{"@id":"https:\/\/www.geatech.it\/de\/attrezzatura-ferroviaria\/hydraulische-schneidmaschine-fuer-schweisswulst-mod-tis\/#primaryimage"},"image":{"@id":"https:\/\/www.geatech.it\/de\/attrezzatura-ferroviaria\/hydraulische-schneidmaschine-fuer-schweisswulst-mod-tis\/#primaryimage"},"thumbnailUrl":"https:\/\/www.geatech.it\/wp-content\/uploads\/2021\/05\/trancia-idraulica-per-saldature-mod-tis.jpg","datePublished":"2021-05-11T08:11:30+00:00","dateModified":"2021-05-11T08:47:11+00:00","breadcrumb":{"@id":"https:\/\/www.geatech.it\/de\/attrezzatura-ferroviaria\/hydraulische-schneidmaschine-fuer-schweisswulst-mod-tis\/#breadcrumb"},"inLanguage":"de","potentialAction":[{"@type":"ReadAction","target":["https:\/\/www.geatech.it\/de\/attrezzatura-ferroviaria\/hydraulische-schneidmaschine-fuer-schweisswulst-mod-tis\/"]}]},{"@type":"ImageObject","inLanguage":"de","@id":"https:\/\/www.geatech.it\/de\/attrezzatura-ferroviaria\/hydraulische-schneidmaschine-fuer-schweisswulst-mod-tis\/#primaryimage","url":"https:\/\/www.geatech.it\/wp-content\/uploads\/2021\/05\/trancia-idraulica-per-saldature-mod-tis.jpg","contentUrl":"https:\/\/www.geatech.it\/wp-content\/uploads\/2021\/05\/trancia-idraulica-per-saldature-mod-tis.jpg","width":450,"height":490},{"@type":"BreadcrumbList","@id":"https:\/\/www.geatech.it\/de\/attrezzatura-ferroviaria\/hydraulische-schneidmaschine-fuer-schweisswulst-mod-tis\/#breadcrumb","itemListElement":[{"@type":"ListItem","position":1,"name":"Produkte","item":"https:\/\/www.geatech.it\/de\/produkte\/"},{"@type":"ListItem","position":2,"name":"HYDRAULISCHE SCHNEIDMASCHINE F\u00dcR SCHWEI\u00dfWULST Mod. TIS"}]},{"@type":"WebSite","@id":"https:\/\/www.geatech.it\/#website","url":"https:\/\/www.geatech.it\/","name":"Geatech Eisenbahnger\u00e4te","description":"Geatech Group","publisher":{"@id":"https:\/\/www.geatech.it\/#organization"},"potentialAction":[{"@type":"SearchAction","target":{"@type":"EntryPoint","urlTemplate":"https:\/\/www.geatech.it\/?s={search_term_string}"},"query-input":"required name=search_term_string"}],"inLanguage":"de"},{"@type":"Organization","@id":"https:\/\/www.geatech.it\/#organization","name":"Geatech Srl","url":"https:\/\/www.geatech.it\/","logo":{"@type":"ImageObject","inLanguage":"de","@id":"https:\/\/www.geatech.it\/#\/schema\/logo\/image\/","url":"https:\/\/www.geatech.it\/wp-content\/uploads\/2020\/11\/Logo-varianti-giallo-grande.001.png","contentUrl":"https:\/\/www.geatech.it\/wp-content\/uploads\/2020\/11\/Logo-varianti-giallo-grande.001.png","width":500,"height":200,"caption":"Geatech Srl"},"image":{"@id":"https:\/\/www.geatech.it\/#\/schema\/logo\/image\/"}}]}},"_links":{"self":[{"href":"https:\/\/www.geatech.it\/de\/wp-json\/wp\/v2\/product\/3484"}],"collection":[{"href":"https:\/\/www.geatech.it\/de\/wp-json\/wp\/v2\/product"}],"about":[{"href":"https:\/\/www.geatech.it\/de\/wp-json\/wp\/v2\/types\/product"}],"wp:featuredmedia":[{"embeddable":true,"href":"https:\/\/www.geatech.it\/de\/wp-json\/wp\/v2\/media\/3480"}],"wp:attachment":[{"href":"https:\/\/www.geatech.it\/de\/wp-json\/wp\/v2\/media?parent=3484"}],"wp:term":[{"taxonomy":"product_cat","embeddable":true,"href":"https:\/\/www.geatech.it\/de\/wp-json\/wp\/v2\/product_cat?post=3484"},{"taxonomy":"product_tag","embeddable":true,"href":"https:\/\/www.geatech.it\/de\/wp-json\/wp\/v2\/product_tag?post=3484"}],"curies":[{"name":"wp","href":"https:\/\/api.w.org\/{rel}","templated":true}]}}