{"id":3469,"date":"2021-05-11T08:11:29","date_gmt":"2021-05-11T08:11:29","guid":{"rendered":"https:\/\/www.geatech.it\/attrezzatura-ferroviaria\/schotteraushub-maschine-mod-esg-3\/"},"modified":"2021-05-27T09:54:56","modified_gmt":"2021-05-27T09:54:56","slug":"schotteraushub-maschine-mod-esg-3","status":"publish","type":"product","link":"https:\/\/www.geatech.it\/de\/attrezzatura-ferroviaria\/schotteraushub-maschine-mod-esg-3\/","title":{"rendered":"SCHOTTERAUSHUB-MASCHINE Mod. ESG-3"},"content":{"rendered":"<p>Cod.F1122-3A01 Gewicht: 1220kg<\/p>\n<p><iframe loading=\"lazy\" title=\"GEATECH - F1122 3A01 - SVANATRICE Mod. ESG 3\" width=\"1080\" height=\"608\" src=\"https:\/\/www.youtube.com\/embed\/0TQEBErKaBE?feature=oembed\" frameborder=\"0\" allow=\"accelerometer; autoplay; clipboard-write; encrypted-media; gyroscope; picture-in-picture\" allowfullscreen><\/iframe><\/p>\n","protected":false},"excerpt":{"rendered":"<p>Maschine f\u00fcr den Aushub von Schotter unter dem Schienenfu\u00df aus drei Abschnitten gleichzeitig, mit Ankopplungsm\u00f6glichkeit an Bagger.<\/p>\n","protected":false},"featured_media":3465,"template":"","meta":{"_et_pb_use_builder":"","_et_pb_old_content":"","_et_gb_content_width":""},"product_cat":[181],"product_tag":[],"yoast_head":"<!-- This site is optimized with the Yoast SEO plugin v22.9 - https:\/\/yoast.com\/wordpress\/plugins\/seo\/ -->\n<title>SCHOTTERAUSHUB-MASCHINE Mod. ESG-3 | Geatech Eisenbahnger\u00e4te<\/title>\n<meta name=\"robots\" content=\"index, follow, max-snippet:-1, max-image-preview:large, max-video-preview:-1\" \/>\n<link rel=\"canonical\" href=\"https:\/\/www.geatech.it\/de\/attrezzatura-ferroviaria\/schotteraushub-maschine-mod-esg-3\/\" \/>\n<meta property=\"og:locale\" content=\"de_DE\" \/>\n<meta property=\"og:type\" content=\"article\" \/>\n<meta property=\"og:title\" content=\"SCHOTTERAUSHUB-MASCHINE Mod. ESG-3 | Geatech Eisenbahnger\u00e4te\" \/>\n<meta property=\"og:description\" content=\"Maschine f\u00fcr den Aushub von Schotter unter dem Schienenfu\u00df aus drei Abschnitten gleichzeitig, mit Ankopplungsm\u00f6glichkeit an Bagger.\" \/>\n<meta property=\"og:url\" content=\"https:\/\/www.geatech.it\/de\/attrezzatura-ferroviaria\/schotteraushub-maschine-mod-esg-3\/\" \/>\n<meta property=\"og:site_name\" content=\"Geatech Eisenbahnger\u00e4te\" \/>\n<meta property=\"article:modified_time\" content=\"2021-05-27T09:54:56+00:00\" \/>\n<meta property=\"og:image\" content=\"https:\/\/www.geatech.it\/wp-content\/uploads\/2021\/05\/svanatrice-mod-esg-3.jpg\" \/>\n\t<meta property=\"og:image:width\" content=\"450\" \/>\n\t<meta property=\"og:image:height\" content=\"490\" \/>\n\t<meta property=\"og:image:type\" content=\"image\/jpeg\" \/>\n<meta name=\"twitter:card\" content=\"summary_large_image\" \/>\n<script type=\"application\/ld+json\" class=\"yoast-schema-graph\">{\"@context\":\"https:\/\/schema.org\",\"@graph\":[{\"@type\":\"WebPage\",\"@id\":\"https:\/\/www.geatech.it\/de\/attrezzatura-ferroviaria\/schotteraushub-maschine-mod-esg-3\/\",\"url\":\"https:\/\/www.geatech.it\/de\/attrezzatura-ferroviaria\/schotteraushub-maschine-mod-esg-3\/\",\"name\":\"SCHOTTERAUSHUB-MASCHINE Mod. ESG-3 | Geatech Eisenbahnger\u00e4te\",\"isPartOf\":{\"@id\":\"https:\/\/www.geatech.it\/#website\"},\"primaryImageOfPage\":{\"@id\":\"https:\/\/www.geatech.it\/de\/attrezzatura-ferroviaria\/schotteraushub-maschine-mod-esg-3\/#primaryimage\"},\"image\":{\"@id\":\"https:\/\/www.geatech.it\/de\/attrezzatura-ferroviaria\/schotteraushub-maschine-mod-esg-3\/#primaryimage\"},\"thumbnailUrl\":\"https:\/\/www.geatech.it\/wp-content\/uploads\/2021\/05\/svanatrice-mod-esg-3.jpg\",\"datePublished\":\"2021-05-11T08:11:29+00:00\",\"dateModified\":\"2021-05-27T09:54:56+00:00\",\"breadcrumb\":{\"@id\":\"https:\/\/www.geatech.it\/de\/attrezzatura-ferroviaria\/schotteraushub-maschine-mod-esg-3\/#breadcrumb\"},\"inLanguage\":\"de\",\"potentialAction\":[{\"@type\":\"ReadAction\",\"target\":[\"https:\/\/www.geatech.it\/de\/attrezzatura-ferroviaria\/schotteraushub-maschine-mod-esg-3\/\"]}]},{\"@type\":\"ImageObject\",\"inLanguage\":\"de\",\"@id\":\"https:\/\/www.geatech.it\/de\/attrezzatura-ferroviaria\/schotteraushub-maschine-mod-esg-3\/#primaryimage\",\"url\":\"https:\/\/www.geatech.it\/wp-content\/uploads\/2021\/05\/svanatrice-mod-esg-3.jpg\",\"contentUrl\":\"https:\/\/www.geatech.it\/wp-content\/uploads\/2021\/05\/svanatrice-mod-esg-3.jpg\",\"width\":450,\"height\":490},{\"@type\":\"BreadcrumbList\",\"@id\":\"https:\/\/www.geatech.it\/de\/attrezzatura-ferroviaria\/schotteraushub-maschine-mod-esg-3\/#breadcrumb\",\"itemListElement\":[{\"@type\":\"ListItem\",\"position\":1,\"name\":\"Produkte\",\"item\":\"https:\/\/www.geatech.it\/de\/produkte\/\"},{\"@type\":\"ListItem\",\"position\":2,\"name\":\"SCHOTTERAUSHUB-MASCHINE Mod. ESG-3\"}]},{\"@type\":\"WebSite\",\"@id\":\"https:\/\/www.geatech.it\/#website\",\"url\":\"https:\/\/www.geatech.it\/\",\"name\":\"Geatech Eisenbahnger\u00e4te\",\"description\":\"Geatech Group\",\"publisher\":{\"@id\":\"https:\/\/www.geatech.it\/#organization\"},\"potentialAction\":[{\"@type\":\"SearchAction\",\"target\":{\"@type\":\"EntryPoint\",\"urlTemplate\":\"https:\/\/www.geatech.it\/?s={search_term_string}\"},\"query-input\":\"required name=search_term_string\"}],\"inLanguage\":\"de\"},{\"@type\":\"Organization\",\"@id\":\"https:\/\/www.geatech.it\/#organization\",\"name\":\"Geatech Srl\",\"url\":\"https:\/\/www.geatech.it\/\",\"logo\":{\"@type\":\"ImageObject\",\"inLanguage\":\"de\",\"@id\":\"https:\/\/www.geatech.it\/#\/schema\/logo\/image\/\",\"url\":\"https:\/\/www.geatech.it\/wp-content\/uploads\/2020\/11\/Logo-varianti-giallo-grande.001.png\",\"contentUrl\":\"https:\/\/www.geatech.it\/wp-content\/uploads\/2020\/11\/Logo-varianti-giallo-grande.001.png\",\"width\":500,\"height\":200,\"caption\":\"Geatech Srl\"},\"image\":{\"@id\":\"https:\/\/www.geatech.it\/#\/schema\/logo\/image\/\"}}]}<\/script>\n<!-- \/ Yoast SEO plugin. -->","yoast_head_json":{"title":"SCHOTTERAUSHUB-MASCHINE Mod. ESG-3 | Geatech Eisenbahnger\u00e4te","robots":{"index":"index","follow":"follow","max-snippet":"max-snippet:-1","max-image-preview":"max-image-preview:large","max-video-preview":"max-video-preview:-1"},"canonical":"https:\/\/www.geatech.it\/de\/attrezzatura-ferroviaria\/schotteraushub-maschine-mod-esg-3\/","og_locale":"de_DE","og_type":"article","og_title":"SCHOTTERAUSHUB-MASCHINE Mod. ESG-3 | Geatech Eisenbahnger\u00e4te","og_description":"Maschine f\u00fcr den Aushub von Schotter unter dem Schienenfu\u00df aus drei Abschnitten gleichzeitig, mit Ankopplungsm\u00f6glichkeit an Bagger.","og_url":"https:\/\/www.geatech.it\/de\/attrezzatura-ferroviaria\/schotteraushub-maschine-mod-esg-3\/","og_site_name":"Geatech Eisenbahnger\u00e4te","article_modified_time":"2021-05-27T09:54:56+00:00","og_image":[{"width":450,"height":490,"url":"https:\/\/www.geatech.it\/wp-content\/uploads\/2021\/05\/svanatrice-mod-esg-3.jpg","type":"image\/jpeg"}],"twitter_card":"summary_large_image","schema":{"@context":"https:\/\/schema.org","@graph":[{"@type":"WebPage","@id":"https:\/\/www.geatech.it\/de\/attrezzatura-ferroviaria\/schotteraushub-maschine-mod-esg-3\/","url":"https:\/\/www.geatech.it\/de\/attrezzatura-ferroviaria\/schotteraushub-maschine-mod-esg-3\/","name":"SCHOTTERAUSHUB-MASCHINE Mod. ESG-3 | Geatech Eisenbahnger\u00e4te","isPartOf":{"@id":"https:\/\/www.geatech.it\/#website"},"primaryImageOfPage":{"@id":"https:\/\/www.geatech.it\/de\/attrezzatura-ferroviaria\/schotteraushub-maschine-mod-esg-3\/#primaryimage"},"image":{"@id":"https:\/\/www.geatech.it\/de\/attrezzatura-ferroviaria\/schotteraushub-maschine-mod-esg-3\/#primaryimage"},"thumbnailUrl":"https:\/\/www.geatech.it\/wp-content\/uploads\/2021\/05\/svanatrice-mod-esg-3.jpg","datePublished":"2021-05-11T08:11:29+00:00","dateModified":"2021-05-27T09:54:56+00:00","breadcrumb":{"@id":"https:\/\/www.geatech.it\/de\/attrezzatura-ferroviaria\/schotteraushub-maschine-mod-esg-3\/#breadcrumb"},"inLanguage":"de","potentialAction":[{"@type":"ReadAction","target":["https:\/\/www.geatech.it\/de\/attrezzatura-ferroviaria\/schotteraushub-maschine-mod-esg-3\/"]}]},{"@type":"ImageObject","inLanguage":"de","@id":"https:\/\/www.geatech.it\/de\/attrezzatura-ferroviaria\/schotteraushub-maschine-mod-esg-3\/#primaryimage","url":"https:\/\/www.geatech.it\/wp-content\/uploads\/2021\/05\/svanatrice-mod-esg-3.jpg","contentUrl":"https:\/\/www.geatech.it\/wp-content\/uploads\/2021\/05\/svanatrice-mod-esg-3.jpg","width":450,"height":490},{"@type":"BreadcrumbList","@id":"https:\/\/www.geatech.it\/de\/attrezzatura-ferroviaria\/schotteraushub-maschine-mod-esg-3\/#breadcrumb","itemListElement":[{"@type":"ListItem","position":1,"name":"Produkte","item":"https:\/\/www.geatech.it\/de\/produkte\/"},{"@type":"ListItem","position":2,"name":"SCHOTTERAUSHUB-MASCHINE Mod. ESG-3"}]},{"@type":"WebSite","@id":"https:\/\/www.geatech.it\/#website","url":"https:\/\/www.geatech.it\/","name":"Geatech Eisenbahnger\u00e4te","description":"Geatech Group","publisher":{"@id":"https:\/\/www.geatech.it\/#organization"},"potentialAction":[{"@type":"SearchAction","target":{"@type":"EntryPoint","urlTemplate":"https:\/\/www.geatech.it\/?s={search_term_string}"},"query-input":"required name=search_term_string"}],"inLanguage":"de"},{"@type":"Organization","@id":"https:\/\/www.geatech.it\/#organization","name":"Geatech Srl","url":"https:\/\/www.geatech.it\/","logo":{"@type":"ImageObject","inLanguage":"de","@id":"https:\/\/www.geatech.it\/#\/schema\/logo\/image\/","url":"https:\/\/www.geatech.it\/wp-content\/uploads\/2020\/11\/Logo-varianti-giallo-grande.001.png","contentUrl":"https:\/\/www.geatech.it\/wp-content\/uploads\/2020\/11\/Logo-varianti-giallo-grande.001.png","width":500,"height":200,"caption":"Geatech Srl"},"image":{"@id":"https:\/\/www.geatech.it\/#\/schema\/logo\/image\/"}}]}},"_links":{"self":[{"href":"https:\/\/www.geatech.it\/de\/wp-json\/wp\/v2\/product\/3469"}],"collection":[{"href":"https:\/\/www.geatech.it\/de\/wp-json\/wp\/v2\/product"}],"about":[{"href":"https:\/\/www.geatech.it\/de\/wp-json\/wp\/v2\/types\/product"}],"wp:featuredmedia":[{"embeddable":true,"href":"https:\/\/www.geatech.it\/de\/wp-json\/wp\/v2\/media\/3465"}],"wp:attachment":[{"href":"https:\/\/www.geatech.it\/de\/wp-json\/wp\/v2\/media?parent=3469"}],"wp:term":[{"taxonomy":"product_cat","embeddable":true,"href":"https:\/\/www.geatech.it\/de\/wp-json\/wp\/v2\/product_cat?post=3469"},{"taxonomy":"product_tag","embeddable":true,"href":"https:\/\/www.geatech.it\/de\/wp-json\/wp\/v2\/product_tag?post=3469"}],"curies":[{"name":"wp","href":"https:\/\/api.w.org\/{rel}","templated":true}]}}