{"id":3419,"date":"2021-05-11T08:11:27","date_gmt":"2021-05-11T08:11:27","guid":{"rendered":"https:\/\/www.geatech.it\/attrezzatura-ferroviaria\/schienenbandsaege-mod-sgn-geatech-patent\/"},"modified":"2021-05-11T08:11:27","modified_gmt":"2021-05-11T08:11:27","slug":"schienenbandsaege-mod-sgn-geatech-patent","status":"publish","type":"product","link":"https:\/\/www.geatech.it\/de\/attrezzatura-ferroviaria\/schienenbandsaege-mod-sgn-geatech-patent\/","title":{"rendered":"SCHIENENBANDS\u00c4GE Mod. SGN (Geatech Patent)"},"content":{"rendered":"<p>Cod.F1059A01: 2-Takt Motor (1.4kW\/1.9Hp) Cod.F1059E01: Elektromotor (0,75 kW\/ 1Hp) Cod.07894: Metall-Greh\u00e4use GEATECH SGN unterscheidet sich von den anderen Modelle im Handel f\u00fcr die L\u00f6sungen entworfen, um die Arbeit zu erleichtern. Die Klemme ist mit Schneiden-Indikator ausgestattet, um die S\u00e4ge am genauen Schneidpunkt anzubringen. Die Klemme kann von der S\u00e4ge abgenommen werden, um Transport und Befestigungsprozess zu erleichtern. Technische Daten: 2-Takt Hochleistungmotor Schneidzeit: 1&#8217;45&#8220; Gewicht: 45 kg<\/p>\n","protected":false},"excerpt":{"rendered":"<p>Die SGN Bands\u00e4ge wurde f\u00fcr das Schienentrennen ohne die f\u00fcr Trennschleifmaschinen typische Funken entworfen.<\/p>\n","protected":false},"featured_media":3415,"template":"","meta":{"_et_pb_use_builder":"","_et_pb_old_content":"","_et_gb_content_width":""},"product_cat":[179],"product_tag":[],"yoast_head":"<!-- This site is optimized with the Yoast SEO plugin v22.9 - https:\/\/yoast.com\/wordpress\/plugins\/seo\/ -->\n<title>SCHIENENBANDS\u00c4GE Mod. SGN (Geatech Patent) | Geatech Eisenbahnger\u00e4te<\/title>\n<meta name=\"robots\" content=\"index, follow, max-snippet:-1, max-image-preview:large, max-video-preview:-1\" \/>\n<link rel=\"canonical\" href=\"https:\/\/www.geatech.it\/de\/attrezzatura-ferroviaria\/schienenbandsaege-mod-sgn-geatech-patent\/\" \/>\n<meta property=\"og:locale\" content=\"de_DE\" \/>\n<meta property=\"og:type\" content=\"article\" \/>\n<meta property=\"og:title\" content=\"SCHIENENBANDS\u00c4GE Mod. SGN (Geatech Patent) | Geatech Eisenbahnger\u00e4te\" \/>\n<meta property=\"og:description\" content=\"Die SGN Bands\u00e4ge wurde f\u00fcr das Schienentrennen ohne die f\u00fcr Trennschleifmaschinen typische Funken entworfen.\" \/>\n<meta property=\"og:url\" content=\"https:\/\/www.geatech.it\/de\/attrezzatura-ferroviaria\/schienenbandsaege-mod-sgn-geatech-patent\/\" \/>\n<meta property=\"og:site_name\" content=\"Geatech Eisenbahnger\u00e4te\" \/>\n<meta property=\"og:image\" content=\"https:\/\/www.geatech.it\/wp-content\/uploads\/2021\/05\/sega-a-nastro-mod-sgn-brevetto-geatech.jpg\" \/>\n\t<meta property=\"og:image:width\" content=\"450\" \/>\n\t<meta property=\"og:image:height\" content=\"490\" \/>\n\t<meta property=\"og:image:type\" content=\"image\/jpeg\" \/>\n<meta name=\"twitter:card\" content=\"summary_large_image\" \/>\n<script type=\"application\/ld+json\" class=\"yoast-schema-graph\">{\"@context\":\"https:\/\/schema.org\",\"@graph\":[{\"@type\":\"WebPage\",\"@id\":\"https:\/\/www.geatech.it\/de\/attrezzatura-ferroviaria\/schienenbandsaege-mod-sgn-geatech-patent\/\",\"url\":\"https:\/\/www.geatech.it\/de\/attrezzatura-ferroviaria\/schienenbandsaege-mod-sgn-geatech-patent\/\",\"name\":\"SCHIENENBANDS\u00c4GE Mod. SGN (Geatech Patent) | Geatech Eisenbahnger\u00e4te\",\"isPartOf\":{\"@id\":\"https:\/\/www.geatech.it\/#website\"},\"primaryImageOfPage\":{\"@id\":\"https:\/\/www.geatech.it\/de\/attrezzatura-ferroviaria\/schienenbandsaege-mod-sgn-geatech-patent\/#primaryimage\"},\"image\":{\"@id\":\"https:\/\/www.geatech.it\/de\/attrezzatura-ferroviaria\/schienenbandsaege-mod-sgn-geatech-patent\/#primaryimage\"},\"thumbnailUrl\":\"https:\/\/www.geatech.it\/wp-content\/uploads\/2021\/05\/sega-a-nastro-mod-sgn-brevetto-geatech.jpg\",\"datePublished\":\"2021-05-11T08:11:27+00:00\",\"dateModified\":\"2021-05-11T08:11:27+00:00\",\"breadcrumb\":{\"@id\":\"https:\/\/www.geatech.it\/de\/attrezzatura-ferroviaria\/schienenbandsaege-mod-sgn-geatech-patent\/#breadcrumb\"},\"inLanguage\":\"de\",\"potentialAction\":[{\"@type\":\"ReadAction\",\"target\":[\"https:\/\/www.geatech.it\/de\/attrezzatura-ferroviaria\/schienenbandsaege-mod-sgn-geatech-patent\/\"]}]},{\"@type\":\"ImageObject\",\"inLanguage\":\"de\",\"@id\":\"https:\/\/www.geatech.it\/de\/attrezzatura-ferroviaria\/schienenbandsaege-mod-sgn-geatech-patent\/#primaryimage\",\"url\":\"https:\/\/www.geatech.it\/wp-content\/uploads\/2021\/05\/sega-a-nastro-mod-sgn-brevetto-geatech.jpg\",\"contentUrl\":\"https:\/\/www.geatech.it\/wp-content\/uploads\/2021\/05\/sega-a-nastro-mod-sgn-brevetto-geatech.jpg\",\"width\":450,\"height\":490},{\"@type\":\"BreadcrumbList\",\"@id\":\"https:\/\/www.geatech.it\/de\/attrezzatura-ferroviaria\/schienenbandsaege-mod-sgn-geatech-patent\/#breadcrumb\",\"itemListElement\":[{\"@type\":\"ListItem\",\"position\":1,\"name\":\"Produkte\",\"item\":\"https:\/\/www.geatech.it\/de\/produkte\/\"},{\"@type\":\"ListItem\",\"position\":2,\"name\":\"SCHIENENBANDS\u00c4GE Mod. SGN (Geatech Patent)\"}]},{\"@type\":\"WebSite\",\"@id\":\"https:\/\/www.geatech.it\/#website\",\"url\":\"https:\/\/www.geatech.it\/\",\"name\":\"Geatech Eisenbahnger\u00e4te\",\"description\":\"Geatech Group\",\"publisher\":{\"@id\":\"https:\/\/www.geatech.it\/#organization\"},\"potentialAction\":[{\"@type\":\"SearchAction\",\"target\":{\"@type\":\"EntryPoint\",\"urlTemplate\":\"https:\/\/www.geatech.it\/?s={search_term_string}\"},\"query-input\":\"required name=search_term_string\"}],\"inLanguage\":\"de\"},{\"@type\":\"Organization\",\"@id\":\"https:\/\/www.geatech.it\/#organization\",\"name\":\"Geatech Srl\",\"url\":\"https:\/\/www.geatech.it\/\",\"logo\":{\"@type\":\"ImageObject\",\"inLanguage\":\"de\",\"@id\":\"https:\/\/www.geatech.it\/#\/schema\/logo\/image\/\",\"url\":\"https:\/\/www.geatech.it\/wp-content\/uploads\/2020\/11\/Logo-varianti-giallo-grande.001.png\",\"contentUrl\":\"https:\/\/www.geatech.it\/wp-content\/uploads\/2020\/11\/Logo-varianti-giallo-grande.001.png\",\"width\":500,\"height\":200,\"caption\":\"Geatech Srl\"},\"image\":{\"@id\":\"https:\/\/www.geatech.it\/#\/schema\/logo\/image\/\"}}]}<\/script>\n<!-- \/ Yoast SEO plugin. -->","yoast_head_json":{"title":"SCHIENENBANDS\u00c4GE Mod. SGN (Geatech Patent) | Geatech Eisenbahnger\u00e4te","robots":{"index":"index","follow":"follow","max-snippet":"max-snippet:-1","max-image-preview":"max-image-preview:large","max-video-preview":"max-video-preview:-1"},"canonical":"https:\/\/www.geatech.it\/de\/attrezzatura-ferroviaria\/schienenbandsaege-mod-sgn-geatech-patent\/","og_locale":"de_DE","og_type":"article","og_title":"SCHIENENBANDS\u00c4GE Mod. SGN (Geatech Patent) | Geatech Eisenbahnger\u00e4te","og_description":"Die SGN Bands\u00e4ge wurde f\u00fcr das Schienentrennen ohne die f\u00fcr Trennschleifmaschinen typische Funken entworfen.","og_url":"https:\/\/www.geatech.it\/de\/attrezzatura-ferroviaria\/schienenbandsaege-mod-sgn-geatech-patent\/","og_site_name":"Geatech Eisenbahnger\u00e4te","og_image":[{"width":450,"height":490,"url":"https:\/\/www.geatech.it\/wp-content\/uploads\/2021\/05\/sega-a-nastro-mod-sgn-brevetto-geatech.jpg","type":"image\/jpeg"}],"twitter_card":"summary_large_image","schema":{"@context":"https:\/\/schema.org","@graph":[{"@type":"WebPage","@id":"https:\/\/www.geatech.it\/de\/attrezzatura-ferroviaria\/schienenbandsaege-mod-sgn-geatech-patent\/","url":"https:\/\/www.geatech.it\/de\/attrezzatura-ferroviaria\/schienenbandsaege-mod-sgn-geatech-patent\/","name":"SCHIENENBANDS\u00c4GE Mod. SGN (Geatech Patent) | Geatech Eisenbahnger\u00e4te","isPartOf":{"@id":"https:\/\/www.geatech.it\/#website"},"primaryImageOfPage":{"@id":"https:\/\/www.geatech.it\/de\/attrezzatura-ferroviaria\/schienenbandsaege-mod-sgn-geatech-patent\/#primaryimage"},"image":{"@id":"https:\/\/www.geatech.it\/de\/attrezzatura-ferroviaria\/schienenbandsaege-mod-sgn-geatech-patent\/#primaryimage"},"thumbnailUrl":"https:\/\/www.geatech.it\/wp-content\/uploads\/2021\/05\/sega-a-nastro-mod-sgn-brevetto-geatech.jpg","datePublished":"2021-05-11T08:11:27+00:00","dateModified":"2021-05-11T08:11:27+00:00","breadcrumb":{"@id":"https:\/\/www.geatech.it\/de\/attrezzatura-ferroviaria\/schienenbandsaege-mod-sgn-geatech-patent\/#breadcrumb"},"inLanguage":"de","potentialAction":[{"@type":"ReadAction","target":["https:\/\/www.geatech.it\/de\/attrezzatura-ferroviaria\/schienenbandsaege-mod-sgn-geatech-patent\/"]}]},{"@type":"ImageObject","inLanguage":"de","@id":"https:\/\/www.geatech.it\/de\/attrezzatura-ferroviaria\/schienenbandsaege-mod-sgn-geatech-patent\/#primaryimage","url":"https:\/\/www.geatech.it\/wp-content\/uploads\/2021\/05\/sega-a-nastro-mod-sgn-brevetto-geatech.jpg","contentUrl":"https:\/\/www.geatech.it\/wp-content\/uploads\/2021\/05\/sega-a-nastro-mod-sgn-brevetto-geatech.jpg","width":450,"height":490},{"@type":"BreadcrumbList","@id":"https:\/\/www.geatech.it\/de\/attrezzatura-ferroviaria\/schienenbandsaege-mod-sgn-geatech-patent\/#breadcrumb","itemListElement":[{"@type":"ListItem","position":1,"name":"Produkte","item":"https:\/\/www.geatech.it\/de\/produkte\/"},{"@type":"ListItem","position":2,"name":"SCHIENENBANDS\u00c4GE Mod. SGN (Geatech Patent)"}]},{"@type":"WebSite","@id":"https:\/\/www.geatech.it\/#website","url":"https:\/\/www.geatech.it\/","name":"Geatech Eisenbahnger\u00e4te","description":"Geatech Group","publisher":{"@id":"https:\/\/www.geatech.it\/#organization"},"potentialAction":[{"@type":"SearchAction","target":{"@type":"EntryPoint","urlTemplate":"https:\/\/www.geatech.it\/?s={search_term_string}"},"query-input":"required name=search_term_string"}],"inLanguage":"de"},{"@type":"Organization","@id":"https:\/\/www.geatech.it\/#organization","name":"Geatech Srl","url":"https:\/\/www.geatech.it\/","logo":{"@type":"ImageObject","inLanguage":"de","@id":"https:\/\/www.geatech.it\/#\/schema\/logo\/image\/","url":"https:\/\/www.geatech.it\/wp-content\/uploads\/2020\/11\/Logo-varianti-giallo-grande.001.png","contentUrl":"https:\/\/www.geatech.it\/wp-content\/uploads\/2020\/11\/Logo-varianti-giallo-grande.001.png","width":500,"height":200,"caption":"Geatech Srl"},"image":{"@id":"https:\/\/www.geatech.it\/#\/schema\/logo\/image\/"}}]}},"_links":{"self":[{"href":"https:\/\/www.geatech.it\/de\/wp-json\/wp\/v2\/product\/3419"}],"collection":[{"href":"https:\/\/www.geatech.it\/de\/wp-json\/wp\/v2\/product"}],"about":[{"href":"https:\/\/www.geatech.it\/de\/wp-json\/wp\/v2\/types\/product"}],"wp:featuredmedia":[{"embeddable":true,"href":"https:\/\/www.geatech.it\/de\/wp-json\/wp\/v2\/media\/3415"}],"wp:attachment":[{"href":"https:\/\/www.geatech.it\/de\/wp-json\/wp\/v2\/media?parent=3419"}],"wp:term":[{"taxonomy":"product_cat","embeddable":true,"href":"https:\/\/www.geatech.it\/de\/wp-json\/wp\/v2\/product_cat?post=3419"},{"taxonomy":"product_tag","embeddable":true,"href":"https:\/\/www.geatech.it\/de\/wp-json\/wp\/v2\/product_tag?post=3419"}],"curies":[{"name":"wp","href":"https:\/\/api.w.org\/{rel}","templated":true}]}}