{"id":3414,"date":"2021-05-11T08:11:27","date_gmt":"2021-05-11T08:11:27","guid":{"rendered":"https:\/\/www.geatech.it\/attrezzatura-ferroviaria\/stopfgeraet-mit-verbrennungsmotor-mod-cobra-pro-tt-wacker-neuson\/"},"modified":"2021-05-11T08:11:27","modified_gmt":"2021-05-11T08:11:27","slug":"stopfgeraet-mit-verbrennungsmotor-mod-cobra-pro-tt-wacker-neuson","status":"publish","type":"product","link":"https:\/\/www.geatech.it\/de\/attrezzatura-ferroviaria\/stopfgeraet-mit-verbrennungsmotor-mod-cobra-pro-tt-wacker-neuson\/","title":{"rendered":"STOPFGER\u00c4T MIT VERBRENNUNGSMOTOR Mod. COBRA PRO\/TT\/WACKER NEUSON"},"content":{"rendered":"<p>Cod.UF0033 (PRO): 2-Takt Motor (2kW\/2.7Hp) Cod.UF0029 (TT): 2-Takt Motor (1,5kW\/2Hp) Cod.UF0038 (BH55RW): 2-Takt Motor (1.6kW\/2.2Hp) Gewicht: 25kg HIER WEITERE INFO \u00dcBER BOHRER F\u00dcR STOPFGER\u00c4TE<\/p>\n","protected":false},"excerpt":{"rendered":"<p>Tragbare Stopfger\u00e4te. Verschiedene Bohrer und Mei\u00dfel verf\u00fcgbar.<\/p>\n","protected":false},"featured_media":3410,"template":"","meta":{"_et_pb_use_builder":"","_et_pb_old_content":"","_et_gb_content_width":""},"product_cat":[178],"product_tag":[],"yoast_head":"<!-- This site is optimized with the Yoast SEO plugin v22.9 - https:\/\/yoast.com\/wordpress\/plugins\/seo\/ -->\n<title>STOPFGER\u00c4T MIT VERBRENNUNGSMOTOR Mod. COBRA PRO\/TT\/WACKER NEUSON | Geatech Eisenbahnger\u00e4te<\/title>\n<meta name=\"robots\" content=\"index, follow, max-snippet:-1, max-image-preview:large, max-video-preview:-1\" \/>\n<link rel=\"canonical\" href=\"https:\/\/www.geatech.it\/de\/attrezzatura-ferroviaria\/stopfgeraet-mit-verbrennungsmotor-mod-cobra-pro-tt-wacker-neuson\/\" \/>\n<meta property=\"og:locale\" content=\"de_DE\" \/>\n<meta property=\"og:type\" content=\"article\" \/>\n<meta property=\"og:title\" content=\"STOPFGER\u00c4T MIT VERBRENNUNGSMOTOR Mod. COBRA PRO\/TT\/WACKER NEUSON | Geatech Eisenbahnger\u00e4te\" \/>\n<meta property=\"og:description\" content=\"Tragbare Stopfger\u00e4te. Verschiedene Bohrer und Mei\u00dfel verf\u00fcgbar.\" \/>\n<meta property=\"og:url\" content=\"https:\/\/www.geatech.it\/de\/attrezzatura-ferroviaria\/stopfgeraet-mit-verbrennungsmotor-mod-cobra-pro-tt-wacker-neuson\/\" \/>\n<meta property=\"og:site_name\" content=\"Geatech Eisenbahnger\u00e4te\" \/>\n<meta property=\"og:image\" content=\"https:\/\/www.geatech.it\/wp-content\/uploads\/2021\/05\/motorincalzatore-a-scoppio-mod-cobra-tt.jpg\" \/>\n\t<meta property=\"og:image:width\" content=\"450\" \/>\n\t<meta property=\"og:image:height\" content=\"490\" \/>\n\t<meta property=\"og:image:type\" content=\"image\/jpeg\" \/>\n<meta name=\"twitter:card\" content=\"summary_large_image\" \/>\n<script type=\"application\/ld+json\" class=\"yoast-schema-graph\">{\"@context\":\"https:\/\/schema.org\",\"@graph\":[{\"@type\":\"WebPage\",\"@id\":\"https:\/\/www.geatech.it\/de\/attrezzatura-ferroviaria\/stopfgeraet-mit-verbrennungsmotor-mod-cobra-pro-tt-wacker-neuson\/\",\"url\":\"https:\/\/www.geatech.it\/de\/attrezzatura-ferroviaria\/stopfgeraet-mit-verbrennungsmotor-mod-cobra-pro-tt-wacker-neuson\/\",\"name\":\"STOPFGER\u00c4T MIT VERBRENNUNGSMOTOR Mod. COBRA PRO\/TT\/WACKER NEUSON | Geatech Eisenbahnger\u00e4te\",\"isPartOf\":{\"@id\":\"https:\/\/www.geatech.it\/#website\"},\"primaryImageOfPage\":{\"@id\":\"https:\/\/www.geatech.it\/de\/attrezzatura-ferroviaria\/stopfgeraet-mit-verbrennungsmotor-mod-cobra-pro-tt-wacker-neuson\/#primaryimage\"},\"image\":{\"@id\":\"https:\/\/www.geatech.it\/de\/attrezzatura-ferroviaria\/stopfgeraet-mit-verbrennungsmotor-mod-cobra-pro-tt-wacker-neuson\/#primaryimage\"},\"thumbnailUrl\":\"https:\/\/www.geatech.it\/wp-content\/uploads\/2021\/05\/motorincalzatore-a-scoppio-mod-cobra-tt.jpg\",\"datePublished\":\"2021-05-11T08:11:27+00:00\",\"dateModified\":\"2021-05-11T08:11:27+00:00\",\"breadcrumb\":{\"@id\":\"https:\/\/www.geatech.it\/de\/attrezzatura-ferroviaria\/stopfgeraet-mit-verbrennungsmotor-mod-cobra-pro-tt-wacker-neuson\/#breadcrumb\"},\"inLanguage\":\"de\",\"potentialAction\":[{\"@type\":\"ReadAction\",\"target\":[\"https:\/\/www.geatech.it\/de\/attrezzatura-ferroviaria\/stopfgeraet-mit-verbrennungsmotor-mod-cobra-pro-tt-wacker-neuson\/\"]}]},{\"@type\":\"ImageObject\",\"inLanguage\":\"de\",\"@id\":\"https:\/\/www.geatech.it\/de\/attrezzatura-ferroviaria\/stopfgeraet-mit-verbrennungsmotor-mod-cobra-pro-tt-wacker-neuson\/#primaryimage\",\"url\":\"https:\/\/www.geatech.it\/wp-content\/uploads\/2021\/05\/motorincalzatore-a-scoppio-mod-cobra-tt.jpg\",\"contentUrl\":\"https:\/\/www.geatech.it\/wp-content\/uploads\/2021\/05\/motorincalzatore-a-scoppio-mod-cobra-tt.jpg\",\"width\":450,\"height\":490},{\"@type\":\"BreadcrumbList\",\"@id\":\"https:\/\/www.geatech.it\/de\/attrezzatura-ferroviaria\/stopfgeraet-mit-verbrennungsmotor-mod-cobra-pro-tt-wacker-neuson\/#breadcrumb\",\"itemListElement\":[{\"@type\":\"ListItem\",\"position\":1,\"name\":\"Produkte\",\"item\":\"https:\/\/www.geatech.it\/de\/produkte\/\"},{\"@type\":\"ListItem\",\"position\":2,\"name\":\"STOPFGER\u00c4T MIT VERBRENNUNGSMOTOR Mod. COBRA PRO\/TT\/WACKER NEUSON\"}]},{\"@type\":\"WebSite\",\"@id\":\"https:\/\/www.geatech.it\/#website\",\"url\":\"https:\/\/www.geatech.it\/\",\"name\":\"Geatech Eisenbahnger\u00e4te\",\"description\":\"Geatech Group\",\"publisher\":{\"@id\":\"https:\/\/www.geatech.it\/#organization\"},\"potentialAction\":[{\"@type\":\"SearchAction\",\"target\":{\"@type\":\"EntryPoint\",\"urlTemplate\":\"https:\/\/www.geatech.it\/?s={search_term_string}\"},\"query-input\":\"required name=search_term_string\"}],\"inLanguage\":\"de\"},{\"@type\":\"Organization\",\"@id\":\"https:\/\/www.geatech.it\/#organization\",\"name\":\"Geatech Srl\",\"url\":\"https:\/\/www.geatech.it\/\",\"logo\":{\"@type\":\"ImageObject\",\"inLanguage\":\"de\",\"@id\":\"https:\/\/www.geatech.it\/#\/schema\/logo\/image\/\",\"url\":\"https:\/\/www.geatech.it\/wp-content\/uploads\/2020\/11\/Logo-varianti-giallo-grande.001.png\",\"contentUrl\":\"https:\/\/www.geatech.it\/wp-content\/uploads\/2020\/11\/Logo-varianti-giallo-grande.001.png\",\"width\":500,\"height\":200,\"caption\":\"Geatech Srl\"},\"image\":{\"@id\":\"https:\/\/www.geatech.it\/#\/schema\/logo\/image\/\"}}]}<\/script>\n<!-- \/ Yoast SEO plugin. -->","yoast_head_json":{"title":"STOPFGER\u00c4T MIT VERBRENNUNGSMOTOR Mod. COBRA PRO\/TT\/WACKER NEUSON | Geatech Eisenbahnger\u00e4te","robots":{"index":"index","follow":"follow","max-snippet":"max-snippet:-1","max-image-preview":"max-image-preview:large","max-video-preview":"max-video-preview:-1"},"canonical":"https:\/\/www.geatech.it\/de\/attrezzatura-ferroviaria\/stopfgeraet-mit-verbrennungsmotor-mod-cobra-pro-tt-wacker-neuson\/","og_locale":"de_DE","og_type":"article","og_title":"STOPFGER\u00c4T MIT VERBRENNUNGSMOTOR Mod. COBRA PRO\/TT\/WACKER NEUSON | Geatech Eisenbahnger\u00e4te","og_description":"Tragbare Stopfger\u00e4te. Verschiedene Bohrer und Mei\u00dfel verf\u00fcgbar.","og_url":"https:\/\/www.geatech.it\/de\/attrezzatura-ferroviaria\/stopfgeraet-mit-verbrennungsmotor-mod-cobra-pro-tt-wacker-neuson\/","og_site_name":"Geatech Eisenbahnger\u00e4te","og_image":[{"width":450,"height":490,"url":"https:\/\/www.geatech.it\/wp-content\/uploads\/2021\/05\/motorincalzatore-a-scoppio-mod-cobra-tt.jpg","type":"image\/jpeg"}],"twitter_card":"summary_large_image","schema":{"@context":"https:\/\/schema.org","@graph":[{"@type":"WebPage","@id":"https:\/\/www.geatech.it\/de\/attrezzatura-ferroviaria\/stopfgeraet-mit-verbrennungsmotor-mod-cobra-pro-tt-wacker-neuson\/","url":"https:\/\/www.geatech.it\/de\/attrezzatura-ferroviaria\/stopfgeraet-mit-verbrennungsmotor-mod-cobra-pro-tt-wacker-neuson\/","name":"STOPFGER\u00c4T MIT VERBRENNUNGSMOTOR Mod. COBRA PRO\/TT\/WACKER NEUSON | Geatech Eisenbahnger\u00e4te","isPartOf":{"@id":"https:\/\/www.geatech.it\/#website"},"primaryImageOfPage":{"@id":"https:\/\/www.geatech.it\/de\/attrezzatura-ferroviaria\/stopfgeraet-mit-verbrennungsmotor-mod-cobra-pro-tt-wacker-neuson\/#primaryimage"},"image":{"@id":"https:\/\/www.geatech.it\/de\/attrezzatura-ferroviaria\/stopfgeraet-mit-verbrennungsmotor-mod-cobra-pro-tt-wacker-neuson\/#primaryimage"},"thumbnailUrl":"https:\/\/www.geatech.it\/wp-content\/uploads\/2021\/05\/motorincalzatore-a-scoppio-mod-cobra-tt.jpg","datePublished":"2021-05-11T08:11:27+00:00","dateModified":"2021-05-11T08:11:27+00:00","breadcrumb":{"@id":"https:\/\/www.geatech.it\/de\/attrezzatura-ferroviaria\/stopfgeraet-mit-verbrennungsmotor-mod-cobra-pro-tt-wacker-neuson\/#breadcrumb"},"inLanguage":"de","potentialAction":[{"@type":"ReadAction","target":["https:\/\/www.geatech.it\/de\/attrezzatura-ferroviaria\/stopfgeraet-mit-verbrennungsmotor-mod-cobra-pro-tt-wacker-neuson\/"]}]},{"@type":"ImageObject","inLanguage":"de","@id":"https:\/\/www.geatech.it\/de\/attrezzatura-ferroviaria\/stopfgeraet-mit-verbrennungsmotor-mod-cobra-pro-tt-wacker-neuson\/#primaryimage","url":"https:\/\/www.geatech.it\/wp-content\/uploads\/2021\/05\/motorincalzatore-a-scoppio-mod-cobra-tt.jpg","contentUrl":"https:\/\/www.geatech.it\/wp-content\/uploads\/2021\/05\/motorincalzatore-a-scoppio-mod-cobra-tt.jpg","width":450,"height":490},{"@type":"BreadcrumbList","@id":"https:\/\/www.geatech.it\/de\/attrezzatura-ferroviaria\/stopfgeraet-mit-verbrennungsmotor-mod-cobra-pro-tt-wacker-neuson\/#breadcrumb","itemListElement":[{"@type":"ListItem","position":1,"name":"Produkte","item":"https:\/\/www.geatech.it\/de\/produkte\/"},{"@type":"ListItem","position":2,"name":"STOPFGER\u00c4T MIT VERBRENNUNGSMOTOR Mod. COBRA PRO\/TT\/WACKER NEUSON"}]},{"@type":"WebSite","@id":"https:\/\/www.geatech.it\/#website","url":"https:\/\/www.geatech.it\/","name":"Geatech Eisenbahnger\u00e4te","description":"Geatech Group","publisher":{"@id":"https:\/\/www.geatech.it\/#organization"},"potentialAction":[{"@type":"SearchAction","target":{"@type":"EntryPoint","urlTemplate":"https:\/\/www.geatech.it\/?s={search_term_string}"},"query-input":"required name=search_term_string"}],"inLanguage":"de"},{"@type":"Organization","@id":"https:\/\/www.geatech.it\/#organization","name":"Geatech Srl","url":"https:\/\/www.geatech.it\/","logo":{"@type":"ImageObject","inLanguage":"de","@id":"https:\/\/www.geatech.it\/#\/schema\/logo\/image\/","url":"https:\/\/www.geatech.it\/wp-content\/uploads\/2020\/11\/Logo-varianti-giallo-grande.001.png","contentUrl":"https:\/\/www.geatech.it\/wp-content\/uploads\/2020\/11\/Logo-varianti-giallo-grande.001.png","width":500,"height":200,"caption":"Geatech Srl"},"image":{"@id":"https:\/\/www.geatech.it\/#\/schema\/logo\/image\/"}}]}},"_links":{"self":[{"href":"https:\/\/www.geatech.it\/de\/wp-json\/wp\/v2\/product\/3414"}],"collection":[{"href":"https:\/\/www.geatech.it\/de\/wp-json\/wp\/v2\/product"}],"about":[{"href":"https:\/\/www.geatech.it\/de\/wp-json\/wp\/v2\/types\/product"}],"wp:featuredmedia":[{"embeddable":true,"href":"https:\/\/www.geatech.it\/de\/wp-json\/wp\/v2\/media\/3410"}],"wp:attachment":[{"href":"https:\/\/www.geatech.it\/de\/wp-json\/wp\/v2\/media?parent=3414"}],"wp:term":[{"taxonomy":"product_cat","embeddable":true,"href":"https:\/\/www.geatech.it\/de\/wp-json\/wp\/v2\/product_cat?post=3414"},{"taxonomy":"product_tag","embeddable":true,"href":"https:\/\/www.geatech.it\/de\/wp-json\/wp\/v2\/product_tag?post=3414"}],"curies":[{"name":"wp","href":"https:\/\/api.w.org\/{rel}","templated":true}]}}