{"id":3374,"date":"2021-05-11T08:11:24","date_gmt":"2021-05-11T08:11:24","guid":{"rendered":"https:\/\/www.geatech.it\/attrezzatura-ferroviaria\/hydraulisches-schienenziehgerat-mod-mti\/"},"modified":"2021-05-11T08:11:24","modified_gmt":"2021-05-11T08:11:24","slug":"hydraulisches-schienenziehgerat-mod-mti","status":"publish","type":"product","link":"https:\/\/www.geatech.it\/de\/attrezzatura-ferroviaria\/hydraulisches-schienenziehgerat-mod-mti\/","title":{"rendered":"HYDRAULISCHES SCHIENENZIEHGERAT Mod. MTI"},"content":{"rendered":"<p>STANGEN: Cod.05969: 950mm Cod.05748: 1200mm Cod.07527: 1500mm Cod.08644: 1800mm Cod.05176: 2000mm Cod.05366: 3500mm ROHRE: Cod.IK0001: 4 Rohre L\u00e4nge 8 m max Druck 700 bar Cod.IK0002: 8 Rohre mit Y-Umleitung L\u00e4nge 8 m max Druck 700 bar. Verwendet f\u00fcr die gleichzeitige Steuerung von 4 Zylinder. VERF\u00dcGBARE HYDRAULIKSTEUERUNGEN UND PUMPEN Manuelle Hydraulikpumpe: Cod.I8048 Druck 1\u00b0\/2\u00b0Stufe: 35\/700 bar Tankinhalt: 8lt Hydrauliksteuerung mit Verbrennungsmotor: Cod.IX2002: Tankinhalt 10lt Cod.IX2011: Tankinhalt 20lt Druck 1\u00b0\/2\u00b0Stufe:n 70\/700bar Cod.I8047 Druck 1\u00b0\/2\u00b0Stufe: 70\/500bar Tankinhalt: 10lt Steuerger\u00e4t mit R\u00e4dern: Cod.I8031 Druck 1\u00b0\/2\u00b0 Stufe: 70\/700bar Tankinhalt: 30lt<\/p>\n","protected":false},"excerpt":{"rendered":"<p>F\u00fcr UNI50 und UNI60 Schienen.<\/p>\n","protected":false},"featured_media":3370,"template":"","meta":{"_et_pb_use_builder":"","_et_pb_old_content":"","_et_gb_content_width":""},"product_cat":[173],"product_tag":[],"yoast_head":"<!-- This site is optimized with the Yoast SEO plugin v22.9 - https:\/\/yoast.com\/wordpress\/plugins\/seo\/ -->\n<title>HYDRAULISCHES SCHIENENZIEHGERAT Mod. MTI | Geatech Eisenbahnger\u00e4te<\/title>\n<meta name=\"robots\" content=\"index, follow, max-snippet:-1, max-image-preview:large, max-video-preview:-1\" \/>\n<link rel=\"canonical\" href=\"https:\/\/www.geatech.it\/de\/attrezzatura-ferroviaria\/hydraulisches-schienenziehgerat-mod-mti\/\" \/>\n<meta property=\"og:locale\" content=\"de_DE\" \/>\n<meta property=\"og:type\" content=\"article\" \/>\n<meta property=\"og:title\" content=\"HYDRAULISCHES SCHIENENZIEHGERAT Mod. MTI | Geatech Eisenbahnger\u00e4te\" \/>\n<meta property=\"og:description\" content=\"F\u00fcr UNI50 und UNI60 Schienen.\" \/>\n<meta property=\"og:url\" content=\"https:\/\/www.geatech.it\/de\/attrezzatura-ferroviaria\/hydraulisches-schienenziehgerat-mod-mti\/\" \/>\n<meta property=\"og:site_name\" content=\"Geatech Eisenbahnger\u00e4te\" \/>\n<meta property=\"og:image\" content=\"https:\/\/www.geatech.it\/wp-content\/uploads\/2021\/05\/morsettone-idraulico-tirarotaie-mod-mt-h.jpg\" \/>\n\t<meta property=\"og:image:width\" content=\"450\" \/>\n\t<meta property=\"og:image:height\" content=\"490\" \/>\n\t<meta property=\"og:image:type\" content=\"image\/jpeg\" \/>\n<meta name=\"twitter:card\" content=\"summary_large_image\" \/>\n<script type=\"application\/ld+json\" class=\"yoast-schema-graph\">{\"@context\":\"https:\/\/schema.org\",\"@graph\":[{\"@type\":\"WebPage\",\"@id\":\"https:\/\/www.geatech.it\/de\/attrezzatura-ferroviaria\/hydraulisches-schienenziehgerat-mod-mti\/\",\"url\":\"https:\/\/www.geatech.it\/de\/attrezzatura-ferroviaria\/hydraulisches-schienenziehgerat-mod-mti\/\",\"name\":\"HYDRAULISCHES SCHIENENZIEHGERAT Mod. MTI | Geatech Eisenbahnger\u00e4te\",\"isPartOf\":{\"@id\":\"https:\/\/www.geatech.it\/#website\"},\"primaryImageOfPage\":{\"@id\":\"https:\/\/www.geatech.it\/de\/attrezzatura-ferroviaria\/hydraulisches-schienenziehgerat-mod-mti\/#primaryimage\"},\"image\":{\"@id\":\"https:\/\/www.geatech.it\/de\/attrezzatura-ferroviaria\/hydraulisches-schienenziehgerat-mod-mti\/#primaryimage\"},\"thumbnailUrl\":\"https:\/\/www.geatech.it\/wp-content\/uploads\/2021\/05\/morsettone-idraulico-tirarotaie-mod-mt-h.jpg\",\"datePublished\":\"2021-05-11T08:11:24+00:00\",\"dateModified\":\"2021-05-11T08:11:24+00:00\",\"breadcrumb\":{\"@id\":\"https:\/\/www.geatech.it\/de\/attrezzatura-ferroviaria\/hydraulisches-schienenziehgerat-mod-mti\/#breadcrumb\"},\"inLanguage\":\"de\",\"potentialAction\":[{\"@type\":\"ReadAction\",\"target\":[\"https:\/\/www.geatech.it\/de\/attrezzatura-ferroviaria\/hydraulisches-schienenziehgerat-mod-mti\/\"]}]},{\"@type\":\"ImageObject\",\"inLanguage\":\"de\",\"@id\":\"https:\/\/www.geatech.it\/de\/attrezzatura-ferroviaria\/hydraulisches-schienenziehgerat-mod-mti\/#primaryimage\",\"url\":\"https:\/\/www.geatech.it\/wp-content\/uploads\/2021\/05\/morsettone-idraulico-tirarotaie-mod-mt-h.jpg\",\"contentUrl\":\"https:\/\/www.geatech.it\/wp-content\/uploads\/2021\/05\/morsettone-idraulico-tirarotaie-mod-mt-h.jpg\",\"width\":450,\"height\":490},{\"@type\":\"BreadcrumbList\",\"@id\":\"https:\/\/www.geatech.it\/de\/attrezzatura-ferroviaria\/hydraulisches-schienenziehgerat-mod-mti\/#breadcrumb\",\"itemListElement\":[{\"@type\":\"ListItem\",\"position\":1,\"name\":\"Produkte\",\"item\":\"https:\/\/www.geatech.it\/de\/produkte\/\"},{\"@type\":\"ListItem\",\"position\":2,\"name\":\"HYDRAULISCHES SCHIENENZIEHGERAT Mod. MTI\"}]},{\"@type\":\"WebSite\",\"@id\":\"https:\/\/www.geatech.it\/#website\",\"url\":\"https:\/\/www.geatech.it\/\",\"name\":\"Geatech Eisenbahnger\u00e4te\",\"description\":\"Geatech Group\",\"publisher\":{\"@id\":\"https:\/\/www.geatech.it\/#organization\"},\"potentialAction\":[{\"@type\":\"SearchAction\",\"target\":{\"@type\":\"EntryPoint\",\"urlTemplate\":\"https:\/\/www.geatech.it\/?s={search_term_string}\"},\"query-input\":\"required name=search_term_string\"}],\"inLanguage\":\"de\"},{\"@type\":\"Organization\",\"@id\":\"https:\/\/www.geatech.it\/#organization\",\"name\":\"Geatech Srl\",\"url\":\"https:\/\/www.geatech.it\/\",\"logo\":{\"@type\":\"ImageObject\",\"inLanguage\":\"de\",\"@id\":\"https:\/\/www.geatech.it\/#\/schema\/logo\/image\/\",\"url\":\"https:\/\/www.geatech.it\/wp-content\/uploads\/2020\/11\/Logo-varianti-giallo-grande.001.png\",\"contentUrl\":\"https:\/\/www.geatech.it\/wp-content\/uploads\/2020\/11\/Logo-varianti-giallo-grande.001.png\",\"width\":500,\"height\":200,\"caption\":\"Geatech Srl\"},\"image\":{\"@id\":\"https:\/\/www.geatech.it\/#\/schema\/logo\/image\/\"}}]}<\/script>\n<!-- \/ Yoast SEO plugin. -->","yoast_head_json":{"title":"HYDRAULISCHES SCHIENENZIEHGERAT Mod. MTI | Geatech Eisenbahnger\u00e4te","robots":{"index":"index","follow":"follow","max-snippet":"max-snippet:-1","max-image-preview":"max-image-preview:large","max-video-preview":"max-video-preview:-1"},"canonical":"https:\/\/www.geatech.it\/de\/attrezzatura-ferroviaria\/hydraulisches-schienenziehgerat-mod-mti\/","og_locale":"de_DE","og_type":"article","og_title":"HYDRAULISCHES SCHIENENZIEHGERAT Mod. MTI | Geatech Eisenbahnger\u00e4te","og_description":"F\u00fcr UNI50 und UNI60 Schienen.","og_url":"https:\/\/www.geatech.it\/de\/attrezzatura-ferroviaria\/hydraulisches-schienenziehgerat-mod-mti\/","og_site_name":"Geatech Eisenbahnger\u00e4te","og_image":[{"width":450,"height":490,"url":"https:\/\/www.geatech.it\/wp-content\/uploads\/2021\/05\/morsettone-idraulico-tirarotaie-mod-mt-h.jpg","type":"image\/jpeg"}],"twitter_card":"summary_large_image","schema":{"@context":"https:\/\/schema.org","@graph":[{"@type":"WebPage","@id":"https:\/\/www.geatech.it\/de\/attrezzatura-ferroviaria\/hydraulisches-schienenziehgerat-mod-mti\/","url":"https:\/\/www.geatech.it\/de\/attrezzatura-ferroviaria\/hydraulisches-schienenziehgerat-mod-mti\/","name":"HYDRAULISCHES SCHIENENZIEHGERAT Mod. MTI | Geatech Eisenbahnger\u00e4te","isPartOf":{"@id":"https:\/\/www.geatech.it\/#website"},"primaryImageOfPage":{"@id":"https:\/\/www.geatech.it\/de\/attrezzatura-ferroviaria\/hydraulisches-schienenziehgerat-mod-mti\/#primaryimage"},"image":{"@id":"https:\/\/www.geatech.it\/de\/attrezzatura-ferroviaria\/hydraulisches-schienenziehgerat-mod-mti\/#primaryimage"},"thumbnailUrl":"https:\/\/www.geatech.it\/wp-content\/uploads\/2021\/05\/morsettone-idraulico-tirarotaie-mod-mt-h.jpg","datePublished":"2021-05-11T08:11:24+00:00","dateModified":"2021-05-11T08:11:24+00:00","breadcrumb":{"@id":"https:\/\/www.geatech.it\/de\/attrezzatura-ferroviaria\/hydraulisches-schienenziehgerat-mod-mti\/#breadcrumb"},"inLanguage":"de","potentialAction":[{"@type":"ReadAction","target":["https:\/\/www.geatech.it\/de\/attrezzatura-ferroviaria\/hydraulisches-schienenziehgerat-mod-mti\/"]}]},{"@type":"ImageObject","inLanguage":"de","@id":"https:\/\/www.geatech.it\/de\/attrezzatura-ferroviaria\/hydraulisches-schienenziehgerat-mod-mti\/#primaryimage","url":"https:\/\/www.geatech.it\/wp-content\/uploads\/2021\/05\/morsettone-idraulico-tirarotaie-mod-mt-h.jpg","contentUrl":"https:\/\/www.geatech.it\/wp-content\/uploads\/2021\/05\/morsettone-idraulico-tirarotaie-mod-mt-h.jpg","width":450,"height":490},{"@type":"BreadcrumbList","@id":"https:\/\/www.geatech.it\/de\/attrezzatura-ferroviaria\/hydraulisches-schienenziehgerat-mod-mti\/#breadcrumb","itemListElement":[{"@type":"ListItem","position":1,"name":"Produkte","item":"https:\/\/www.geatech.it\/de\/produkte\/"},{"@type":"ListItem","position":2,"name":"HYDRAULISCHES SCHIENENZIEHGERAT Mod. MTI"}]},{"@type":"WebSite","@id":"https:\/\/www.geatech.it\/#website","url":"https:\/\/www.geatech.it\/","name":"Geatech Eisenbahnger\u00e4te","description":"Geatech Group","publisher":{"@id":"https:\/\/www.geatech.it\/#organization"},"potentialAction":[{"@type":"SearchAction","target":{"@type":"EntryPoint","urlTemplate":"https:\/\/www.geatech.it\/?s={search_term_string}"},"query-input":"required name=search_term_string"}],"inLanguage":"de"},{"@type":"Organization","@id":"https:\/\/www.geatech.it\/#organization","name":"Geatech Srl","url":"https:\/\/www.geatech.it\/","logo":{"@type":"ImageObject","inLanguage":"de","@id":"https:\/\/www.geatech.it\/#\/schema\/logo\/image\/","url":"https:\/\/www.geatech.it\/wp-content\/uploads\/2020\/11\/Logo-varianti-giallo-grande.001.png","contentUrl":"https:\/\/www.geatech.it\/wp-content\/uploads\/2020\/11\/Logo-varianti-giallo-grande.001.png","width":500,"height":200,"caption":"Geatech Srl"},"image":{"@id":"https:\/\/www.geatech.it\/#\/schema\/logo\/image\/"}}]}},"_links":{"self":[{"href":"https:\/\/www.geatech.it\/de\/wp-json\/wp\/v2\/product\/3374"}],"collection":[{"href":"https:\/\/www.geatech.it\/de\/wp-json\/wp\/v2\/product"}],"about":[{"href":"https:\/\/www.geatech.it\/de\/wp-json\/wp\/v2\/types\/product"}],"wp:featuredmedia":[{"embeddable":true,"href":"https:\/\/www.geatech.it\/de\/wp-json\/wp\/v2\/media\/3370"}],"wp:attachment":[{"href":"https:\/\/www.geatech.it\/de\/wp-json\/wp\/v2\/media?parent=3374"}],"wp:term":[{"taxonomy":"product_cat","embeddable":true,"href":"https:\/\/www.geatech.it\/de\/wp-json\/wp\/v2\/product_cat?post=3374"},{"taxonomy":"product_tag","embeddable":true,"href":"https:\/\/www.geatech.it\/de\/wp-json\/wp\/v2\/product_tag?post=3374"}],"curies":[{"name":"wp","href":"https:\/\/api.w.org\/{rel}","templated":true}]}}