{"id":3554,"date":"2021-05-11T08:58:44","date_gmt":"2021-05-11T08:58:44","guid":{"rendered":"https:\/\/www.geatech.it\/zertifizierungen\/"},"modified":"2024-05-17T10:25:13","modified_gmt":"2024-05-17T10:25:13","slug":"zertifizierungen","status":"publish","type":"page","link":"https:\/\/www.geatech.it\/de\/zertifizierungen\/","title":{"rendered":"Zertifizierungen"},"content":{"rendered":"<p>[et_pb_section fb_built=&#8220;1&#8243; _builder_version=&#8220;4.16&#8243; _module_preset=&#8220;default&#8220; global_colors_info=&#8220;{}&#8220;][et_pb_row _builder_version=&#8220;4.16&#8243; _module_preset=&#8220;default&#8220; global_colors_info=&#8220;{}&#8220;][et_pb_column type=&#8220;4_4&#8243; _builder_version=&#8220;4.16&#8243; _module_preset=&#8220;default&#8220; global_colors_info=&#8220;{}&#8220;][et_pb_text _builder_version=&#8220;4.16&#8243; _module_preset=&#8220;default&#8220; global_colors_info=&#8220;{}&#8220;]<\/p>\n<h1>Geatech Group Srl<br \/>Zertifizierungen:<\/h1>\n<p>Geatech Group srl, \u00fcber die steigenden Marktbed\u00fcrfnisse bewusst, betrachtet Qualit\u00e4t und Umwelt als ma\u00dfgeblich zur Durchf\u00fchrung der Firmenstrategien und zur Optimierung der Herstellungsprozesse mit dem Ziel, Kunden- und Stakeholder-Zufriedenheit zu gew\u00e4hrleisten.<\/p>\n<p>Die Gesch\u00e4ftsleitung verpflichtet sich, eine daf\u00fcr vorgesehene Urkunde zu verbreiten, die Politik und Ma\u00dfnahmen im Hinblick auf Qualit\u00e4t und Umwelt ausdr\u00fcckt in dem Dokument \u201c5MM.2.1_ Politik f\u00fcr Qualit\u00e4t und Umwelt\u201d, von der Gesch\u00e4ftsleitung genehmigt und bei der mindestens j\u00e4hrlichen Nachpr\u00fcfung des Qualit\u00e4tssicherungssystems \u00fcberpr\u00fcft.<\/p>\n<p>[\/et_pb_text][\/et_pb_column][\/et_pb_row][et_pb_row column_structure=&#8220;1_2,1_2&#8243; _builder_version=&#8220;4.16&#8243; _module_preset=&#8220;default&#8220; global_colors_info=&#8220;{}&#8220;][et_pb_column type=&#8220;1_2&#8243; _builder_version=&#8220;4.16&#8243; _module_preset=&#8220;default&#8220; global_colors_info=&#8220;{}&#8220;][et_pb_text _builder_version=&#8220;4.25.1&#8243; _module_preset=&#8220;default&#8220; hover_enabled=&#8220;0&#8243; global_colors_info=&#8220;{}&#8220; sticky_enabled=&#8220;0&#8243;]<\/p>\n<h3><span><strong>UNI EN ISO 14001<\/strong><\/span><\/h3>\n<p>Entwurf, Herstellung und Wartung von Eisenbahnaufbauten; Zubeh\u00f6r und Ersatzteile (IAF 18).<\/p>\n<p><a target=\"_blank\" href=\"\/wp-content\/uploads\/2024\/05\/ISO-14001-Geatech-_-50-100-10602-Rev.005.pdf\" rel=\"noopener\"><img loading=\"lazy\" decoding=\"async\" src=\"\/wp-content\/uploads\/2024\/05\/geatech-iso-14001-2015.webp\" width=\"212\" height=\"300\" alt=\"certificazione ISO 9001-2015\" class=\"wp-image-1953 alignnone size-medium\" \/><\/a>[\/et_pb_text][\/et_pb_column][et_pb_column type=&#8220;1_2&#8243; _builder_version=&#8220;4.16&#8243; _module_preset=&#8220;default&#8220; global_colors_info=&#8220;{}&#8220;][et_pb_text _builder_version=&#8220;4.25.1&#8243; _module_preset=&#8220;default&#8220; hover_enabled=&#8220;0&#8243; global_colors_info=&#8220;{}&#8220; sticky_enabled=&#8220;0&#8243;]<\/p>\n<h3><span><strong>UNI EN ISO 9001<\/strong><\/span><\/h3>\n<p><span><strong><\/strong><\/span><\/p>\n<p><span><strong><\/strong><\/span><\/p>\n<p><span><strong><\/strong><\/span><\/p>\n<p><span><strong><\/strong><\/span><\/p>\n<p><a target=\"_blank\" href=\"\/wp-content\/uploads\/2024\/05\/ISO-9001-Geatech-_-50-100-12769-Rev.003.pdf\" rel=\"noopener\"><img loading=\"lazy\" decoding=\"async\" src=\"\/wp-content\/uploads\/2024\/05\/geatech-iso-9001-2015.webp\" width=\"212\" height=\"300\" alt=\"certificazione ISO 9001-2015\" class=\"wp-image-1953 alignnone size-medium\" \/><\/a><br \/>\n[\/et_pb_text][\/et_pb_column][\/et_pb_row][\/et_pb_section]<\/p>\n","protected":false},"excerpt":{"rendered":"<p>Geatech Group SrlZertifizierungen: Geatech Group srl, \u00fcber die steigenden Marktbed\u00fcrfnisse bewusst, betrachtet Qualit\u00e4t und Umwelt als ma\u00dfgeblich zur Durchf\u00fchrung der Firmenstrategien und zur Optimierung der Herstellungsprozesse mit dem Ziel, Kunden- und Stakeholder-Zufriedenheit zu gew\u00e4hrleisten. Die Gesch\u00e4ftsleitung verpflichtet sich, eine daf\u00fcr vorgesehene Urkunde zu verbreiten, die Politik und Ma\u00dfnahmen im Hinblick auf Qualit\u00e4t und Umwelt ausdr\u00fcckt [&hellip;]<\/p>\n","protected":false},"author":1,"featured_media":0,"parent":0,"menu_order":0,"comment_status":"closed","ping_status":"closed","template":"","meta":{"_et_pb_use_builder":"on","_et_pb_old_content":"","_et_gb_content_width":"","footnotes":""},"yoast_head":"<!-- This site is optimized with the Yoast SEO plugin v22.9 - https:\/\/yoast.com\/wordpress\/plugins\/seo\/ -->\n<title>Zertifizierungen | Geatech Eisenbahnger\u00e4te<\/title>\n<meta name=\"robots\" content=\"index, follow, max-snippet:-1, max-image-preview:large, max-video-preview:-1\" \/>\n<link rel=\"canonical\" href=\"https:\/\/www.geatech.it\/de\/zertifizierungen\/\" \/>\n<meta property=\"og:locale\" content=\"de_DE\" \/>\n<meta property=\"og:type\" content=\"article\" \/>\n<meta property=\"og:title\" content=\"Zertifizierungen | Geatech Eisenbahnger\u00e4te\" \/>\n<meta property=\"og:description\" content=\"Geatech Group SrlZertifizierungen: Geatech Group srl, \u00fcber die steigenden Marktbed\u00fcrfnisse bewusst, betrachtet Qualit\u00e4t und Umwelt als ma\u00dfgeblich zur Durchf\u00fchrung der Firmenstrategien und zur Optimierung der Herstellungsprozesse mit dem Ziel, Kunden- und Stakeholder-Zufriedenheit zu gew\u00e4hrleisten. Die Gesch\u00e4ftsleitung verpflichtet sich, eine daf\u00fcr vorgesehene Urkunde zu verbreiten, die Politik und Ma\u00dfnahmen im Hinblick auf Qualit\u00e4t und Umwelt ausdr\u00fcckt [&hellip;]\" \/>\n<meta property=\"og:url\" content=\"https:\/\/www.geatech.it\/de\/zertifizierungen\/\" \/>\n<meta property=\"og:site_name\" content=\"Geatech Eisenbahnger\u00e4te\" \/>\n<meta property=\"article:modified_time\" content=\"2024-05-17T10:25:13+00:00\" \/>\n<meta name=\"twitter:card\" content=\"summary_large_image\" \/>\n<meta name=\"twitter:label1\" content=\"Gesch\u00e4tzte Lesezeit\" \/>\n\t<meta name=\"twitter:data1\" content=\"1\u00a0Minute\" \/>\n<script type=\"application\/ld+json\" class=\"yoast-schema-graph\">{\"@context\":\"https:\/\/schema.org\",\"@graph\":[{\"@type\":\"WebPage\",\"@id\":\"https:\/\/www.geatech.it\/de\/zertifizierungen\/\",\"url\":\"https:\/\/www.geatech.it\/de\/zertifizierungen\/\",\"name\":\"Zertifizierungen | Geatech Eisenbahnger\u00e4te\",\"isPartOf\":{\"@id\":\"https:\/\/www.geatech.it\/#website\"},\"datePublished\":\"2021-05-11T08:58:44+00:00\",\"dateModified\":\"2024-05-17T10:25:13+00:00\",\"inLanguage\":\"de\",\"potentialAction\":[{\"@type\":\"ReadAction\",\"target\":[\"https:\/\/www.geatech.it\/de\/zertifizierungen\/\"]}]},{\"@type\":\"WebSite\",\"@id\":\"https:\/\/www.geatech.it\/#website\",\"url\":\"https:\/\/www.geatech.it\/\",\"name\":\"Geatech Eisenbahnger\u00e4te\",\"description\":\"Geatech Group\",\"publisher\":{\"@id\":\"https:\/\/www.geatech.it\/#organization\"},\"potentialAction\":[{\"@type\":\"SearchAction\",\"target\":{\"@type\":\"EntryPoint\",\"urlTemplate\":\"https:\/\/www.geatech.it\/?s={search_term_string}\"},\"query-input\":\"required name=search_term_string\"}],\"inLanguage\":\"de\"},{\"@type\":\"Organization\",\"@id\":\"https:\/\/www.geatech.it\/#organization\",\"name\":\"Geatech Srl\",\"url\":\"https:\/\/www.geatech.it\/\",\"logo\":{\"@type\":\"ImageObject\",\"inLanguage\":\"de\",\"@id\":\"https:\/\/www.geatech.it\/#\/schema\/logo\/image\/\",\"url\":\"https:\/\/www.geatech.it\/wp-content\/uploads\/2020\/11\/Logo-varianti-giallo-grande.001.png\",\"contentUrl\":\"https:\/\/www.geatech.it\/wp-content\/uploads\/2020\/11\/Logo-varianti-giallo-grande.001.png\",\"width\":500,\"height\":200,\"caption\":\"Geatech Srl\"},\"image\":{\"@id\":\"https:\/\/www.geatech.it\/#\/schema\/logo\/image\/\"}}]}<\/script>\n<!-- \/ Yoast SEO plugin. -->","yoast_head_json":{"title":"Zertifizierungen | Geatech Eisenbahnger\u00e4te","robots":{"index":"index","follow":"follow","max-snippet":"max-snippet:-1","max-image-preview":"max-image-preview:large","max-video-preview":"max-video-preview:-1"},"canonical":"https:\/\/www.geatech.it\/de\/zertifizierungen\/","og_locale":"de_DE","og_type":"article","og_title":"Zertifizierungen | Geatech Eisenbahnger\u00e4te","og_description":"Geatech Group SrlZertifizierungen: Geatech Group srl, \u00fcber die steigenden Marktbed\u00fcrfnisse bewusst, betrachtet Qualit\u00e4t und Umwelt als ma\u00dfgeblich zur Durchf\u00fchrung der Firmenstrategien und zur Optimierung der Herstellungsprozesse mit dem Ziel, Kunden- und Stakeholder-Zufriedenheit zu gew\u00e4hrleisten. Die Gesch\u00e4ftsleitung verpflichtet sich, eine daf\u00fcr vorgesehene Urkunde zu verbreiten, die Politik und Ma\u00dfnahmen im Hinblick auf Qualit\u00e4t und Umwelt ausdr\u00fcckt [&hellip;]","og_url":"https:\/\/www.geatech.it\/de\/zertifizierungen\/","og_site_name":"Geatech Eisenbahnger\u00e4te","article_modified_time":"2024-05-17T10:25:13+00:00","twitter_card":"summary_large_image","twitter_misc":{"Gesch\u00e4tzte Lesezeit":"1\u00a0Minute"},"schema":{"@context":"https:\/\/schema.org","@graph":[{"@type":"WebPage","@id":"https:\/\/www.geatech.it\/de\/zertifizierungen\/","url":"https:\/\/www.geatech.it\/de\/zertifizierungen\/","name":"Zertifizierungen | Geatech Eisenbahnger\u00e4te","isPartOf":{"@id":"https:\/\/www.geatech.it\/#website"},"datePublished":"2021-05-11T08:58:44+00:00","dateModified":"2024-05-17T10:25:13+00:00","inLanguage":"de","potentialAction":[{"@type":"ReadAction","target":["https:\/\/www.geatech.it\/de\/zertifizierungen\/"]}]},{"@type":"WebSite","@id":"https:\/\/www.geatech.it\/#website","url":"https:\/\/www.geatech.it\/","name":"Geatech Eisenbahnger\u00e4te","description":"Geatech Group","publisher":{"@id":"https:\/\/www.geatech.it\/#organization"},"potentialAction":[{"@type":"SearchAction","target":{"@type":"EntryPoint","urlTemplate":"https:\/\/www.geatech.it\/?s={search_term_string}"},"query-input":"required name=search_term_string"}],"inLanguage":"de"},{"@type":"Organization","@id":"https:\/\/www.geatech.it\/#organization","name":"Geatech Srl","url":"https:\/\/www.geatech.it\/","logo":{"@type":"ImageObject","inLanguage":"de","@id":"https:\/\/www.geatech.it\/#\/schema\/logo\/image\/","url":"https:\/\/www.geatech.it\/wp-content\/uploads\/2020\/11\/Logo-varianti-giallo-grande.001.png","contentUrl":"https:\/\/www.geatech.it\/wp-content\/uploads\/2020\/11\/Logo-varianti-giallo-grande.001.png","width":500,"height":200,"caption":"Geatech Srl"},"image":{"@id":"https:\/\/www.geatech.it\/#\/schema\/logo\/image\/"}}]}},"_links":{"self":[{"href":"https:\/\/www.geatech.it\/de\/wp-json\/wp\/v2\/pages\/3554"}],"collection":[{"href":"https:\/\/www.geatech.it\/de\/wp-json\/wp\/v2\/pages"}],"about":[{"href":"https:\/\/www.geatech.it\/de\/wp-json\/wp\/v2\/types\/page"}],"author":[{"embeddable":true,"href":"https:\/\/www.geatech.it\/de\/wp-json\/wp\/v2\/users\/1"}],"replies":[{"embeddable":true,"href":"https:\/\/www.geatech.it\/de\/wp-json\/wp\/v2\/comments?post=3554"}],"version-history":[{"count":5,"href":"https:\/\/www.geatech.it\/de\/wp-json\/wp\/v2\/pages\/3554\/revisions"}],"predecessor-version":[{"id":7118,"href":"https:\/\/www.geatech.it\/de\/wp-json\/wp\/v2\/pages\/3554\/revisions\/7118"}],"wp:attachment":[{"href":"https:\/\/www.geatech.it\/de\/wp-json\/wp\/v2\/media?parent=3554"}],"curies":[{"name":"wp","href":"https:\/\/api.w.org\/{rel}","templated":true}]}}